{"id":1765,"date":"2016-06-28T13:05:12","date_gmt":"2016-06-28T13:05:12","guid":{"rendered":"http:\/\/eurojuntas.es\/gurenet\/de\/certificaciones\/"},"modified":"2023-12-15T15:21:48","modified_gmt":"2023-12-15T13:21:48","slug":"certificaciones","status":"publish","type":"page","link":"https:\/\/eurojuntas.es\/de\/certificaciones\/","title":{"rendered":"Zertifizierungen"},"content":{"rendered":"\n<div class=\"wp-block-group has-text-align-center certificaciones is-layout-constrained wp-block-group-is-layout-constrained\">\n<div class=\"wp-block-columns is-layout-flex wp-container-core-columns-is-layout-28f84493 wp-block-columns-is-layout-flex\">\n<div class=\"wp-block-column is-layout-flow wp-block-column-is-layout-flow\">\n<figure class=\"wp-block-image size-full\"><img loading=\"lazy\" decoding=\"async\" width=\"250\" height=\"125\" src=\"https:\/\/eurojuntas.es\/wp-content\/uploads\/2016\/06\/iso.gif\" alt=\"\" class=\"wp-image-1367\"\/><\/figure>\n\n\n\n<p><strong>ISO 9001:2015<\/strong><\/p>\n\n\n\n<p>Unser Unternehmen ist gem\u00e4\u00df der ISO-Norm 9001:2015 zertifiziert<\/p>\n<\/div>\n\n\n\n<div class=\"wp-block-column is-layout-flow wp-block-column-is-layout-flow\">\n<figure class=\"wp-block-image size-full\"><img loading=\"lazy\" decoding=\"async\" width=\"250\" height=\"125\" src=\"https:\/\/eurojuntas.es\/wp-content\/uploads\/2016\/06\/reach.gif\" alt=\"\" class=\"wp-image-1366\"\/><\/figure>\n\n\n\n<p><strong>REACH<\/strong><\/p>\n\n\n\n<p>Unsere Materialien halten sich an die Richtlinie REACH<\/p>\n<\/div>\n\n\n\n<div class=\"wp-block-column is-layout-flow wp-block-column-is-layout-flow\">\n<figure class=\"wp-block-image size-full\"><img loading=\"lazy\" decoding=\"async\" width=\"250\" height=\"125\" src=\"https:\/\/eurojuntas.es\/wp-content\/uploads\/2016\/06\/rohs.gif\" alt=\"\" class=\"wp-image-1365\"\/><\/figure>\n\n\n\n<p><strong>RoHS<\/strong><\/p>\n\n\n\n<p>Unsere Materialien halten sich an die Richtlinie RoHS<\/p>\n<\/div>\n\n\n\n<div class=\"wp-block-column is-layout-flow wp-block-column-is-layout-flow\">\n<figure class=\"wp-block-image size-full\"><img loading=\"lazy\" decoding=\"async\" width=\"250\" height=\"125\" src=\"https:\/\/eurojuntas.es\/wp-content\/uploads\/2016\/06\/dvgw.gif\" alt=\"\" class=\"wp-image-1347\"\/><\/figure>\n\n\n\n<p><strong>DVGW<\/strong><\/p>\n\n\n\n<p>Deutsche Zertifizierung f\u00fcr Gas<\/p>\n<\/div>\n\n\n\n<div class=\"wp-block-column is-layout-flow wp-block-column-is-layout-flow\">\n<figure class=\"wp-block-image size-full\"><img loading=\"lazy\" decoding=\"async\" width=\"250\" height=\"125\" src=\"https:\/\/eurojuntas.es\/wp-content\/uploads\/2016\/06\/fda.gif\" alt=\"\" class=\"wp-image-1353\"\/><\/figure>\n\n\n\n<p><strong>FDA<\/strong><\/p>\n\n\n\n<p>Zertifizierung f\u00fcr den Lebensmittelkontakt<\/p>\n<\/div>\n<\/div>\n\n\n\n<div class=\"wp-block-columns is-layout-flex wp-container-core-columns-is-layout-28f84493 wp-block-columns-is-layout-flex\">\n<div class=\"wp-block-column is-layout-flow wp-block-column-is-layout-flow\">\n<figure class=\"wp-block-image size-full\"><img loading=\"lazy\" decoding=\"async\" width=\"250\" height=\"125\" src=\"https:\/\/eurojuntas.es\/wp-content\/uploads\/2016\/06\/tzw.gif\" alt=\"\" class=\"wp-image-1355\"\/><\/figure>\n\n\n\n<p><strong>Elastomer guideline<\/strong><\/p>\n\n\n\n<p>Deutsche Zertifizierung f\u00fcr Trinkwasser<\/p>\n<\/div>\n\n\n\n<div class=\"wp-block-column is-layout-flow wp-block-column-is-layout-flow\">\n<figure class=\"wp-block-image size-full\"><img loading=\"lazy\" decoding=\"async\" width=\"250\" height=\"125\" src=\"https:\/\/eurojuntas.es\/wp-content\/uploads\/2016\/06\/dvgw.gif\" alt=\"\" class=\"wp-image-1347\"\/><\/figure>\n\n\n\n<p><strong>Arbeitsbulletin von DVGW W270<\/strong><\/p>\n\n\n\n<p>Mikrobiologische Eignung<\/p>\n<\/div>\n\n\n\n<div class=\"wp-block-column is-layout-flow wp-block-column-is-layout-flow\">\n<figure class=\"wp-block-image size-full\"><img loading=\"lazy\" decoding=\"async\" width=\"250\" height=\"125\" src=\"https:\/\/eurojuntas.es\/wp-content\/uploads\/2016\/06\/wras.gif\" alt=\"\" class=\"wp-image-1358\"\/><\/figure>\n\n\n\n<p><strong>WRAS<\/strong><\/p>\n\n\n\n<p>British Certification for Drinking Water<\/p>\n<\/div>\n\n\n\n<div class=\"wp-block-column is-layout-flow wp-block-column-is-layout-flow\">\n<figure class=\"wp-block-image size-full\"><img loading=\"lazy\" decoding=\"async\" width=\"250\" height=\"125\" src=\"https:\/\/eurojuntas.es\/wp-content\/uploads\/2016\/06\/dvgw.gif\" alt=\"\" class=\"wp-image-1347\"\/><\/figure>\n\n\n\n<p><strong>VP 401<\/strong><\/p>\n\n\n\n<p>Certificate for gaskets in gas meters<\/p>\n<\/div>\n\n\n\n<div class=\"wp-block-column is-layout-flow wp-block-column-is-layout-flow\">\n<figure class=\"wp-block-image size-full\"><img loading=\"lazy\" decoding=\"async\" width=\"250\" height=\"125\" src=\"https:\/\/eurojuntas.es\/wp-content\/uploads\/2016\/06\/dvgw.gif\" alt=\"\" class=\"wp-image-1347\"\/><\/figure>\n\n\n\n<p><strong>HTB<\/strong><\/p>\n\n\n\n<p>Suitablefor gas meters, according to DIN 3376 parts 1 and 2.<\/p>\n<\/div>\n<\/div>\n\n\n\n<div class=\"wp-block-columns is-layout-flex wp-container-core-columns-is-layout-28f84493 wp-block-columns-is-layout-flex\">\n<div class=\"wp-block-column is-layout-flow wp-block-column-is-layout-flow\">\n<figure class=\"wp-block-image size-full\"><img loading=\"lazy\" decoding=\"async\" width=\"250\" height=\"125\" src=\"https:\/\/eurojuntas.es\/wp-content\/uploads\/2023\/10\/document.png\" alt=\"\" class=\"wp-image-3005\"\/><\/figure>\n\n\n\n<p><strong>FireSafeTest<\/strong><\/p>\n\n\n\n<p>High Thermal Resistance Certificate<\/p>\n<\/div>\n\n\n\n<div class=\"wp-block-column is-layout-flow wp-block-column-is-layout-flow\">\n<figure class=\"wp-block-image size-full\"><img loading=\"lazy\" decoding=\"async\" width=\"250\" height=\"125\" src=\"https:\/\/eurojuntas.es\/wp-content\/uploads\/2016\/06\/bam.gif\" alt=\"\" class=\"wp-image-1362\"\/><\/figure>\n\n\n\n<p><strong>BAM<\/strong><\/p>\n\n\n\n<p>Certificate of gaskets for flanged jointsonoxygen pipes and fittings<\/p>\n<\/div>\n\n\n\n<div class=\"wp-block-column is-layout-flow wp-block-column-is-layout-flow\">\n<figure class=\"wp-block-image size-full\"><img loading=\"lazy\" decoding=\"async\" width=\"250\" height=\"125\" src=\"https:\/\/eurojuntas.es\/wp-content\/uploads\/2023\/10\/document.png\" alt=\"\" class=\"wp-image-3005\"\/><\/figure>\n\n\n\n<p><strong>TA-Luft<\/strong><\/p>\n\n\n\n<p>Air Quality Guidelines<\/p>\n<\/div>\n\n\n\n<div class=\"wp-block-column is-layout-flow wp-block-column-is-layout-flow\">\n<figure class=\"wp-block-image size-full\"><img loading=\"lazy\" decoding=\"async\" width=\"250\" height=\"125\" src=\"https:\/\/eurojuntas.es\/wp-content\/uploads\/2023\/10\/document.png\" alt=\"\" class=\"wp-image-3005\"\/><\/figure>\n\n\n\n<p><strong>Grade X \/ Y<\/strong><\/p>\n\n\n\n<p>According to British Standard BS 7531<\/p>\n<\/div>\n\n\n\n<div class=\"wp-block-column is-layout-flow wp-block-column-is-layout-flow\">\n<figure class=\"wp-block-image size-full\"><img loading=\"lazy\" decoding=\"async\" width=\"250\" height=\"125\" src=\"https:\/\/eurojuntas.es\/wp-content\/uploads\/2016\/06\/dnvgl.gif\" alt=\"\" class=\"wp-image-1363\"\/><\/figure>\n\n\n\n<p><strong>Germanischer Lloyd (DNV GL)<\/strong><\/p>\n\n\n\n<p>Certificate for shipbuilding use<\/p>\n<\/div>\n<\/div>\n<\/div>\n","protected":false},"excerpt":{"rendered":"<p>ISO 9001:2015 Unser Unternehmen ist gem\u00e4\u00df der ISO-Norm 9001:2015 zertifiziert REACH Unsere Materialien halten sich an die Richtlinie REACH RoHS Unsere Materialien halten sich an die Richtlinie RoHS DVGW Deutsche Zertifizierung f\u00fcr Gas FDA Zertifizierung f\u00fcr den Lebensmittelkontakt Elastomer guideline Deutsche Zertifizierung f\u00fcr Trinkwasser Arbeitsbulletin von DVGW W270 Mikrobiologische Eignung WRAS British Certification for Drinking [&hellip;]<\/p>\n","protected":false},"author":1,"featured_media":0,"parent":0,"menu_order":5,"comment_status":"closed","ping_status":"closed","template":"","meta":{"site-sidebar-layout":"default","site-content-layout":"","ast-site-content-layout":"default","site-content-style":"default","site-sidebar-style":"default","ast-global-header-display":"","ast-banner-title-visibility":"","ast-main-header-display":"","ast-hfb-above-header-display":"","ast-hfb-below-header-display":"","ast-hfb-mobile-header-display":"","site-post-title":"","ast-breadcrumbs-content":"","ast-featured-img":"","footer-sml-layout":"","ast-disable-related-posts":"","theme-transparent-header-meta":"","adv-header-id-meta":"","stick-header-meta":"","header-above-stick-meta":"","header-main-stick-meta":"","header-below-stick-meta":"","astra-migrate-meta-layouts":"default","ast-page-background-enabled":"default","ast-page-background-meta":{"desktop":{"background-color":"var(--ast-global-color-4)","background-image":"","background-repeat":"repeat","background-position":"center center","background-size":"auto","background-attachment":"scroll","background-type":"","background-media":"","overlay-type":"","overlay-color":"","overlay-opacity":"","overlay-gradient":""},"tablet":{"background-color":"","background-image":"","background-repeat":"repeat","background-position":"center center","background-size":"auto","background-attachment":"scroll","background-type":"","background-media":"","overlay-type":"","overlay-color":"","overlay-opacity":"","overlay-gradient":""},"mobile":{"background-color":"","background-image":"","background-repeat":"repeat","background-position":"center center","background-size":"auto","background-attachment":"scroll","background-type":"","background-media":"","overlay-type":"","overlay-color":"","overlay-opacity":"","overlay-gradient":""}},"ast-content-background-meta":{"desktop":{"background-color":"var(--ast-global-color-5)","background-image":"","background-repeat":"repeat","background-position":"center center","background-size":"auto","background-attachment":"scroll","background-type":"","background-media":"","overlay-type":"","overlay-color":"","overlay-opacity":"","overlay-gradient":""},"tablet":{"background-color":"var(--ast-global-color-5)","background-image":"","background-repeat":"repeat","background-position":"center center","background-size":"auto","background-attachment":"scroll","background-type":"","background-media":"","overlay-type":"","overlay-color":"","overlay-opacity":"","overlay-gradient":""},"mobile":{"background-color":"var(--ast-global-color-5)","background-image":"","background-repeat":"repeat","background-position":"center center","background-size":"auto","background-attachment":"scroll","background-type":"","background-media":"","overlay-type":"","overlay-color":"","overlay-opacity":"","overlay-gradient":""}},"footnotes":""},"class_list":["post-1765","page","type-page","status-publish","hentry"],"_links":{"self":[{"href":"https:\/\/eurojuntas.es\/de\/wp-json\/wp\/v2\/pages\/1765","targetHints":{"allow":["GET"]}}],"collection":[{"href":"https:\/\/eurojuntas.es\/de\/wp-json\/wp\/v2\/pages"}],"about":[{"href":"https:\/\/eurojuntas.es\/de\/wp-json\/wp\/v2\/types\/page"}],"author":[{"embeddable":true,"href":"https:\/\/eurojuntas.es\/de\/wp-json\/wp\/v2\/users\/1"}],"replies":[{"embeddable":true,"href":"https:\/\/eurojuntas.es\/de\/wp-json\/wp\/v2\/comments?post=1765"}],"version-history":[{"count":0,"href":"https:\/\/eurojuntas.es\/de\/wp-json\/wp\/v2\/pages\/1765\/revisions"}],"wp:attachment":[{"href":"https:\/\/eurojuntas.es\/de\/wp-json\/wp\/v2\/media?parent=1765"}],"curies":[{"name":"wp","href":"https:\/\/api.w.org\/{rel}","templated":true}]}}