{"id":1776,"date":"2016-06-28T13:04:32","date_gmt":"2016-06-28T13:04:32","guid":{"rendered":"http:\/\/eurojuntas.es\/gurenet\/de\/empresa\/"},"modified":"2023-12-14T21:49:04","modified_gmt":"2023-12-14T19:49:04","slug":"empresa","status":"publish","type":"page","link":"https:\/\/eurojuntas.es\/de\/empresa\/","title":{"rendered":"Unternehmen"},"content":{"rendered":"\n<div class=\"wp-block-columns is-layout-flex wp-container-core-columns-is-layout-28f84493 wp-block-columns-is-layout-flex\">\n<div class=\"wp-block-column is-layout-flow wp-block-column-is-layout-flow\" style=\"flex-basis:33.33%\">\n<h2 class=\"wp-block-heading\"><strong>Unternehmen<\/strong><\/h2>\n\n\n\n<p><strong>EURO-JUNTAS<\/strong> wurde 2008 von hochqualifizierten Personen mit Erfahrungen in Unternehmen aus dem Sektor gegr\u00fcndet. Diese Erfahrung im Bereich der Wasserundurchl\u00e4ssigkeitsdichtungen und ein breiter Wissenshorizont in Bezug auf Markt, Kunden und Lieferanten, hat sich seit der Schaffung auf die europ\u00e4ischen M\u00e4rkte und den Rest der Welt erstreckt.<br>Dank seines breiten Wissenhorizonts ist Euro-Juntas seinen Kunden noch n\u00e4her und entwickelt dabei neue Projekte und hilft dabei, die besten L\u00f6sungen zu bieten. Aus diesem Grund, sind wir aktuell ein Unternehmen mit hoher Produktivit\u00e4t und ein wahrhafter Experte in gro\u00dfen Serien.<\/p>\n<\/div>\n\n\n\n<div class=\"wp-block-column is-layout-flow wp-block-column-is-layout-flow\" style=\"flex-basis:66.66%\">\n<h2 class=\"wp-block-heading\"><strong>Herstellung<\/strong><\/h2>\n\n\n\n<p>Wir verf\u00fcgen \u00fcber drei Herstellungssektionen:<\/p>\n\n\n\n<div class=\"wp-block-columns is-layout-flex wp-container-core-columns-is-layout-28f84493 wp-block-columns-is-layout-flex\">\n<div class=\"wp-block-column is-layout-flow wp-block-column-is-layout-flow\">\n<p><strong>Lange Serien:<\/strong><br>F\u00fcr Teile ab 2 mm bis 90 mm. Diese werden mit wirtschaftlichen Werkzeugformen hergestellt. Ihre Kapazit\u00e4t pro Maschine betr\u00e4gt 30.000 Einheiten pro Stunde.<\/p>\n<\/div>\n\n\n\n<div class=\"wp-block-column is-layout-flow wp-block-column-is-layout-flow\">\n<p><strong>Mittlere Serien<\/strong><br>F\u00fcr Teile mit einer Gr\u00f6\u00dfe zwischen 15 mm und 400 mm. Hergestellt mit wirtschaftlichen Werkzeugformen. Ihre Kapazit\u00e4t betr\u00e4gt 3.000 bis 18.000 Teile pro Stunde je nach Gr\u00f6\u00dfe des Teils.<\/p>\n<\/div>\n\n\n\n<div class=\"wp-block-column is-layout-flow wp-block-column-is-layout-flow\">\n<p><strong>Kurze Serien:<\/strong><br>Schneidtisch mit 3.000 x 1.500 mm. F\u00fcr die Herstellung von Teilen bis zu 3 Metern.&nbsp; Ben\u00f6tigt keine Form f\u00fcr die Herstellung,&nbsp; was ein gro\u00dfes Ersparnis bei kleineren Mengen bedeutet.<\/p>\n<\/div>\n<\/div>\n\n\n\n<div class=\"wp-block-columns is-layout-flex wp-container-core-columns-is-layout-28f84493 wp-block-columns-is-layout-flex\">\n<div class=\"wp-block-column is-layout-flow wp-block-column-is-layout-flow\">\n<figure class=\"wp-block-image size-full\"><img loading=\"lazy\" decoding=\"async\" width=\"480\" height=\"260\" src=\"https:\/\/eurojuntas.es\/wp-content\/uploads\/2016\/06\/maquina-flas-480x260-2.jpg\" alt=\"\" class=\"wp-image-2726\"\/><\/figure>\n<\/div>\n\n\n\n<div class=\"wp-block-column is-layout-flow wp-block-column-is-layout-flow\">\n<figure class=\"wp-block-image size-full\"><img loading=\"lazy\" decoding=\"async\" width=\"480\" height=\"260\" src=\"https:\/\/eurojuntas.es\/wp-content\/uploads\/2016\/06\/maquina-quasar-480x277-2.jpg\" alt=\"\" class=\"wp-image-2730\"\/><\/figure>\n<\/div>\n\n\n\n<div class=\"wp-block-column is-layout-flow wp-block-column-is-layout-flow\">\n<figure class=\"wp-block-image size-full\"><img loading=\"lazy\" decoding=\"async\" width=\"631\" height=\"342\" src=\"https:\/\/eurojuntas.es\/wp-content\/uploads\/2016\/06\/maquina-flas.jpg\" alt=\"\" class=\"wp-image-2714\" srcset=\"https:\/\/eurojuntas.es\/wp-content\/uploads\/2016\/06\/maquina-flas.jpg 631w, https:\/\/eurojuntas.es\/wp-content\/uploads\/2016\/06\/maquina-flas-480x260.jpg 480w\" sizes=\"auto, (max-width: 631px) 100vw, 631px\" \/><\/figure>\n<\/div>\n<\/div>\n<\/div>\n<\/div>\n","protected":false},"excerpt":{"rendered":"<p>Unternehmen EURO-JUNTAS wurde 2008 von hochqualifizierten Personen mit Erfahrungen in Unternehmen aus dem Sektor gegr\u00fcndet. Diese Erfahrung im Bereich der Wasserundurchl\u00e4ssigkeitsdichtungen und ein breiter Wissenshorizont in Bezug auf Markt, Kunden und Lieferanten, hat sich seit der Schaffung auf die europ\u00e4ischen M\u00e4rkte und den Rest der Welt erstreckt.Dank seines breiten Wissenhorizonts ist Euro-Juntas seinen Kunden noch [&hellip;]<\/p>\n","protected":false},"author":1,"featured_media":0,"parent":0,"menu_order":5,"comment_status":"closed","ping_status":"closed","template":"","meta":{"site-sidebar-layout":"default","site-content-layout":"","ast-site-content-layout":"default","site-content-style":"default","site-sidebar-style":"default","ast-global-header-display":"","ast-banner-title-visibility":"","ast-main-header-display":"","ast-hfb-above-header-display":"","ast-hfb-below-header-display":"","ast-hfb-mobile-header-display":"","site-post-title":"","ast-breadcrumbs-content":"","ast-featured-img":"","footer-sml-layout":"","ast-disable-related-posts":"","theme-transparent-header-meta":"","adv-header-id-meta":"","stick-header-meta":"","header-above-stick-meta":"","header-main-stick-meta":"","header-below-stick-meta":"","astra-migrate-meta-layouts":"default","ast-page-background-enabled":"default","ast-page-background-meta":{"desktop":{"background-color":"var(--ast-global-color-4)","background-image":"","background-repeat":"repeat","background-position":"center center","background-size":"auto","background-attachment":"scroll","background-type":"","background-media":"","overlay-type":"","overlay-color":"","overlay-opacity":"","overlay-gradient":""},"tablet":{"background-color":"","background-image":"","background-repeat":"repeat","background-position":"center center","background-size":"auto","background-attachment":"scroll","background-type":"","background-media":"","overlay-type":"","overlay-color":"","overlay-opacity":"","overlay-gradient":""},"mobile":{"background-color":"","background-image":"","background-repeat":"repeat","background-position":"center center","background-size":"auto","background-attachment":"scroll","background-type":"","background-media":"","overlay-type":"","overlay-color":"","overlay-opacity":"","overlay-gradient":""}},"ast-content-background-meta":{"desktop":{"background-color":"var(--ast-global-color-5)","background-image":"","background-repeat":"repeat","background-position":"center center","background-size":"auto","background-attachment":"scroll","background-type":"","background-media":"","overlay-type":"","overlay-color":"","overlay-opacity":"","overlay-gradient":""},"tablet":{"background-color":"var(--ast-global-color-5)","background-image":"","background-repeat":"repeat","background-position":"center center","background-size":"auto","background-attachment":"scroll","background-type":"","background-media":"","overlay-type":"","overlay-color":"","overlay-opacity":"","overlay-gradient":""},"mobile":{"background-color":"var(--ast-global-color-5)","background-image":"","background-repeat":"repeat","background-position":"center center","background-size":"auto","background-attachment":"scroll","background-type":"","background-media":"","overlay-type":"","overlay-color":"","overlay-opacity":"","overlay-gradient":""}},"footnotes":""},"class_list":["post-1776","page","type-page","status-publish","hentry"],"_links":{"self":[{"href":"https:\/\/eurojuntas.es\/de\/wp-json\/wp\/v2\/pages\/1776","targetHints":{"allow":["GET"]}}],"collection":[{"href":"https:\/\/eurojuntas.es\/de\/wp-json\/wp\/v2\/pages"}],"about":[{"href":"https:\/\/eurojuntas.es\/de\/wp-json\/wp\/v2\/types\/page"}],"author":[{"embeddable":true,"href":"https:\/\/eurojuntas.es\/de\/wp-json\/wp\/v2\/users\/1"}],"replies":[{"embeddable":true,"href":"https:\/\/eurojuntas.es\/de\/wp-json\/wp\/v2\/comments?post=1776"}],"version-history":[{"count":0,"href":"https:\/\/eurojuntas.es\/de\/wp-json\/wp\/v2\/pages\/1776\/revisions"}],"wp:attachment":[{"href":"https:\/\/eurojuntas.es\/de\/wp-json\/wp\/v2\/media?parent=1776"}],"curies":[{"name":"wp","href":"https:\/\/api.w.org\/{rel}","templated":true}]}}