{"id":1791,"date":"2016-09-15T10:18:31","date_gmt":"2016-09-15T08:18:31","guid":{"rendered":"http:\/\/eurojuntas.es\/gurenet\/de\/cartones-comprimidos\/afm-30\/"},"modified":"2023-11-09T13:35:52","modified_gmt":"2023-11-09T11:35:52","slug":"afm-30","status":"publish","type":"page","link":"https:\/\/eurojuntas.es\/de\/cartones-comprimidos\/afm-30\/","title":{"rendered":"AFM 30"},"content":{"rendered":"\n<p><strong>Werkstoff<\/strong><\/p>\n\n\n\n<p>AFM 30&nbsp;ist ein asbestfreies Dichtungsmaterial. Es enth\u00e4lt Aramidfasern und weitere hochtemperaturbest\u00e4ndige Asbestsubstitute, die unter erh\u00f6htem Druck und erh\u00f6hter Temperatur mit hochwertigen Elastomeren verarbeitet sind.<\/p>\n\n\n\n<p><strong>Eigenschaften<\/strong><\/p>\n\n\n\n<p>AFM 30&nbsp;ist anpassungsf\u00e4hig und besitzt eine sehr gute mechanisch-thermische Festigkeit, was auch die hohe Druckstandfestigkeit belegt. Es eignet sich hervorragend zur Abdichtung von Gasen und Fl\u00fcssigkeiten.<\/p>\n\n\n\n<p><strong>Anwendung<\/strong><\/p>\n\n\n\n<ul class=\"wp-block-list\">\n<li>in Kompressoren, Rohrleitungen, Apparaten, Getrieben, Gasz\u00e4hlern und Verbrennungsmotoren<\/li>\n\n\n\n<li>zur Abdichtung von Getriebe-, Hydraulik-, K\u00e4lte- und Motor\u00f6len sowie Kraftstoffen<\/li>\n\n\n\n<li>gegen Gemische aus Wasser mit Frost- und Korrosionsschutzmitteln<\/li>\n\n\n\n<li>gegen Frigene\/Freone, Laugen und L\u00f6sungsmittel<\/li>\n<\/ul>\n\n\n\n<p><strong>Oberfl\u00e4chen<\/strong><\/p>\n\n\n\n<p>AFM 30&nbsp;besitzt standardm\u00e4\u00dfig auf beiden Oberfl\u00e4chen eine den Ausbau erleichternde Trenndecke (TD 2) mit hohem Reibwert. Eine zus\u00e4tzliche Oberfl\u00e4chenbehandlung er\u00fcbrigt sich dadurch in den meisten F\u00e4llen.<\/p>\n\n\n\n<p><strong>Freigaben<\/strong><\/p>\n\n\n\n<p>DVGW \/ VP 401 (HTB) \/ BAM \/ Germanischer Lloyd&nbsp;(DNV GL)<\/p>\n","protected":false},"excerpt":{"rendered":"<p>ist ein asbestfreies Dichtungsmaterial. Es enth\u00e4lt Aramidfasern und weitere hochtemperaturbest\u00e4ndige Asbestsubstitute,<\/p>\n","protected":false},"author":1,"featured_media":2675,"parent":1786,"menu_order":10,"comment_status":"closed","ping_status":"closed","template":"","meta":{"site-sidebar-layout":"default","site-content-layout":"","ast-site-content-layout":"default","site-content-style":"default","site-sidebar-style":"default","ast-global-header-display":"","ast-banner-title-visibility":"","ast-main-header-display":"","ast-hfb-above-header-display":"","ast-hfb-below-header-display":"","ast-hfb-mobile-header-display":"","site-post-title":"","ast-breadcrumbs-content":"","ast-featured-img":"","footer-sml-layout":"","ast-disable-related-posts":"","theme-transparent-header-meta":"","adv-header-id-meta":"","stick-header-meta":"","header-above-stick-meta":"","header-main-stick-meta":"","header-below-stick-meta":"","astra-migrate-meta-layouts":"default","ast-page-background-enabled":"default","ast-page-background-meta":{"desktop":{"background-color":"var(--ast-global-color-4)","background-image":"","background-repeat":"repeat","background-position":"center center","background-size":"auto","background-attachment":"scroll","background-type":"","background-media":"","overlay-type":"","overlay-color":"","overlay-opacity":"","overlay-gradient":""},"tablet":{"background-color":"","background-image":"","background-repeat":"repeat","background-position":"center center","background-size":"auto","background-attachment":"scroll","background-type":"","background-media":"","overlay-type":"","overlay-color":"","overlay-opacity":"","overlay-gradient":""},"mobile":{"background-color":"","background-image":"","background-repeat":"repeat","background-position":"center center","background-size":"auto","background-attachment":"scroll","background-type":"","background-media":"","overlay-type":"","overlay-color":"","overlay-opacity":"","overlay-gradient":""}},"ast-content-background-meta":{"desktop":{"background-color":"var(--ast-global-color-5)","background-image":"","background-repeat":"repeat","background-position":"center center","background-size":"auto","background-attachment":"scroll","background-type":"","background-media":"","overlay-type":"","overlay-color":"","overlay-opacity":"","overlay-gradient":""},"tablet":{"background-color":"var(--ast-global-color-5)","background-image":"","background-repeat":"repeat","background-position":"center center","background-size":"auto","background-attachment":"scroll","background-type":"","background-media":"","overlay-type":"","overlay-color":"","overlay-opacity":"","overlay-gradient":""},"mobile":{"background-color":"var(--ast-global-color-5)","background-image":"","background-repeat":"repeat","background-position":"center center","background-size":"auto","background-attachment":"scroll","background-type":"","background-media":"","overlay-type":"","overlay-color":"","overlay-opacity":"","overlay-gradient":""}},"footnotes":""},"class_list":["post-1791","page","type-page","status-publish","has-post-thumbnail","hentry"],"_links":{"self":[{"href":"https:\/\/eurojuntas.es\/de\/wp-json\/wp\/v2\/pages\/1791","targetHints":{"allow":["GET"]}}],"collection":[{"href":"https:\/\/eurojuntas.es\/de\/wp-json\/wp\/v2\/pages"}],"about":[{"href":"https:\/\/eurojuntas.es\/de\/wp-json\/wp\/v2\/types\/page"}],"author":[{"embeddable":true,"href":"https:\/\/eurojuntas.es\/de\/wp-json\/wp\/v2\/users\/1"}],"replies":[{"embeddable":true,"href":"https:\/\/eurojuntas.es\/de\/wp-json\/wp\/v2\/comments?post=1791"}],"version-history":[{"count":0,"href":"https:\/\/eurojuntas.es\/de\/wp-json\/wp\/v2\/pages\/1791\/revisions"}],"up":[{"embeddable":true,"href":"https:\/\/eurojuntas.es\/de\/wp-json\/wp\/v2\/pages\/1786"}],"wp:featuredmedia":[{"embeddable":true,"href":"https:\/\/eurojuntas.es\/de\/wp-json\/wp\/v2\/media\/2675"}],"wp:attachment":[{"href":"https:\/\/eurojuntas.es\/de\/wp-json\/wp\/v2\/media?parent=1791"}],"curies":[{"name":"wp","href":"https:\/\/api.w.org\/{rel}","templated":true}]}}