{"id":1802,"date":"2016-09-15T09:45:15","date_gmt":"2016-09-15T09:45:15","guid":{"rendered":"http:\/\/eurojuntas.es\/gurenet\/de\/cartones-comprimidos\/afm-34\/"},"modified":"2023-11-09T13:14:52","modified_gmt":"2023-11-09T11:14:52","slug":"afm-34","status":"publish","type":"page","link":"https:\/\/eurojuntas.es\/de\/cartones-comprimidos\/afm-34\/","title":{"rendered":"AFM 34"},"content":{"rendered":"\n<p><strong>Werkstoff<\/strong><br>AFM 34\u00a0ist ein asbestfreies Dichtungsmaterial. Es enth\u00e4lt Aramidfasern, anorganische F\u00fcllstoffe und weitere hochtemperaturbest\u00e4ndige Substanzen, die unter erh\u00f6htem Druck und erh\u00f6hter Temperatur mit hochwertigen Elastomeren hochfest und besonders gasdicht gebunden sind.<\/p>\n\n\n\n<p><strong>Eigenschaften<\/strong><br><strong>AFM 34<\/strong>&nbsp;enth\u00e4lt keinerlei physiologisch bedenkliche Stoffe und keine Farbzus\u00e4tze.<\/p>\n\n\n\n<p><strong>AFM 34<\/strong>&nbsp;zeichnet sich aus durch eine hohe Zug-, Druck- und Scherfestigkeit. Das Material eignet sich hervorragend zur Abdichtung von Gasen und Fl\u00fcssigkeiten, zum Beispiel von \u00d6len, L\u00f6sungsmitteln, Kraftstoffen, Frigenen, Fl\u00fcssiggasen, Wasser-Frostschutzmittel-Gemischen, Salzl\u00f6sungen und vielen anderen Medien. Es eignet sich auch zur Abdichtung von Hei\u00dfwasser und Dampf bis ca. 200 \u00b0C bei station\u00e4ren Vorg\u00e4ngen und einer Einbau-Fl\u00e4chenpressung von mind. 50 N\/mm\u00b2. Im konkreten Anwendungsfall bitten wir um R\u00fccksprache.<\/p>\n\n\n\n<p>Weitere kennzeichnende Eigenschaften sind seine hervorragende Temperaturbest\u00e4ndigkeit und Belastbarkeit unter hohem Betriebsdruck sowie seine Handlingsfreundlichkeit.<\/p>\n\n\n\n<p><strong>Anwendung<\/strong><br>in DIN- und ANSI-Rohrleitungsflanschverbindungen, Apparaten, Pumpen und Armaturen von Industrieanlagen<br>in Verschraubungen mit sehr schmaler Ringfl\u00e4che, wie z. B. in Gas- und Warmwasserthermen, in Solaranlagen, in Heizk\u00f6rperradiatoren und Heizk\u00f6rperanschl\u00fcssen<br>in thermisch-mechanisch hochbeanspruchten Dichtverbindungen von Verbrennungsmotoren (\u00d6lfilter, Ansaugkr\u00fcmmer, \u00d6l-, Kraftstoff-, Wasser- und Vakuumpumpen usw.)<br>in Getrieben, K\u00e4lte- und Druckluftkompressoren u. v. a. m.<br>Aufgrund seiner physiologischen Unbedenklichkeit eignet sich&nbsp;AFM 34&nbsp;auch f\u00fcr den Einsatz im Trinkwasser- und im Lebensmittelbereich sowie zur Abdichtung von verschmutzungsempfindlichen, hochreinen Produkten, wie zum Beispiel Lackrohstoffen, Vitaminen usw.<\/p>\n\n\n\n<p><strong>Oberfl\u00e4chen<\/strong><\/p>\n\n\n\n<p><strong>AFM 34<\/strong>&nbsp;besitzt standardm\u00e4\u00dfig auf beiden Oberfl\u00e4chen eine den Ausbau erleichternde Trenndecke (TD 2) mit hohem Reibwert. Eine zus\u00e4tzliche Oberfl\u00e4chenbehandlung er\u00fcbrigt sich dadurch in den meisten F\u00e4llen.<br>Jedoch ist eine ein- oder beidseitige Graphitierung der Dichtung bei der Verwendung in Bauteilen empfohlen, die sich bei der Montage auf der Dichtung drehen, z. B. bei Verschraubungen, Radiatorenstopfen usw., da hier ein niedriger Reibwert erforderlich ist.<\/p>\n\n\n\n<p><strong>Freigaben<\/strong><\/p>\n\n\n\n<p>DVGW \/ FDA \/ Elastomer guideline (KTW) \/ W270 \/ WRAS \/ VP 401 (HTB) \/ Fire Safe Test \/ BAM \/ Grade X \/ TA Luft \/ TA Luft 2000h \/ Germanischer Lloyd\u00a0(DNV GL)<\/p>\n","protected":false},"excerpt":{"rendered":"<p>AFM 34 ist ein asbestfreies Dichtungsmaterial. Es enth\u00e4lt Aramidfasern, anorganische F\u00fcllstoffe und weitere hochtemperaturbest\u00e4ndige Substanzen,<\/p>\n","protected":false},"author":1,"featured_media":2672,"parent":1786,"menu_order":0,"comment_status":"closed","ping_status":"closed","template":"","meta":{"site-sidebar-layout":"default","site-content-layout":"","ast-site-content-layout":"default","site-content-style":"default","site-sidebar-style":"default","ast-global-header-display":"","ast-banner-title-visibility":"","ast-main-header-display":"","ast-hfb-above-header-display":"","ast-hfb-below-header-display":"","ast-hfb-mobile-header-display":"","site-post-title":"","ast-breadcrumbs-content":"","ast-featured-img":"","footer-sml-layout":"","ast-disable-related-posts":"","theme-transparent-header-meta":"","adv-header-id-meta":"","stick-header-meta":"","header-above-stick-meta":"","header-main-stick-meta":"","header-below-stick-meta":"","astra-migrate-meta-layouts":"default","ast-page-background-enabled":"default","ast-page-background-meta":{"desktop":{"background-color":"var(--ast-global-color-4)","background-image":"","background-repeat":"repeat","background-position":"center center","background-size":"auto","background-attachment":"scroll","background-type":"","background-media":"","overlay-type":"","overlay-color":"","overlay-opacity":"","overlay-gradient":""},"tablet":{"background-color":"","background-image":"","background-repeat":"repeat","background-position":"center center","background-size":"auto","background-attachment":"scroll","background-type":"","background-media":"","overlay-type":"","overlay-color":"","overlay-opacity":"","overlay-gradient":""},"mobile":{"background-color":"","background-image":"","background-repeat":"repeat","background-position":"center center","background-size":"auto","background-attachment":"scroll","background-type":"","background-media":"","overlay-type":"","overlay-color":"","overlay-opacity":"","overlay-gradient":""}},"ast-content-background-meta":{"desktop":{"background-color":"var(--ast-global-color-5)","background-image":"","background-repeat":"repeat","background-position":"center center","background-size":"auto","background-attachment":"scroll","background-type":"","background-media":"","overlay-type":"","overlay-color":"","overlay-opacity":"","overlay-gradient":""},"tablet":{"background-color":"var(--ast-global-color-5)","background-image":"","background-repeat":"repeat","background-position":"center center","background-size":"auto","background-attachment":"scroll","background-type":"","background-media":"","overlay-type":"","overlay-color":"","overlay-opacity":"","overlay-gradient":""},"mobile":{"background-color":"var(--ast-global-color-5)","background-image":"","background-repeat":"repeat","background-position":"center center","background-size":"auto","background-attachment":"scroll","background-type":"","background-media":"","overlay-type":"","overlay-color":"","overlay-opacity":"","overlay-gradient":""}},"footnotes":""},"class_list":["post-1802","page","type-page","status-publish","has-post-thumbnail","hentry"],"_links":{"self":[{"href":"https:\/\/eurojuntas.es\/de\/wp-json\/wp\/v2\/pages\/1802","targetHints":{"allow":["GET"]}}],"collection":[{"href":"https:\/\/eurojuntas.es\/de\/wp-json\/wp\/v2\/pages"}],"about":[{"href":"https:\/\/eurojuntas.es\/de\/wp-json\/wp\/v2\/types\/page"}],"author":[{"embeddable":true,"href":"https:\/\/eurojuntas.es\/de\/wp-json\/wp\/v2\/users\/1"}],"replies":[{"embeddable":true,"href":"https:\/\/eurojuntas.es\/de\/wp-json\/wp\/v2\/comments?post=1802"}],"version-history":[{"count":0,"href":"https:\/\/eurojuntas.es\/de\/wp-json\/wp\/v2\/pages\/1802\/revisions"}],"up":[{"embeddable":true,"href":"https:\/\/eurojuntas.es\/de\/wp-json\/wp\/v2\/pages\/1786"}],"wp:featuredmedia":[{"embeddable":true,"href":"https:\/\/eurojuntas.es\/de\/wp-json\/wp\/v2\/media\/2672"}],"wp:attachment":[{"href":"https:\/\/eurojuntas.es\/de\/wp-json\/wp\/v2\/media?parent=1802"}],"curies":[{"name":"wp","href":"https:\/\/api.w.org\/{rel}","templated":true}]}}