{"id":1808,"date":"2016-09-15T10:20:11","date_gmt":"2016-09-15T10:20:11","guid":{"rendered":"http:\/\/eurojuntas.es\/gurenet\/de\/cartones-comprimidos\/afm-37\/"},"modified":"2023-11-09T13:15:26","modified_gmt":"2023-11-09T11:15:26","slug":"afm-37","status":"publish","type":"page","link":"https:\/\/eurojuntas.es\/de\/cartones-comprimidos\/afm-37\/","title":{"rendered":"AFM 37"},"content":{"rendered":"\n<p><strong>Werkstoff<\/strong><br>AFM 37\u00a0ist ein asbestfreies Dichtungsmaterial. Es enth\u00e4lt Aramidfasern und weitere hochtemperaturbest\u00e4ndige Asbestsubstitute, die unter erh\u00f6htem Druck und erh\u00f6hter Temperatur mit hochwertigen Elastomeren verarbeitet sind.<br><strong>Eigenschaften<\/strong><br>AFM 37\u00a0ist ein preisg\u00fcnstiger Dichtungswerkstoff. Er zeigt gutes Dichtverhalten bei Gasen und Fl\u00fcssigkeiten bei gleichzeitig guter Anpassungsf\u00e4higkeit. Die thermische Belastbarkeit des Materials ist als sehr gut zu bezeichnen.<\/p>\n\n\n\n<p><strong>Anwendung<\/strong><\/p>\n\n\n\n<ul class=\"wp-block-list\">\n<li>in Dichtstellen, die mittleren Betriebsdr\u00fccken ausgesetzt sind, zum Beispiel in Transformatoren, Kompressoren, Rohrleitungen, Apparaten, Verbrennungsmotoren<\/li>\n\n\n\n<li>zur Abdichtung von Getriebe-, Hydraulik-, K\u00e4lte- und Motor\u00f6len<\/li>\n\n\n\n<li>gegen Kraftstoffe, Gemische aus Wasser mit Frost- und Korrosionsschutzmitteln<\/li>\n\n\n\n<li>gegen Frigene\/Freone, Laugen und L\u00f6sungsmittel<\/li>\n<\/ul>\n\n\n\n<p><strong>Oberfl\u00e4chen<\/strong><br><strong>AFM 37<\/strong>&nbsp;besitzt standardm\u00e4\u00dfig auf beiden Oberfl\u00e4chen eine den Ausbau erleichternde Trenndecke (TD 2) mit hohem Reibwert. Eine zus\u00e4tzliche Oberfl\u00e4chenbehandlung er\u00fcbrigt sich dadurch in den meisten F\u00e4llen.<\/p>\n\n\n\n<p><strong>Freigaben<\/strong><br>DVGW \/ Grade Y \/ Germanischer Lloyd (DNV GL)<\/p>\n","protected":false},"excerpt":{"rendered":"<p>ist ein asbestfreies Dichtungsmaterial. Es enth\u00e4lt Aramidfasern und weitere hochtemperaturbest\u00e4ndige Asbestsubstitute, die unter erh\u00f6htem Druck und erh\u00f6hter Temperatur mit hochwertigen Elastomeren verarbeitet sind.<\/p>\n","protected":false},"author":1,"featured_media":2678,"parent":1786,"menu_order":20,"comment_status":"closed","ping_status":"closed","template":"","meta":{"site-sidebar-layout":"default","site-content-layout":"","ast-site-content-layout":"default","site-content-style":"default","site-sidebar-style":"default","ast-global-header-display":"","ast-banner-title-visibility":"","ast-main-header-display":"","ast-hfb-above-header-display":"","ast-hfb-below-header-display":"","ast-hfb-mobile-header-display":"","site-post-title":"","ast-breadcrumbs-content":"","ast-featured-img":"","footer-sml-layout":"","ast-disable-related-posts":"","theme-transparent-header-meta":"","adv-header-id-meta":"","stick-header-meta":"","header-above-stick-meta":"","header-main-stick-meta":"","header-below-stick-meta":"","astra-migrate-meta-layouts":"default","ast-page-background-enabled":"default","ast-page-background-meta":{"desktop":{"background-color":"var(--ast-global-color-4)","background-image":"","background-repeat":"repeat","background-position":"center center","background-size":"auto","background-attachment":"scroll","background-type":"","background-media":"","overlay-type":"","overlay-color":"","overlay-opacity":"","overlay-gradient":""},"tablet":{"background-color":"","background-image":"","background-repeat":"repeat","background-position":"center center","background-size":"auto","background-attachment":"scroll","background-type":"","background-media":"","overlay-type":"","overlay-color":"","overlay-opacity":"","overlay-gradient":""},"mobile":{"background-color":"","background-image":"","background-repeat":"repeat","background-position":"center center","background-size":"auto","background-attachment":"scroll","background-type":"","background-media":"","overlay-type":"","overlay-color":"","overlay-opacity":"","overlay-gradient":""}},"ast-content-background-meta":{"desktop":{"background-color":"var(--ast-global-color-5)","background-image":"","background-repeat":"repeat","background-position":"center center","background-size":"auto","background-attachment":"scroll","background-type":"","background-media":"","overlay-type":"","overlay-color":"","overlay-opacity":"","overlay-gradient":""},"tablet":{"background-color":"var(--ast-global-color-5)","background-image":"","background-repeat":"repeat","background-position":"center center","background-size":"auto","background-attachment":"scroll","background-type":"","background-media":"","overlay-type":"","overlay-color":"","overlay-opacity":"","overlay-gradient":""},"mobile":{"background-color":"var(--ast-global-color-5)","background-image":"","background-repeat":"repeat","background-position":"center center","background-size":"auto","background-attachment":"scroll","background-type":"","background-media":"","overlay-type":"","overlay-color":"","overlay-opacity":"","overlay-gradient":""}},"footnotes":""},"class_list":["post-1808","page","type-page","status-publish","has-post-thumbnail","hentry"],"_links":{"self":[{"href":"https:\/\/eurojuntas.es\/de\/wp-json\/wp\/v2\/pages\/1808","targetHints":{"allow":["GET"]}}],"collection":[{"href":"https:\/\/eurojuntas.es\/de\/wp-json\/wp\/v2\/pages"}],"about":[{"href":"https:\/\/eurojuntas.es\/de\/wp-json\/wp\/v2\/types\/page"}],"author":[{"embeddable":true,"href":"https:\/\/eurojuntas.es\/de\/wp-json\/wp\/v2\/users\/1"}],"replies":[{"embeddable":true,"href":"https:\/\/eurojuntas.es\/de\/wp-json\/wp\/v2\/comments?post=1808"}],"version-history":[{"count":0,"href":"https:\/\/eurojuntas.es\/de\/wp-json\/wp\/v2\/pages\/1808\/revisions"}],"up":[{"embeddable":true,"href":"https:\/\/eurojuntas.es\/de\/wp-json\/wp\/v2\/pages\/1786"}],"wp:featuredmedia":[{"embeddable":true,"href":"https:\/\/eurojuntas.es\/de\/wp-json\/wp\/v2\/media\/2678"}],"wp:attachment":[{"href":"https:\/\/eurojuntas.es\/de\/wp-json\/wp\/v2\/media?parent=1808"}],"curies":[{"name":"wp","href":"https:\/\/api.w.org\/{rel}","templated":true}]}}