{"id":1813,"date":"2016-09-15T10:35:14","date_gmt":"2016-09-15T10:35:14","guid":{"rendered":"http:\/\/eurojuntas.es\/gurenet\/de\/cartones-comprimidos\/afm-39\/"},"modified":"2023-11-09T13:15:54","modified_gmt":"2023-11-09T11:15:54","slug":"afm-39","status":"publish","type":"page","link":"https:\/\/eurojuntas.es\/de\/cartones-comprimidos\/afm-39\/","title":{"rendered":"AFM 39\/2"},"content":{"rendered":"\n<p><strong>Werkstoff<\/strong><\/p>\n\n\n\n<p><strong>AFM 39\/2<\/strong>\u00a0ist ein asbestfreies Dichtungsmaterial. Es enth\u00e4lt Aramidfasern und weitere hochtemperaturbest\u00e4ndige Substanzen, die unter erh\u00f6htem Druck und erh\u00f6hter Temperatur mit hochwertigen Elastomeren verarbeitet sind.<\/p>\n\n\n\n<p><strong>Eigenschaften<\/strong><br>Das Dichtungsmaterial ist physiologisch unbedenklich und enth\u00e4lt keine Farbzus\u00e4tze.<\/p>\n\n\n\n<p>Dieser preiswerte Dichtungswerkstoff ist einerseits anpassungsf\u00e4hig und flexibel, so dass auch bei geringer Fl\u00e4chenpressung eine gute Dichtwirkung erzielt wird; andererseits besitzt er eine ausreichend hohe Druckstandfestigkeit und Gasdichtigkeit.<\/p>\n\n\n\n<p>Ferner ist&nbsp;<strong>AFM 39\/2<\/strong>&nbsp;gegen L\u00f6sungsmittel, \u00d6le, Kraftstoffe, Wasser und viele andere Medien best\u00e4ndig.<\/p>\n\n\n\n<p><strong>Anwendung<\/strong><\/p>\n\n\n\n<ul class=\"wp-block-list\">\n<li>in Dichtverbindungen, die nicht zu hohen thermisch-mechanischen Beanspruchungen ausgesetzt sind<\/li>\n\n\n\n<li>in biegeschwachen Bauteilen und Leichtbauflanschen<\/li>\n\n\n\n<li>in Apparaten, Getrieben, Pumpen, Sanit\u00e4rarmaturen<\/li>\n\n\n\n<li>zur Abdichtung leicht verformbarer Bauteile bei vergleichsweise niedriger Fl\u00e4chenpressung, zum Beispiel Getrieben, Ventilhauben, \u00d6lwannen und Deckeln in Verbrennungsmotoren.<\/li>\n<\/ul>\n\n\n\n<p>Aufgrund seiner physiologischen Unbedenklichkeit ist&nbsp;<strong>AFM 39\/2<\/strong>&nbsp;insbesondere auch im Trinkwasser- und Lebensmittelbereich einsetzbar.<\/p>\n\n\n\n<p><strong>Oberfl\u00e4chen<\/strong><\/p>\n\n\n\n<p><strong>AFM 39\/2<\/strong>&nbsp;besitzt standardm\u00e4\u00dfig auf beiden Oberfl\u00e4chen eine den Ausbau erleichternde Trenndecke (TD 2) mit hohem Reibwert. Eine zus\u00e4tzliche Oberfl\u00e4chenbehandlung er\u00fcbrigt sich dadurch in den meisten F\u00e4llen.<\/p>\n\n\n\n<p><strong>Freigaben<\/strong><\/p>\n\n\n\n<p>Elastomerleitlinie (vormals KTW) \/ DVGW-Arbeitsblatt W270 \/ Germanischer Lloyd (DNV GL)<\/p>\n","protected":false},"excerpt":{"rendered":"<p>ist ein asbestfreies Dichtungsmaterial. Es enth\u00e4lt Aramidfasern und weitere hochtemperaturbest\u00e4ndige Substanzen, die unter erh\u00f6htem Druck und erh\u00f6hter Temperatur mit hochwertigen Elastomeren verarbeitet sind.<\/p>\n","protected":false},"author":1,"featured_media":2934,"parent":1786,"menu_order":50,"comment_status":"closed","ping_status":"closed","template":"","meta":{"site-sidebar-layout":"default","site-content-layout":"","ast-site-content-layout":"default","site-content-style":"default","site-sidebar-style":"default","ast-global-header-display":"","ast-banner-title-visibility":"","ast-main-header-display":"","ast-hfb-above-header-display":"","ast-hfb-below-header-display":"","ast-hfb-mobile-header-display":"","site-post-title":"","ast-breadcrumbs-content":"","ast-featured-img":"","footer-sml-layout":"","ast-disable-related-posts":"","theme-transparent-header-meta":"","adv-header-id-meta":"","stick-header-meta":"","header-above-stick-meta":"","header-main-stick-meta":"","header-below-stick-meta":"","astra-migrate-meta-layouts":"default","ast-page-background-enabled":"default","ast-page-background-meta":{"desktop":{"background-color":"var(--ast-global-color-4)","background-image":"","background-repeat":"repeat","background-position":"center center","background-size":"auto","background-attachment":"scroll","background-type":"","background-media":"","overlay-type":"","overlay-color":"","overlay-opacity":"","overlay-gradient":""},"tablet":{"background-color":"","background-image":"","background-repeat":"repeat","background-position":"center center","background-size":"auto","background-attachment":"scroll","background-type":"","background-media":"","overlay-type":"","overlay-color":"","overlay-opacity":"","overlay-gradient":""},"mobile":{"background-color":"","background-image":"","background-repeat":"repeat","background-position":"center center","background-size":"auto","background-attachment":"scroll","background-type":"","background-media":"","overlay-type":"","overlay-color":"","overlay-opacity":"","overlay-gradient":""}},"ast-content-background-meta":{"desktop":{"background-color":"var(--ast-global-color-5)","background-image":"","background-repeat":"repeat","background-position":"center center","background-size":"auto","background-attachment":"scroll","background-type":"","background-media":"","overlay-type":"","overlay-color":"","overlay-opacity":"","overlay-gradient":""},"tablet":{"background-color":"var(--ast-global-color-5)","background-image":"","background-repeat":"repeat","background-position":"center center","background-size":"auto","background-attachment":"scroll","background-type":"","background-media":"","overlay-type":"","overlay-color":"","overlay-opacity":"","overlay-gradient":""},"mobile":{"background-color":"var(--ast-global-color-5)","background-image":"","background-repeat":"repeat","background-position":"center center","background-size":"auto","background-attachment":"scroll","background-type":"","background-media":"","overlay-type":"","overlay-color":"","overlay-opacity":"","overlay-gradient":""}},"footnotes":""},"class_list":["post-1813","page","type-page","status-publish","has-post-thumbnail","hentry"],"_links":{"self":[{"href":"https:\/\/eurojuntas.es\/de\/wp-json\/wp\/v2\/pages\/1813","targetHints":{"allow":["GET"]}}],"collection":[{"href":"https:\/\/eurojuntas.es\/de\/wp-json\/wp\/v2\/pages"}],"about":[{"href":"https:\/\/eurojuntas.es\/de\/wp-json\/wp\/v2\/types\/page"}],"author":[{"embeddable":true,"href":"https:\/\/eurojuntas.es\/de\/wp-json\/wp\/v2\/users\/1"}],"replies":[{"embeddable":true,"href":"https:\/\/eurojuntas.es\/de\/wp-json\/wp\/v2\/comments?post=1813"}],"version-history":[{"count":0,"href":"https:\/\/eurojuntas.es\/de\/wp-json\/wp\/v2\/pages\/1813\/revisions"}],"up":[{"embeddable":true,"href":"https:\/\/eurojuntas.es\/de\/wp-json\/wp\/v2\/pages\/1786"}],"wp:featuredmedia":[{"embeddable":true,"href":"https:\/\/eurojuntas.es\/de\/wp-json\/wp\/v2\/media\/2934"}],"wp:attachment":[{"href":"https:\/\/eurojuntas.es\/de\/wp-json\/wp\/v2\/media?parent=1813"}],"curies":[{"name":"wp","href":"https:\/\/api.w.org\/{rel}","templated":true}]}}