{"id":1851,"date":"2016-10-03T14:34:38","date_gmt":"2016-10-03T14:34:38","guid":{"rendered":"http:\/\/eurojuntas.es\/gurenet\/de\/corcho-caucho\/corcho-caucho-1237\/"},"modified":"2023-11-09T13:18:06","modified_gmt":"2023-11-09T11:18:06","slug":"corcho-caucho-1237","status":"publish","type":"page","link":"https:\/\/eurojuntas.es\/de\/corcho-caucho\/corcho-caucho-1237\/","title":{"rendered":"KORKGUMMI 1237"},"content":{"rendered":"\n<p>Gemischter Kork mit Styrol-Butadien-Kautschuk (SBR). \u00a0Mit einem geringen Versiegelungsdruck f\u00fcr Anwendungen mit einer geringen Last und es ist angemessen f\u00fcr die meisten Schmierfl\u00fcssigkeiten.<\/p>\n\n\n\n<ul class=\"wp-block-list\">\n<li>Temperaturspannen von -35\u00baC bis 110\u00baC<\/li>\n\n\n\n<li>Strombereich 2.0 bei 12 MPa<\/li>\n\n\n\n<li>Druckfestigkeit h\u00f6her als 70 MPa<\/li>\n\n\n\n<li>Dichte: 650&nbsp;kg \/m3<\/li>\n\n\n\n<li>H\u00e4rte: 60&nbsp;shore A<\/li>\n\n\n\n<li>Druckbelastung: 1,2&nbsp;MPa<\/li>\n\n\n\n<li>Verl\u00e4ngerung:\u00a040\u00a0%<\/li>\n<\/ul>\n","protected":false},"excerpt":{"rendered":"<p>Gemischter Kork mit Styrol-Butadien-Kautschuk (SBR).  Mit einem geringen Versiegelungsdruck f\u00fcr Anwendungen mit einer geringen Last und es ist angemessen f\u00fcr die meisten Schmierfl\u00fcssigkeiten.<\/p>\n","protected":false},"author":1,"featured_media":2565,"parent":1837,"menu_order":0,"comment_status":"closed","ping_status":"closed","template":"","meta":{"site-sidebar-layout":"default","site-content-layout":"","ast-site-content-layout":"default","site-content-style":"default","site-sidebar-style":"default","ast-global-header-display":"","ast-banner-title-visibility":"","ast-main-header-display":"","ast-hfb-above-header-display":"","ast-hfb-below-header-display":"","ast-hfb-mobile-header-display":"","site-post-title":"","ast-breadcrumbs-content":"","ast-featured-img":"","footer-sml-layout":"","ast-disable-related-posts":"","theme-transparent-header-meta":"","adv-header-id-meta":"","stick-header-meta":"","header-above-stick-meta":"","header-main-stick-meta":"","header-below-stick-meta":"","astra-migrate-meta-layouts":"default","ast-page-background-enabled":"default","ast-page-background-meta":{"desktop":{"background-color":"var(--ast-global-color-4)","background-image":"","background-repeat":"repeat","background-position":"center center","background-size":"auto","background-attachment":"scroll","background-type":"","background-media":"","overlay-type":"","overlay-color":"","overlay-opacity":"","overlay-gradient":""},"tablet":{"background-color":"","background-image":"","background-repeat":"repeat","background-position":"center center","background-size":"auto","background-attachment":"scroll","background-type":"","background-media":"","overlay-type":"","overlay-color":"","overlay-opacity":"","overlay-gradient":""},"mobile":{"background-color":"","background-image":"","background-repeat":"repeat","background-position":"center center","background-size":"auto","background-attachment":"scroll","background-type":"","background-media":"","overlay-type":"","overlay-color":"","overlay-opacity":"","overlay-gradient":""}},"ast-content-background-meta":{"desktop":{"background-color":"var(--ast-global-color-5)","background-image":"","background-repeat":"repeat","background-position":"center center","background-size":"auto","background-attachment":"scroll","background-type":"","background-media":"","overlay-type":"","overlay-color":"","overlay-opacity":"","overlay-gradient":""},"tablet":{"background-color":"var(--ast-global-color-5)","background-image":"","background-repeat":"repeat","background-position":"center center","background-size":"auto","background-attachment":"scroll","background-type":"","background-media":"","overlay-type":"","overlay-color":"","overlay-opacity":"","overlay-gradient":""},"mobile":{"background-color":"var(--ast-global-color-5)","background-image":"","background-repeat":"repeat","background-position":"center center","background-size":"auto","background-attachment":"scroll","background-type":"","background-media":"","overlay-type":"","overlay-color":"","overlay-opacity":"","overlay-gradient":""}},"footnotes":""},"class_list":["post-1851","page","type-page","status-publish","has-post-thumbnail","hentry"],"_links":{"self":[{"href":"https:\/\/eurojuntas.es\/de\/wp-json\/wp\/v2\/pages\/1851","targetHints":{"allow":["GET"]}}],"collection":[{"href":"https:\/\/eurojuntas.es\/de\/wp-json\/wp\/v2\/pages"}],"about":[{"href":"https:\/\/eurojuntas.es\/de\/wp-json\/wp\/v2\/types\/page"}],"author":[{"embeddable":true,"href":"https:\/\/eurojuntas.es\/de\/wp-json\/wp\/v2\/users\/1"}],"replies":[{"embeddable":true,"href":"https:\/\/eurojuntas.es\/de\/wp-json\/wp\/v2\/comments?post=1851"}],"version-history":[{"count":0,"href":"https:\/\/eurojuntas.es\/de\/wp-json\/wp\/v2\/pages\/1851\/revisions"}],"up":[{"embeddable":true,"href":"https:\/\/eurojuntas.es\/de\/wp-json\/wp\/v2\/pages\/1837"}],"wp:featuredmedia":[{"embeddable":true,"href":"https:\/\/eurojuntas.es\/de\/wp-json\/wp\/v2\/media\/2565"}],"wp:attachment":[{"href":"https:\/\/eurojuntas.es\/de\/wp-json\/wp\/v2\/media?parent=1851"}],"curies":[{"name":"wp","href":"https:\/\/api.w.org\/{rel}","templated":true}]}}