{"id":1868,"date":"2016-10-14T10:20:57","date_gmt":"2016-10-14T08:20:57","guid":{"rendered":"http:\/\/eurojuntas.es\/gurenet\/de\/others\/papel-aislamiento-termico-1-260-oc\/"},"modified":"2023-11-09T13:21:47","modified_gmt":"2023-11-09T11:21:47","slug":"papel-aislamiento-termico-1-260-oc","status":"publish","type":"page","link":"https:\/\/eurojuntas.es\/de\/others\/papel-aislamiento-termico-1-260-oc\/","title":{"rendered":"Isofrax 1260\u00b0C Papier"},"content":{"rendered":"\n<p>Isofrax 1260\u00b0C Papier Produkte werden aus Isofrax-Erdalkalisilikatwolle und speziell ausgew\u00e4hlten organischen Bindemitteln hergestellt. Dadurch werden flexible Papiere mit au\u00dfergew\u00f6hnlichen Eigenschaften erzielt. Fortschriftliche Produktionstechniken gew\u00e4hrleisten eine au\u00dfergew\u00f6hnlich gleichm\u00e4\u00dfige Struktur bei geringer W\u00e4rmeleitf\u00e4higkeit, gute Verarbeitungseigenschaften und eine glatte Oberfl\u00e4che. Isofrax 1260\u00b0C Papiere sind in unterschiedlichen Dicken und Rollengr\u00f6\u00dfen erh\u00e4ltlich.<\/p>\n\n\n\n<p><strong>ALLGEMEINE EIGENSCHAFTEN<\/strong><br>Isofrax 1260\u00b0C Papier zeichnen sich durch folgende herausragenden Eigenschaften aus:<\/p>\n\n\n\n<ul class=\"wp-block-list\">\n<li>Hohe Temperaturbest\u00e4ndigkeit \uf06e Gute Verarbeitungsf\u00e4higkeit<\/li>\n\n\n\n<li>Geringes Gewicht<\/li>\n\n\n\n<li>Ausgezeichnete Flexibili\u00e4t<\/li>\n\n\n\n<li>Einfach zu rollen, zu schneiden und leicht formbar<\/li>\n<\/ul>\n\n\n\n<p><strong>TYPISCHE ANWENDUNGEN<\/strong><\/p>\n\n\n\n<ul class=\"wp-block-list\">\n<li>Hochtemperaturdichtungen<\/li>\n\n\n\n<li>Kokillenauskleidung<\/li>\n\n\n\n<li>Hitzeschutzschilder in der Automobilindustrie<\/li>\n<\/ul>\n\n\n\n<p>Auskleidung f\u00fcr Transportsysteme f\u00fcr geschmolzenes Meta (Hinterisolierung)<br>Isolierumh\u00fcllung<\/p>\n","protected":false},"excerpt":{"rendered":"<p>Isofrax 1260\u00b0C Papier Produkte werden aus Isofrax-Erdalkalisilikatwolle und speziell ausgew\u00e4hlten organischen Bindemitteln hergestellt.<\/p>\n","protected":false},"author":1,"featured_media":2854,"parent":1863,"menu_order":0,"comment_status":"closed","ping_status":"closed","template":"","meta":{"site-sidebar-layout":"default","site-content-layout":"","ast-site-content-layout":"default","site-content-style":"default","site-sidebar-style":"default","ast-global-header-display":"","ast-banner-title-visibility":"","ast-main-header-display":"","ast-hfb-above-header-display":"","ast-hfb-below-header-display":"","ast-hfb-mobile-header-display":"","site-post-title":"","ast-breadcrumbs-content":"","ast-featured-img":"","footer-sml-layout":"","ast-disable-related-posts":"","theme-transparent-header-meta":"","adv-header-id-meta":"","stick-header-meta":"","header-above-stick-meta":"","header-main-stick-meta":"","header-below-stick-meta":"","astra-migrate-meta-layouts":"default","ast-page-background-enabled":"default","ast-page-background-meta":{"desktop":{"background-color":"var(--ast-global-color-4)","background-image":"","background-repeat":"repeat","background-position":"center center","background-size":"auto","background-attachment":"scroll","background-type":"","background-media":"","overlay-type":"","overlay-color":"","overlay-opacity":"","overlay-gradient":""},"tablet":{"background-color":"","background-image":"","background-repeat":"repeat","background-position":"center center","background-size":"auto","background-attachment":"scroll","background-type":"","background-media":"","overlay-type":"","overlay-color":"","overlay-opacity":"","overlay-gradient":""},"mobile":{"background-color":"","background-image":"","background-repeat":"repeat","background-position":"center center","background-size":"auto","background-attachment":"scroll","background-type":"","background-media":"","overlay-type":"","overlay-color":"","overlay-opacity":"","overlay-gradient":""}},"ast-content-background-meta":{"desktop":{"background-color":"var(--ast-global-color-5)","background-image":"","background-repeat":"repeat","background-position":"center center","background-size":"auto","background-attachment":"scroll","background-type":"","background-media":"","overlay-type":"","overlay-color":"","overlay-opacity":"","overlay-gradient":""},"tablet":{"background-color":"var(--ast-global-color-5)","background-image":"","background-repeat":"repeat","background-position":"center center","background-size":"auto","background-attachment":"scroll","background-type":"","background-media":"","overlay-type":"","overlay-color":"","overlay-opacity":"","overlay-gradient":""},"mobile":{"background-color":"var(--ast-global-color-5)","background-image":"","background-repeat":"repeat","background-position":"center center","background-size":"auto","background-attachment":"scroll","background-type":"","background-media":"","overlay-type":"","overlay-color":"","overlay-opacity":"","overlay-gradient":""}},"footnotes":""},"class_list":["post-1868","page","type-page","status-publish","has-post-thumbnail","hentry"],"_links":{"self":[{"href":"https:\/\/eurojuntas.es\/de\/wp-json\/wp\/v2\/pages\/1868","targetHints":{"allow":["GET"]}}],"collection":[{"href":"https:\/\/eurojuntas.es\/de\/wp-json\/wp\/v2\/pages"}],"about":[{"href":"https:\/\/eurojuntas.es\/de\/wp-json\/wp\/v2\/types\/page"}],"author":[{"embeddable":true,"href":"https:\/\/eurojuntas.es\/de\/wp-json\/wp\/v2\/users\/1"}],"replies":[{"embeddable":true,"href":"https:\/\/eurojuntas.es\/de\/wp-json\/wp\/v2\/comments?post=1868"}],"version-history":[{"count":0,"href":"https:\/\/eurojuntas.es\/de\/wp-json\/wp\/v2\/pages\/1868\/revisions"}],"up":[{"embeddable":true,"href":"https:\/\/eurojuntas.es\/de\/wp-json\/wp\/v2\/pages\/1863"}],"wp:featuredmedia":[{"embeddable":true,"href":"https:\/\/eurojuntas.es\/de\/wp-json\/wp\/v2\/media\/2854"}],"wp:attachment":[{"href":"https:\/\/eurojuntas.es\/de\/wp-json\/wp\/v2\/media?parent=1868"}],"curies":[{"name":"wp","href":"https:\/\/api.w.org\/{rel}","templated":true}]}}