{"id":1875,"date":"2016-10-14T10:25:23","date_gmt":"2016-10-14T08:25:23","guid":{"rendered":"http:\/\/eurojuntas.es\/gurenet\/de\/others\/placas-aislantes\/"},"modified":"2023-11-09T13:22:03","modified_gmt":"2023-11-09T11:22:03","slug":"placas-aislantes","status":"publish","type":"page","link":"https:\/\/eurojuntas.es\/de\/others\/placas-aislantes\/","title":{"rendered":"Isolierplatten"},"content":{"rendered":"\n<p>Es handelt sich hierbei um ganz flache Platten, die mit Hilfe von Fasern mit einer gro\u00dfen thermischen Isolierung 750-1100\u00baC produziert werden, gebunden mit Bindemittel und werden in einem Feuchtigkeitsprozess erzeugt. Sie sind einfach zu behandeln, zu schneiden und zu stanzen.<\/p>\n\n\n\n<p>Sie werden haupts\u00e4chlich in der Ofenkonstruktion, Stahlwerken, Gie\u00dfereien, Feuerbarrieren, Innenauskleidung von \u00d6fen, Dehnungsfugen, Thermodichtungen, T\u00fcrisolierung, Luftkan\u00e4len, Schaltschr\u00e4nken, Safes, usw.<\/p>\n\n\n\n<p>Elektroindustrie, Thermoindustrie, chemische Industrie, Pharmaindustrie, Luftfahrtindustrie, Automobilindustrie, Glasindustrie, Stahlindustrie und Schiffbauindustrie.<\/p>\n","protected":false},"excerpt":{"rendered":"<p>Es handelt sich hierbei um ganz flache Platten, die mit Hilfe von Fasern mit einer gro\u00dfen thermischen Isolierung 750-1100\u00baC produziert werden, gebunden mit Bindemittel und werden in einem Feuchtigkeitsprozess erzeugt.<\/p>\n","protected":false},"author":1,"featured_media":2866,"parent":1863,"menu_order":10,"comment_status":"closed","ping_status":"closed","template":"","meta":{"site-sidebar-layout":"default","site-content-layout":"","ast-site-content-layout":"default","site-content-style":"default","site-sidebar-style":"default","ast-global-header-display":"","ast-banner-title-visibility":"","ast-main-header-display":"","ast-hfb-above-header-display":"","ast-hfb-below-header-display":"","ast-hfb-mobile-header-display":"","site-post-title":"","ast-breadcrumbs-content":"","ast-featured-img":"","footer-sml-layout":"","ast-disable-related-posts":"","theme-transparent-header-meta":"","adv-header-id-meta":"","stick-header-meta":"","header-above-stick-meta":"","header-main-stick-meta":"","header-below-stick-meta":"","astra-migrate-meta-layouts":"default","ast-page-background-enabled":"default","ast-page-background-meta":{"desktop":{"background-color":"var(--ast-global-color-4)","background-image":"","background-repeat":"repeat","background-position":"center center","background-size":"auto","background-attachment":"scroll","background-type":"","background-media":"","overlay-type":"","overlay-color":"","overlay-opacity":"","overlay-gradient":""},"tablet":{"background-color":"","background-image":"","background-repeat":"repeat","background-position":"center center","background-size":"auto","background-attachment":"scroll","background-type":"","background-media":"","overlay-type":"","overlay-color":"","overlay-opacity":"","overlay-gradient":""},"mobile":{"background-color":"","background-image":"","background-repeat":"repeat","background-position":"center center","background-size":"auto","background-attachment":"scroll","background-type":"","background-media":"","overlay-type":"","overlay-color":"","overlay-opacity":"","overlay-gradient":""}},"ast-content-background-meta":{"desktop":{"background-color":"var(--ast-global-color-5)","background-image":"","background-repeat":"repeat","background-position":"center center","background-size":"auto","background-attachment":"scroll","background-type":"","background-media":"","overlay-type":"","overlay-color":"","overlay-opacity":"","overlay-gradient":""},"tablet":{"background-color":"var(--ast-global-color-5)","background-image":"","background-repeat":"repeat","background-position":"center center","background-size":"auto","background-attachment":"scroll","background-type":"","background-media":"","overlay-type":"","overlay-color":"","overlay-opacity":"","overlay-gradient":""},"mobile":{"background-color":"var(--ast-global-color-5)","background-image":"","background-repeat":"repeat","background-position":"center center","background-size":"auto","background-attachment":"scroll","background-type":"","background-media":"","overlay-type":"","overlay-color":"","overlay-opacity":"","overlay-gradient":""}},"footnotes":""},"class_list":["post-1875","page","type-page","status-publish","has-post-thumbnail","hentry"],"_links":{"self":[{"href":"https:\/\/eurojuntas.es\/de\/wp-json\/wp\/v2\/pages\/1875","targetHints":{"allow":["GET"]}}],"collection":[{"href":"https:\/\/eurojuntas.es\/de\/wp-json\/wp\/v2\/pages"}],"about":[{"href":"https:\/\/eurojuntas.es\/de\/wp-json\/wp\/v2\/types\/page"}],"author":[{"embeddable":true,"href":"https:\/\/eurojuntas.es\/de\/wp-json\/wp\/v2\/users\/1"}],"replies":[{"embeddable":true,"href":"https:\/\/eurojuntas.es\/de\/wp-json\/wp\/v2\/comments?post=1875"}],"version-history":[{"count":0,"href":"https:\/\/eurojuntas.es\/de\/wp-json\/wp\/v2\/pages\/1875\/revisions"}],"up":[{"embeddable":true,"href":"https:\/\/eurojuntas.es\/de\/wp-json\/wp\/v2\/pages\/1863"}],"wp:featuredmedia":[{"embeddable":true,"href":"https:\/\/eurojuntas.es\/de\/wp-json\/wp\/v2\/media\/2866"}],"wp:attachment":[{"href":"https:\/\/eurojuntas.es\/de\/wp-json\/wp\/v2\/media?parent=1875"}],"curies":[{"name":"wp","href":"https:\/\/api.w.org\/{rel}","templated":true}]}}