{"id":1880,"date":"2016-10-14T10:32:22","date_gmt":"2016-10-14T08:32:22","guid":{"rendered":"http:\/\/eurojuntas.es\/gurenet\/de\/others\/papel-aceitado\/"},"modified":"2023-11-09T13:23:13","modified_gmt":"2023-11-09T11:23:13","slug":"papel-aceitado","status":"publish","type":"page","link":"https:\/\/eurojuntas.es\/de\/others\/papel-aceitado\/","title":{"rendered":"Weichstoffmaterial auf Zellulosebasis"},"content":{"rendered":"\n<p><strong>Werkstoff<\/strong><br>Ist ein impr\u00e4gniertes Dichtungsmaterial auf der Basis von leimgebundenen Zellulosefasern.<\/p>\n\n\n\n<p><strong>Eigenschaften<\/strong><br>Ist ein preiswerter Dichtungswerkstoff mit einer guten Best\u00e4ndigkeit gegen \u00d6le und Kraftstoffe. Das Material ist \u00fcberdies kompressibel und anpassungsf\u00e4hig.<\/p>\n\n\n\n<p><strong>Anwendung<\/strong><br>in Getrieben, Vergasern, Kraftstoff- und \u00d6lpumpen, Achsen<br>zur Abdichtung von Kraftstoffen, \u00d6len, Wasser, Gemischen aus Wasser mit Frost- und Korrosionsschutzmitteln<\/p>\n\n\n<div class=\"table-responsive\">\n<table border=\"1\">\n<tbody>\n<tr>\n<th colspan=\"3\">Technische Daten<\/th>\n<\/tr>\n<tr>\n<td>Dichte<\/td>\n<td>g\/cm<sup>3<\/sup><\/td>\n<td>0.76<\/td>\n<\/tr>\n<tr>\n<td>Betriebstemperatur maximal<\/td>\n<td>\u00b0C<\/td>\n<td>120<\/td>\n<\/tr>\n<tr>\n<td>Betriebsdruck maximal<\/td>\n<td>Bar<\/td>\n<td>10<\/td>\n<\/tr>\n<tr>\n<th colspan=\"3\">Zugfestigkeit (Dicke &lt;= 1,5 mm)<\/th>\n<\/tr>\n<tr>\n<td>nach ASTM F 152, quer<\/td>\n<td>N\/mm<sup>2<\/sup><\/td>\n<td>&gt;20<\/td>\n<\/tr>\n<tr>\n<td>nach DIN 52 910, quer<\/td>\n<td>N\/mm<sup>2<\/sup><\/td>\n<td>&gt;15<\/td>\n<\/tr>\n<tr>\n<th colspan=\"3\">Zusammenpressung und R\u00fcckfederung &#8211; nach ASTM F 36, Verfahren G<\/th>\n<\/tr>\n<tr>\n<td>Zusammenpressung<\/td>\n<td>%<\/td>\n<td>20 &#8211; 40<\/td>\n<\/tr>\n<tr>\n<td>R\u00fcckfederung<\/td>\n<td>%<\/td>\n<td>40<\/td>\n<\/tr>\n<tr>\n<th colspan=\"3\">Quellung nach ASTM F 146: in \u00d6l IRM 903 (ersetzt ASTM \u00d6l Nr. 3) 22 h, RT<\/th>\n<\/tr>\n<tr>\n<td>Dickenzunahme<\/td>\n<td>%<\/td>\n<td>5<\/td>\n<\/tr>\n<tr>\n<td>Gewichtszunahme<\/td>\n<td>%<\/td>\n<td>15<\/td>\n<\/tr>\n<tr>\n<th colspan=\"3\">in ASTM Fuel B &#8211; 22 h, RT<\/th>\n<\/tr>\n<tr>\n<td>Dickenzunahme<\/td>\n<td>%<\/td>\n<td>5<\/td>\n<\/tr>\n<tr>\n<td>Gewichtszunahme<\/td>\n<td>%<\/td>\n<td>15<\/td>\n<\/tr>\n<tr>\n<th colspan=\"3\">in Wasser \/ Frostschutzmittel (50:50) 22 h, RT<\/th>\n<\/tr>\n<tr>\n<td>Dickenzunahme<\/td>\n<td>%<\/td>\n<td>30<\/td>\n<\/tr>\n<tr>\n<td>Gewichtszunahme<\/td>\n<td>%<\/td>\n<td>90<\/td>\n<\/tr>\n<\/tbody>\n<\/table>\n<\/div>\n\n\n<p><\/p>\n","protected":false},"excerpt":{"rendered":"<p>Ist ein impr\u00e4gniertes Dichtungsmaterial auf der Basis von leimgebundenen Zellulosefasern.<\/p>\n","protected":false},"author":1,"featured_media":2858,"parent":1863,"menu_order":20,"comment_status":"closed","ping_status":"closed","template":"","meta":{"site-sidebar-layout":"default","site-content-layout":"","ast-site-content-layout":"default","site-content-style":"default","site-sidebar-style":"default","ast-global-header-display":"","ast-banner-title-visibility":"","ast-main-header-display":"","ast-hfb-above-header-display":"","ast-hfb-below-header-display":"","ast-hfb-mobile-header-display":"","site-post-title":"","ast-breadcrumbs-content":"","ast-featured-img":"","footer-sml-layout":"","ast-disable-related-posts":"","theme-transparent-header-meta":"","adv-header-id-meta":"","stick-header-meta":"","header-above-stick-meta":"","header-main-stick-meta":"","header-below-stick-meta":"","astra-migrate-meta-layouts":"default","ast-page-background-enabled":"default","ast-page-background-meta":{"desktop":{"background-color":"var(--ast-global-color-4)","background-image":"","background-repeat":"repeat","background-position":"center center","background-size":"auto","background-attachment":"scroll","background-type":"","background-media":"","overlay-type":"","overlay-color":"","overlay-opacity":"","overlay-gradient":""},"tablet":{"background-color":"","background-image":"","background-repeat":"repeat","background-position":"center center","background-size":"auto","background-attachment":"scroll","background-type":"","background-media":"","overlay-type":"","overlay-color":"","overlay-opacity":"","overlay-gradient":""},"mobile":{"background-color":"","background-image":"","background-repeat":"repeat","background-position":"center center","background-size":"auto","background-attachment":"scroll","background-type":"","background-media":"","overlay-type":"","overlay-color":"","overlay-opacity":"","overlay-gradient":""}},"ast-content-background-meta":{"desktop":{"background-color":"var(--ast-global-color-5)","background-image":"","background-repeat":"repeat","background-position":"center center","background-size":"auto","background-attachment":"scroll","background-type":"","background-media":"","overlay-type":"","overlay-color":"","overlay-opacity":"","overlay-gradient":""},"tablet":{"background-color":"var(--ast-global-color-5)","background-image":"","background-repeat":"repeat","background-position":"center center","background-size":"auto","background-attachment":"scroll","background-type":"","background-media":"","overlay-type":"","overlay-color":"","overlay-opacity":"","overlay-gradient":""},"mobile":{"background-color":"var(--ast-global-color-5)","background-image":"","background-repeat":"repeat","background-position":"center center","background-size":"auto","background-attachment":"scroll","background-type":"","background-media":"","overlay-type":"","overlay-color":"","overlay-opacity":"","overlay-gradient":""}},"footnotes":""},"class_list":["post-1880","page","type-page","status-publish","has-post-thumbnail","hentry"],"_links":{"self":[{"href":"https:\/\/eurojuntas.es\/de\/wp-json\/wp\/v2\/pages\/1880","targetHints":{"allow":["GET"]}}],"collection":[{"href":"https:\/\/eurojuntas.es\/de\/wp-json\/wp\/v2\/pages"}],"about":[{"href":"https:\/\/eurojuntas.es\/de\/wp-json\/wp\/v2\/types\/page"}],"author":[{"embeddable":true,"href":"https:\/\/eurojuntas.es\/de\/wp-json\/wp\/v2\/users\/1"}],"replies":[{"embeddable":true,"href":"https:\/\/eurojuntas.es\/de\/wp-json\/wp\/v2\/comments?post=1880"}],"version-history":[{"count":0,"href":"https:\/\/eurojuntas.es\/de\/wp-json\/wp\/v2\/pages\/1880\/revisions"}],"up":[{"embeddable":true,"href":"https:\/\/eurojuntas.es\/de\/wp-json\/wp\/v2\/pages\/1863"}],"wp:featuredmedia":[{"embeddable":true,"href":"https:\/\/eurojuntas.es\/de\/wp-json\/wp\/v2\/media\/2858"}],"wp:attachment":[{"href":"https:\/\/eurojuntas.es\/de\/wp-json\/wp\/v2\/media?parent=1880"}],"curies":[{"name":"wp","href":"https:\/\/api.w.org\/{rel}","templated":true}]}}