{"id":1890,"date":"2016-10-14T10:28:13","date_gmt":"2016-10-14T08:28:13","guid":{"rendered":"http:\/\/eurojuntas.es\/gurenet\/de\/others\/fieltros\/"},"modified":"2023-11-09T13:21:19","modified_gmt":"2023-11-09T11:21:19","slug":"fieltros","status":"publish","type":"page","link":"https:\/\/eurojuntas.es\/de\/others\/fieltros\/","title":{"rendered":"Filze"},"content":{"rendered":"\n<p>Die Insdustriefilzplatten sind textile Strukturen zusammengesezt aus verstiften Fasern, unter denen die Wollen besonders hevorzuheben ist. Filz wird nicht gewebt, das hei\u00dft, es gibt keine Kreuzung zwischen Schuss und Kette wie bei anderen Stoffen. Um Filz herzustellen muss man mit Hilfe von Dampf und Druck die verschiedenen Schichten binden, indem man die Klebeeigenschaft der Schichten benutzt, deswegen ist Filz manchmal mit den Namen Pressmasse bekannt.<\/p>\n\n\n\n<p>Seine Benutzung basiert auf die mechanische Arbeit f\u00fcr die Entfernung von Staub, Versiegelung von \u00d6len, Fetten und Schmiermittel f\u00fcr Polieren, Luftfilter und Fl\u00fcssigkeitsfilter. Die Filzeigenschaften sind besonders angemessen f\u00fcr die Benutzung in der Industrie allgemein. Laut der Eigenschaften des Filzes bez\u00fcglich der Dichte, seiner Zusammensetzung, Farbe und Erscheinung, kann Filz f\u00fcr Folgendes benutzt werden:<\/p>\n\n\n\n<ul class=\"wp-block-list\">\n<li>Schallisolation.<\/li>\n\n\n\n<li>W\u00e4rmeisolierung.<\/li>\n\n\n\n<li>Schwingungsd\u00e4mpfer.<\/li>\n\n\n\n<li>Schmierelemente.<\/li>\n\n\n\n<li>Abstreifer.<\/li>\n\n\n\n<li>Wellendichtringe<\/li>\n\n\n\n<li>Fugen und Dichtungsscheiben.<\/li>\n<\/ul>\n","protected":false},"excerpt":{"rendered":"<p>Die Insdustriefilzplatten sind textile Strukturen zusammengesezt aus verstiften Fasern, unter denen die Wollen besonders hevorzuheben ist.<\/p>\n","protected":false},"author":1,"featured_media":2846,"parent":1863,"menu_order":30,"comment_status":"closed","ping_status":"closed","template":"","meta":{"site-sidebar-layout":"default","site-content-layout":"","ast-site-content-layout":"default","site-content-style":"default","site-sidebar-style":"default","ast-global-header-display":"","ast-banner-title-visibility":"","ast-main-header-display":"","ast-hfb-above-header-display":"","ast-hfb-below-header-display":"","ast-hfb-mobile-header-display":"","site-post-title":"","ast-breadcrumbs-content":"","ast-featured-img":"","footer-sml-layout":"","ast-disable-related-posts":"","theme-transparent-header-meta":"","adv-header-id-meta":"","stick-header-meta":"","header-above-stick-meta":"","header-main-stick-meta":"","header-below-stick-meta":"","astra-migrate-meta-layouts":"default","ast-page-background-enabled":"default","ast-page-background-meta":{"desktop":{"background-color":"var(--ast-global-color-4)","background-image":"","background-repeat":"repeat","background-position":"center center","background-size":"auto","background-attachment":"scroll","background-type":"","background-media":"","overlay-type":"","overlay-color":"","overlay-opacity":"","overlay-gradient":""},"tablet":{"background-color":"","background-image":"","background-repeat":"repeat","background-position":"center center","background-size":"auto","background-attachment":"scroll","background-type":"","background-media":"","overlay-type":"","overlay-color":"","overlay-opacity":"","overlay-gradient":""},"mobile":{"background-color":"","background-image":"","background-repeat":"repeat","background-position":"center center","background-size":"auto","background-attachment":"scroll","background-type":"","background-media":"","overlay-type":"","overlay-color":"","overlay-opacity":"","overlay-gradient":""}},"ast-content-background-meta":{"desktop":{"background-color":"var(--ast-global-color-5)","background-image":"","background-repeat":"repeat","background-position":"center center","background-size":"auto","background-attachment":"scroll","background-type":"","background-media":"","overlay-type":"","overlay-color":"","overlay-opacity":"","overlay-gradient":""},"tablet":{"background-color":"var(--ast-global-color-5)","background-image":"","background-repeat":"repeat","background-position":"center center","background-size":"auto","background-attachment":"scroll","background-type":"","background-media":"","overlay-type":"","overlay-color":"","overlay-opacity":"","overlay-gradient":""},"mobile":{"background-color":"var(--ast-global-color-5)","background-image":"","background-repeat":"repeat","background-position":"center center","background-size":"auto","background-attachment":"scroll","background-type":"","background-media":"","overlay-type":"","overlay-color":"","overlay-opacity":"","overlay-gradient":""}},"footnotes":""},"class_list":["post-1890","page","type-page","status-publish","has-post-thumbnail","hentry"],"_links":{"self":[{"href":"https:\/\/eurojuntas.es\/de\/wp-json\/wp\/v2\/pages\/1890","targetHints":{"allow":["GET"]}}],"collection":[{"href":"https:\/\/eurojuntas.es\/de\/wp-json\/wp\/v2\/pages"}],"about":[{"href":"https:\/\/eurojuntas.es\/de\/wp-json\/wp\/v2\/types\/page"}],"author":[{"embeddable":true,"href":"https:\/\/eurojuntas.es\/de\/wp-json\/wp\/v2\/users\/1"}],"replies":[{"embeddable":true,"href":"https:\/\/eurojuntas.es\/de\/wp-json\/wp\/v2\/comments?post=1890"}],"version-history":[{"count":0,"href":"https:\/\/eurojuntas.es\/de\/wp-json\/wp\/v2\/pages\/1890\/revisions"}],"up":[{"embeddable":true,"href":"https:\/\/eurojuntas.es\/de\/wp-json\/wp\/v2\/pages\/1863"}],"wp:featuredmedia":[{"embeddable":true,"href":"https:\/\/eurojuntas.es\/de\/wp-json\/wp\/v2\/media\/2846"}],"wp:attachment":[{"href":"https:\/\/eurojuntas.es\/de\/wp-json\/wp\/v2\/media?parent=1890"}],"curies":[{"name":"wp","href":"https:\/\/api.w.org\/{rel}","templated":true}]}}