{"id":2290,"date":"2020-01-17T11:39:00","date_gmt":"2020-01-17T09:39:00","guid":{"rendered":"http:\/\/eurojuntas.es\/de\/?page_id=2290"},"modified":"2023-11-09T13:19:23","modified_gmt":"2023-11-09T11:19:23","slug":"glimmer","status":"publish","type":"page","link":"https:\/\/eurojuntas.es\/de\/aislantes-electricos\/glimmer\/","title":{"rendered":"GLIMMER"},"content":{"rendered":"\n<p>Isolierstoffe, die auf Papierschichten aus integriertem Glimmer basieren, impregniert mit Silikonharzen mit hohen thermischen Eigenschaften, polymerisiert unter Druck und Temperatur mit dem Ziel Isolierplatten zu schaffen.<\/p>\n\n\n\n<p>Starrer Glimmer, basierend auf den Typ Muskovit, f\u00fcr den die Zertifizierung UL durch die Marktnachfrage geliefert wird. Auf Wunsch des Kundens kann der Glimmer auch mit der Qualit\u00e4t Phlogopit produziert, geliefert werden.<\/p>\n\n\n\n<p><strong>EIGENSCHAFTEN<\/strong><\/p>\n\n\n\n<ul class=\"wp-block-list\">\n<li>Ganz niedrige Entwicklung von Rauch.<\/li>\n\n\n\n<li>Temperaturbest\u00e4ndigkeit von bis zu 600\u00baC.<\/li>\n\n\n\n<li>Ausgezeichneter Austausch sogar bei kleinen Teilen.<\/li>\n\n\n\n<li>Ausgezeichnete dielektrische Eigenschaften.<\/li>\n<\/ul>\n\n\n\n<p><strong>ANWENDUNGEN<\/strong><\/p>\n\n\n\n<ul class=\"wp-block-list\">\n<li>Als Unterst\u00fctzung f\u00fcr Widerst\u00e4nde.<\/li>\n\n\n\n<li>Isolierplatten.<\/li>\n\n\n\n<li>Elektrische Heizungsk\u00f6rper (Toaster, Haarf\u00f6hner, Heizungen, \u00d6fen, Mikrowellen, usw.).<\/li>\n\n\n\n<li>Elektrische Ausl\u00f6seger\u00e4t (Funkenf\u00e4ngerauspuff).<\/li>\n<\/ul>\n","protected":false},"excerpt":{"rendered":"<p>Isolierstoffe, die auf Papierschichten aus integriertem Glimmer basieren, impregniert mit Silikonharzen mit hohen thermischen Eigenschaften, polymerisiert unter Druck und Temperatur mit dem Ziel Isolierplatten zu schaffen.<\/p>\n","protected":false},"author":1,"featured_media":2818,"parent":1781,"menu_order":0,"comment_status":"closed","ping_status":"closed","template":"","meta":{"site-sidebar-layout":"default","site-content-layout":"","ast-site-content-layout":"default","site-content-style":"default","site-sidebar-style":"default","ast-global-header-display":"","ast-banner-title-visibility":"","ast-main-header-display":"","ast-hfb-above-header-display":"","ast-hfb-below-header-display":"","ast-hfb-mobile-header-display":"","site-post-title":"","ast-breadcrumbs-content":"","ast-featured-img":"","footer-sml-layout":"","ast-disable-related-posts":"","theme-transparent-header-meta":"","adv-header-id-meta":"","stick-header-meta":"","header-above-stick-meta":"","header-main-stick-meta":"","header-below-stick-meta":"","astra-migrate-meta-layouts":"default","ast-page-background-enabled":"default","ast-page-background-meta":{"desktop":{"background-color":"var(--ast-global-color-4)","background-image":"","background-repeat":"repeat","background-position":"center center","background-size":"auto","background-attachment":"scroll","background-type":"","background-media":"","overlay-type":"","overlay-color":"","overlay-opacity":"","overlay-gradient":""},"tablet":{"background-color":"","background-image":"","background-repeat":"repeat","background-position":"center center","background-size":"auto","background-attachment":"scroll","background-type":"","background-media":"","overlay-type":"","overlay-color":"","overlay-opacity":"","overlay-gradient":""},"mobile":{"background-color":"","background-image":"","background-repeat":"repeat","background-position":"center center","background-size":"auto","background-attachment":"scroll","background-type":"","background-media":"","overlay-type":"","overlay-color":"","overlay-opacity":"","overlay-gradient":""}},"ast-content-background-meta":{"desktop":{"background-color":"var(--ast-global-color-5)","background-image":"","background-repeat":"repeat","background-position":"center center","background-size":"auto","background-attachment":"scroll","background-type":"","background-media":"","overlay-type":"","overlay-color":"","overlay-opacity":"","overlay-gradient":""},"tablet":{"background-color":"var(--ast-global-color-5)","background-image":"","background-repeat":"repeat","background-position":"center center","background-size":"auto","background-attachment":"scroll","background-type":"","background-media":"","overlay-type":"","overlay-color":"","overlay-opacity":"","overlay-gradient":""},"mobile":{"background-color":"var(--ast-global-color-5)","background-image":"","background-repeat":"repeat","background-position":"center center","background-size":"auto","background-attachment":"scroll","background-type":"","background-media":"","overlay-type":"","overlay-color":"","overlay-opacity":"","overlay-gradient":""}},"footnotes":""},"class_list":["post-2290","page","type-page","status-publish","has-post-thumbnail","hentry"],"_links":{"self":[{"href":"https:\/\/eurojuntas.es\/de\/wp-json\/wp\/v2\/pages\/2290","targetHints":{"allow":["GET"]}}],"collection":[{"href":"https:\/\/eurojuntas.es\/de\/wp-json\/wp\/v2\/pages"}],"about":[{"href":"https:\/\/eurojuntas.es\/de\/wp-json\/wp\/v2\/types\/page"}],"author":[{"embeddable":true,"href":"https:\/\/eurojuntas.es\/de\/wp-json\/wp\/v2\/users\/1"}],"replies":[{"embeddable":true,"href":"https:\/\/eurojuntas.es\/de\/wp-json\/wp\/v2\/comments?post=2290"}],"version-history":[{"count":0,"href":"https:\/\/eurojuntas.es\/de\/wp-json\/wp\/v2\/pages\/2290\/revisions"}],"up":[{"embeddable":true,"href":"https:\/\/eurojuntas.es\/de\/wp-json\/wp\/v2\/pages\/1781"}],"wp:featuredmedia":[{"embeddable":true,"href":"https:\/\/eurojuntas.es\/de\/wp-json\/wp\/v2\/media\/2818"}],"wp:attachment":[{"href":"https:\/\/eurojuntas.es\/de\/wp-json\/wp\/v2\/media?parent=2290"}],"curies":[{"name":"wp","href":"https:\/\/api.w.org\/{rel}","templated":true}]}}