{"id":2302,"date":"2020-01-17T12:22:06","date_gmt":"2020-01-17T10:22:06","guid":{"rendered":"http:\/\/eurojuntas.es\/de\/?page_id=2302"},"modified":"2023-11-09T13:20:09","modified_gmt":"2023-11-09T11:20:09","slug":"andere","status":"publish","type":"page","link":"https:\/\/eurojuntas.es\/de\/aislantes-electricos\/andere\/","title":{"rendered":"ANDERE"},"content":{"rendered":"\n<ul class=\"wp-block-list\">\n<li><strong>KAPTON<\/strong><\/li>\n<\/ul>\n\n\n\n<p>Der Kunststoff Polymer mit der h\u00f6chsten Hitzebest\u00e4ndigkeit je bekannt. Durchg\u00e4ngige Hitzebest\u00e4ndigkeit h\u00f6her als 240 \u00baC. Ausgezeichnete physische Eigenschaften.<\/p>\n\n\n\n<ul class=\"wp-block-list\">\n<li><strong>VULKANFIBER<\/strong><\/li>\n<\/ul>\n\n\n\n<p>Ist ein Produkt mit einem hohen elektrischen und mechanischen Widerstand,&nbsp; f\u00fcr Dichtungsringe, Isolierplatten, lichtbogenbest\u00e4ndig, Elektromotoren, Stromwandler und Spulen.<\/p>\n\n\n\n<p><strong>PRESSPHAN<\/strong><\/p>\n\n\n\n<p>Isolierkarton. Seine Anwendungen findet man bei der Isolierung von Schichten zwischen Stromwandler, Isolierung von Motorrillen und verschiedenen Teilen.<\/p>\n\n\n\n<ul class=\"wp-block-list\">\n<li><strong>TERCOTT C<\/strong><\/li>\n<\/ul>\n\n\n\n<p>Dielektrischer Karton aus harten und hoch widerstandsf\u00e4higen Fasern, beschichtet mit Polyesterfolie. Besitzt eine mechanische Steifigkeit, und dies vereinfacht die Einf\u00fchrung in die Motorrillen, sei es handbetrieben oder automatisch.<\/p>\n\n\n\n<ul class=\"wp-block-list\">\n<li><strong>&nbsp;POLYESTERFOLIE<\/strong><\/li>\n<\/ul>\n\n\n\n<p>Polyethylenterephthalat kann die verschiedensten Aufgaben in der Elektroindustrie ausf\u00fchren, indem es dickere Materialien ersetzt.<\/p>\n","protected":false},"excerpt":{"rendered":"<p>Verschiedene Arten<\/p>\n","protected":false},"author":1,"featured_media":2826,"parent":1781,"menu_order":3,"comment_status":"closed","ping_status":"closed","template":"","meta":{"site-sidebar-layout":"default","site-content-layout":"","ast-site-content-layout":"default","site-content-style":"default","site-sidebar-style":"default","ast-global-header-display":"","ast-banner-title-visibility":"","ast-main-header-display":"","ast-hfb-above-header-display":"","ast-hfb-below-header-display":"","ast-hfb-mobile-header-display":"","site-post-title":"","ast-breadcrumbs-content":"","ast-featured-img":"","footer-sml-layout":"","ast-disable-related-posts":"","theme-transparent-header-meta":"","adv-header-id-meta":"","stick-header-meta":"","header-above-stick-meta":"","header-main-stick-meta":"","header-below-stick-meta":"","astra-migrate-meta-layouts":"default","ast-page-background-enabled":"default","ast-page-background-meta":{"desktop":{"background-color":"var(--ast-global-color-4)","background-image":"","background-repeat":"repeat","background-position":"center center","background-size":"auto","background-attachment":"scroll","background-type":"","background-media":"","overlay-type":"","overlay-color":"","overlay-opacity":"","overlay-gradient":""},"tablet":{"background-color":"","background-image":"","background-repeat":"repeat","background-position":"center center","background-size":"auto","background-attachment":"scroll","background-type":"","background-media":"","overlay-type":"","overlay-color":"","overlay-opacity":"","overlay-gradient":""},"mobile":{"background-color":"","background-image":"","background-repeat":"repeat","background-position":"center center","background-size":"auto","background-attachment":"scroll","background-type":"","background-media":"","overlay-type":"","overlay-color":"","overlay-opacity":"","overlay-gradient":""}},"ast-content-background-meta":{"desktop":{"background-color":"var(--ast-global-color-5)","background-image":"","background-repeat":"repeat","background-position":"center center","background-size":"auto","background-attachment":"scroll","background-type":"","background-media":"","overlay-type":"","overlay-color":"","overlay-opacity":"","overlay-gradient":""},"tablet":{"background-color":"var(--ast-global-color-5)","background-image":"","background-repeat":"repeat","background-position":"center center","background-size":"auto","background-attachment":"scroll","background-type":"","background-media":"","overlay-type":"","overlay-color":"","overlay-opacity":"","overlay-gradient":""},"mobile":{"background-color":"var(--ast-global-color-5)","background-image":"","background-repeat":"repeat","background-position":"center center","background-size":"auto","background-attachment":"scroll","background-type":"","background-media":"","overlay-type":"","overlay-color":"","overlay-opacity":"","overlay-gradient":""}},"footnotes":""},"class_list":["post-2302","page","type-page","status-publish","has-post-thumbnail","hentry"],"_links":{"self":[{"href":"https:\/\/eurojuntas.es\/de\/wp-json\/wp\/v2\/pages\/2302","targetHints":{"allow":["GET"]}}],"collection":[{"href":"https:\/\/eurojuntas.es\/de\/wp-json\/wp\/v2\/pages"}],"about":[{"href":"https:\/\/eurojuntas.es\/de\/wp-json\/wp\/v2\/types\/page"}],"author":[{"embeddable":true,"href":"https:\/\/eurojuntas.es\/de\/wp-json\/wp\/v2\/users\/1"}],"replies":[{"embeddable":true,"href":"https:\/\/eurojuntas.es\/de\/wp-json\/wp\/v2\/comments?post=2302"}],"version-history":[{"count":0,"href":"https:\/\/eurojuntas.es\/de\/wp-json\/wp\/v2\/pages\/2302\/revisions"}],"up":[{"embeddable":true,"href":"https:\/\/eurojuntas.es\/de\/wp-json\/wp\/v2\/pages\/1781"}],"wp:featuredmedia":[{"embeddable":true,"href":"https:\/\/eurojuntas.es\/de\/wp-json\/wp\/v2\/media\/2826"}],"wp:attachment":[{"href":"https:\/\/eurojuntas.es\/de\/wp-json\/wp\/v2\/media?parent=2302"}],"curies":[{"name":"wp","href":"https:\/\/api.w.org\/{rel}","templated":true}]}}