{"id":3207,"date":"2016-10-20T14:40:23","date_gmt":"2016-10-20T12:40:23","guid":{"rendered":"https:\/\/eurojuntas.es\/others\/ptfe\/"},"modified":"2023-11-09T14:20:05","modified_gmt":"2023-11-09T12:20:05","slug":"ptfe","status":"publish","type":"page","link":"https:\/\/eurojuntas.es\/en\/others\/ptfe\/","title":{"rendered":"PTFE"},"content":{"rendered":"\n<p>El PTFE (Politetrafluoretileno) es una resina de fluorocarburo.<\/p>\n\n\n\n<ul class=\"wp-block-list\">\n<li>Temperatura: -200\u00baC a +260\u00baC<\/li>\n\n\n\n<li>Resiste a casi todos los productos agresivos&nbsp;pH 0-14, excepto metales alcalinos fundidos o disueltos.<\/li>\n\n\n\n<li>Sufre un ligero hinchamiento con hidrocarburos fluorados y es fisiol\u00f3gicamente inocuo.<\/li>\n\n\n\n<li>No absorbe humedad.<\/li>\n\n\n\n<li>Tiene excelentes propiedades de rozamiento, tanto est\u00e1ticas como din\u00e1micas,&nbsp;que pueden mejorarse con ciertos materiales de relleno y agentes de refuerzo, como el bronce, la fibra de vidrio, carb\u00f3n y grafito.<\/li>\n\n\n\n<li>No es afectado por la intemperie, exposici\u00f3n solar, humedad o temperaturas&nbsp;de congelaci\u00f3n.<\/li>\n<\/ul>\n\n\n\n<p>Aplicaci\u00f3n: Industria qu\u00edmica, alimentaria, mec\u00e1nica fina y en electrotecnia.<\/p>\n\n\n\n<p>Formatos:<\/p>\n\n\n\n<ul class=\"wp-block-list\">\n<li>Films<\/li>\n\n\n\n<li>Planchas<\/li>\n<\/ul>\n","protected":false},"excerpt":{"rendered":"<p>El PTFE (Politetrafluoretileno) es una resina de fluorocarburo.<\/p>\n","protected":false},"author":1,"featured_media":2924,"parent":1668,"menu_order":40,"comment_status":"closed","ping_status":"closed","template":"","meta":{"site-sidebar-layout":"default","site-content-layout":"","ast-site-content-layout":"default","site-content-style":"default","site-sidebar-style":"default","ast-global-header-display":"","ast-banner-title-visibility":"","ast-main-header-display":"","ast-hfb-above-header-display":"","ast-hfb-below-header-display":"","ast-hfb-mobile-header-display":"","site-post-title":"","ast-breadcrumbs-content":"","ast-featured-img":"","footer-sml-layout":"","ast-disable-related-posts":"","theme-transparent-header-meta":"","adv-header-id-meta":"","stick-header-meta":"","header-above-stick-meta":"","header-main-stick-meta":"","header-below-stick-meta":"","astra-migrate-meta-layouts":"default","ast-page-background-enabled":"default","ast-page-background-meta":{"desktop":{"background-color":"var(--ast-global-color-4)","background-image":"","background-repeat":"repeat","background-position":"center center","background-size":"auto","background-attachment":"scroll","background-type":"","background-media":"","overlay-type":"","overlay-color":"","overlay-opacity":"","overlay-gradient":""},"tablet":{"background-color":"","background-image":"","background-repeat":"repeat","background-position":"center center","background-size":"auto","background-attachment":"scroll","background-type":"","background-media":"","overlay-type":"","overlay-color":"","overlay-opacity":"","overlay-gradient":""},"mobile":{"background-color":"","background-image":"","background-repeat":"repeat","background-position":"center center","background-size":"auto","background-attachment":"scroll","background-type":"","background-media":"","overlay-type":"","overlay-color":"","overlay-opacity":"","overlay-gradient":""}},"ast-content-background-meta":{"desktop":{"background-color":"var(--ast-global-color-5)","background-image":"","background-repeat":"repeat","background-position":"center center","background-size":"auto","background-attachment":"scroll","background-type":"","background-media":"","overlay-type":"","overlay-color":"","overlay-opacity":"","overlay-gradient":""},"tablet":{"background-color":"var(--ast-global-color-5)","background-image":"","background-repeat":"repeat","background-position":"center center","background-size":"auto","background-attachment":"scroll","background-type":"","background-media":"","overlay-type":"","overlay-color":"","overlay-opacity":"","overlay-gradient":""},"mobile":{"background-color":"var(--ast-global-color-5)","background-image":"","background-repeat":"repeat","background-position":"center center","background-size":"auto","background-attachment":"scroll","background-type":"","background-media":"","overlay-type":"","overlay-color":"","overlay-opacity":"","overlay-gradient":""}},"footnotes":""},"class_list":["post-3207","page","type-page","status-publish","has-post-thumbnail","hentry"],"_links":{"self":[{"href":"https:\/\/eurojuntas.es\/en\/wp-json\/wp\/v2\/pages\/3207","targetHints":{"allow":["GET"]}}],"collection":[{"href":"https:\/\/eurojuntas.es\/en\/wp-json\/wp\/v2\/pages"}],"about":[{"href":"https:\/\/eurojuntas.es\/en\/wp-json\/wp\/v2\/types\/page"}],"author":[{"embeddable":true,"href":"https:\/\/eurojuntas.es\/en\/wp-json\/wp\/v2\/users\/1"}],"replies":[{"embeddable":true,"href":"https:\/\/eurojuntas.es\/en\/wp-json\/wp\/v2\/comments?post=3207"}],"version-history":[{"count":0,"href":"https:\/\/eurojuntas.es\/en\/wp-json\/wp\/v2\/pages\/3207\/revisions"}],"up":[{"embeddable":true,"href":"https:\/\/eurojuntas.es\/en\/wp-json\/wp\/v2\/pages\/1668"}],"wp:featuredmedia":[{"embeddable":true,"href":"https:\/\/eurojuntas.es\/en\/wp-json\/wp\/v2\/media\/2924"}],"wp:attachment":[{"href":"https:\/\/eurojuntas.es\/en\/wp-json\/wp\/v2\/media?parent=3207"}],"curies":[{"name":"wp","href":"https:\/\/api.w.org\/{rel}","templated":true}]}}