{"id":1956,"date":"2016-10-13T15:09:27","date_gmt":"2016-10-13T13:09:27","guid":{"rendered":"http:\/\/eurojuntas.es\/gurenet\/fr\/aislantes-electricos\/otros\/"},"modified":"2023-11-09T12:38:40","modified_gmt":"2023-11-09T10:38:40","slug":"otros","status":"publish","type":"page","link":"https:\/\/eurojuntas.es\/fr\/aislantes-electricos\/otros\/","title":{"rendered":"Autres"},"content":{"rendered":"\n<ul class=\"wp-block-list\">\n<li><strong>KAPTON <\/strong><\/li>\n<\/ul>\n\n\n\n<p>Polym\u00e8re plastique dont la r\u00e9sistance thermique est la plus \u00e9lev\u00e9e. R\u00e9sistance thermique en continu sup\u00e9rieure \u00e0 240 \u00baC. Excellentes propri\u00e9t\u00e9s physiques.<\/p>\n\n\n\n<ul class=\"wp-block-list\">\n<li><strong>FIBRE VULCANIS\u00c9E <\/strong><\/li>\n<\/ul>\n\n\n\n<p>Produit \u00e0 forte r\u00e9sistance \u00e9lectrique et m\u00e9canique, pour rondelles, plaques isolantes r\u00e9sistantes \u00e0 l\u2019arc \u00e9lectrique, moteurs \u00e9lectriques, transformateurs et bobinages.<\/p>\n\n\n\n<ul class=\"wp-block-list\">\n<li><strong>PRESSPHAN<\/strong><\/li>\n<\/ul>\n\n\n\n<p>Carton isolant. Ses applications peuvent \u00eatre celle d\u2019isolation entre couches de transformateurs, isolation en rainures de moteur et pi\u00e8ces diverses.<\/p>\n\n\n\n<ul class=\"wp-block-list\">\n<li><strong>TERCOTT C <\/strong><\/li>\n<\/ul>\n\n\n\n<p>Carton di\u00e9lectrique en fibres dures et fortement r\u00e9sistantes, lamin\u00e9 avec du film polyester. Sa forte rigidit\u00e9 m\u00e9canique facilite l\u2019introduction dans les rainures du moteur, aussi bien en cas d\u2019insertion manuelle qu\u2019automatique.<\/p>\n\n\n\n<ul class=\"wp-block-list\">\n<li><strong>FILM POLYESTER<\/strong><\/li>\n<\/ul>\n\n\n\n<p>Le Poly\u00e9thyl\u00e8ne t\u00e9rephtalate peut accomplir les fonctions les plus diverses dans l\u2019industrie \u00e9lectrique, en substituant les mat\u00e9riaux les plus \u00e9pais.<\/p>\n","protected":false},"excerpt":{"rendered":"<p>Plusieurs types<\/p>\n","protected":false},"author":1,"featured_media":2825,"parent":1937,"menu_order":3,"comment_status":"closed","ping_status":"closed","template":"","meta":{"site-sidebar-layout":"default","site-content-layout":"","ast-site-content-layout":"default","site-content-style":"default","site-sidebar-style":"default","ast-global-header-display":"","ast-banner-title-visibility":"","ast-main-header-display":"","ast-hfb-above-header-display":"","ast-hfb-below-header-display":"","ast-hfb-mobile-header-display":"","site-post-title":"","ast-breadcrumbs-content":"","ast-featured-img":"","footer-sml-layout":"","ast-disable-related-posts":"","theme-transparent-header-meta":"","adv-header-id-meta":"","stick-header-meta":"","header-above-stick-meta":"","header-main-stick-meta":"","header-below-stick-meta":"","astra-migrate-meta-layouts":"default","ast-page-background-enabled":"default","ast-page-background-meta":{"desktop":{"background-color":"var(--ast-global-color-4)","background-image":"","background-repeat":"repeat","background-position":"center center","background-size":"auto","background-attachment":"scroll","background-type":"","background-media":"","overlay-type":"","overlay-color":"","overlay-opacity":"","overlay-gradient":""},"tablet":{"background-color":"","background-image":"","background-repeat":"repeat","background-position":"center center","background-size":"auto","background-attachment":"scroll","background-type":"","background-media":"","overlay-type":"","overlay-color":"","overlay-opacity":"","overlay-gradient":""},"mobile":{"background-color":"","background-image":"","background-repeat":"repeat","background-position":"center center","background-size":"auto","background-attachment":"scroll","background-type":"","background-media":"","overlay-type":"","overlay-color":"","overlay-opacity":"","overlay-gradient":""}},"ast-content-background-meta":{"desktop":{"background-color":"var(--ast-global-color-5)","background-image":"","background-repeat":"repeat","background-position":"center center","background-size":"auto","background-attachment":"scroll","background-type":"","background-media":"","overlay-type":"","overlay-color":"","overlay-opacity":"","overlay-gradient":""},"tablet":{"background-color":"var(--ast-global-color-5)","background-image":"","background-repeat":"repeat","background-position":"center center","background-size":"auto","background-attachment":"scroll","background-type":"","background-media":"","overlay-type":"","overlay-color":"","overlay-opacity":"","overlay-gradient":""},"mobile":{"background-color":"var(--ast-global-color-5)","background-image":"","background-repeat":"repeat","background-position":"center center","background-size":"auto","background-attachment":"scroll","background-type":"","background-media":"","overlay-type":"","overlay-color":"","overlay-opacity":"","overlay-gradient":""}},"footnotes":""},"class_list":["post-1956","page","type-page","status-publish","has-post-thumbnail","hentry"],"_links":{"self":[{"href":"https:\/\/eurojuntas.es\/fr\/wp-json\/wp\/v2\/pages\/1956","targetHints":{"allow":["GET"]}}],"collection":[{"href":"https:\/\/eurojuntas.es\/fr\/wp-json\/wp\/v2\/pages"}],"about":[{"href":"https:\/\/eurojuntas.es\/fr\/wp-json\/wp\/v2\/types\/page"}],"author":[{"embeddable":true,"href":"https:\/\/eurojuntas.es\/fr\/wp-json\/wp\/v2\/users\/1"}],"replies":[{"embeddable":true,"href":"https:\/\/eurojuntas.es\/fr\/wp-json\/wp\/v2\/comments?post=1956"}],"version-history":[{"count":0,"href":"https:\/\/eurojuntas.es\/fr\/wp-json\/wp\/v2\/pages\/1956\/revisions"}],"up":[{"embeddable":true,"href":"https:\/\/eurojuntas.es\/fr\/wp-json\/wp\/v2\/pages\/1937"}],"wp:featuredmedia":[{"embeddable":true,"href":"https:\/\/eurojuntas.es\/fr\/wp-json\/wp\/v2\/media\/2825"}],"wp:attachment":[{"href":"https:\/\/eurojuntas.es\/fr\/wp-json\/wp\/v2\/media?parent=1956"}],"curies":[{"name":"wp","href":"https:\/\/api.w.org\/{rel}","templated":true}]}}