{"id":1969,"date":"2016-09-15T09:45:15","date_gmt":"2016-09-15T09:45:15","guid":{"rendered":"http:\/\/eurojuntas.es\/gurenet\/fr\/cartones-comprimidos\/afm-34\/"},"modified":"2023-11-09T12:32:18","modified_gmt":"2023-11-09T10:32:18","slug":"afm-34","status":"publish","type":"page","link":"https:\/\/eurojuntas.es\/fr\/cartones-comprimidos\/afm-34\/","title":{"rendered":"AFM 34"},"content":{"rendered":"\n<p><strong>AFM 34<\/strong>&nbsp;est un mat\u00e9riau d\u2019\u00e9tanch\u00e9it\u00e9 sans amiante. Il se compose de fibres d\u2019aramide, de charges min\u00e9rales et d\u2019autres substances r\u00e9sistantes \u00e0 des temp\u00e9ratures \u00e9lev\u00e9es qui, \u00e0 une pression et une temp\u00e9rature \u00e9lev\u00e9es, sont li\u00e9s \u00e0 des \u00e9lastom\u00e8res de haute qualit\u00e9 de fa\u00e7on \u00e0 pr\u00e9senter une haute r\u00e9sistance structurelle et une \u00e9tanch\u00e9it\u00e9 aux gaz exceptionnelle<\/p>\n\n\n\n<p><strong>Propri\u00e9t\u00e9s<\/strong><br><strong>AFM 34<\/strong>&nbsp;ne contient aucune substance pr\u00e9sentant un risque physiologique ni des additifs colorants.<br><strong><br>AFM 34<\/strong>&nbsp;se caract\u00e9rise par sa haute r\u00e9sistance \u00e0 la traction et au cisaillement et par son excellente contrainte r\u00e9siduelle. Ce mat\u00e9riau se pr\u00eate parfaitement \u00e0 assurer l\u2019\u00e9tanch\u00e9it\u00e9 aux gaz et aux fluides, p. ex. aux huiles, solvants, carburants, frig\u00e8nes, gaz liqu\u00e9fi\u00e9s, m\u00e9langes eau-antigel, solutions salines et beaucoup d\u2019autres fluides. Convient aussi pour \u00e9tancher contre l\u2019eau chaude et la vapeur jusqu\u2019\u00e0 env. 200 \u00b0C, pour les processus stationnaires et lors d\u2019une pression superficielle de montage de 50 N\/mm\u00b2 minimum. Veuillez nous consulter en cas d\u2019une application concr\u00e8te.<\/p>\n\n\n\n<p>AFM 34 est aussi remarquable par son excellente r\u00e9sistance thermique sous hautes pressions de service. De plus il est d\u2019un maniement facile.<\/p>\n\n\n\n<p><strong>Application<\/strong><br><strong>AFM 34<\/strong>&nbsp;s\u2019emploie dans les liaisons par brides DIN et ANSI, appareils, pompes, robinetteries et tuyauteries d\u2019installations industrielles.<\/p>\n\n\n\n<p>Dans des fixations par vis avec surface annulaire tr\u00e8s \u00e9troite, par exemple dans les chauffe-eau, les capteurs solaires, les radiateurs et les raccords des \u00e9quipements de chauffage.<\/p>\n\n\n\n<p>Il s\u2019emploie dans les liaisons d\u2019\u00e9tanch\u00e9it\u00e9 soumises \u00e0 de hautes sollicitations m\u00e9cano- thermiques dans les moteurs \u00e0 combustion interne (pompes \u00e0 huile, \u00e0 eau, \u00e0 carburant et \u00e0 vide, etc.)<\/p>\n\n\n\n<p>les bo\u00eetes de vitesses, les compresseurs frigorifiques et les compresseurs d\u2019air.<br>Par le fait que l\u2019AFM 34 est inoffensif au point de vue physiologique, il est indiqu\u00e9 aussi pour l\u2019emploi dans l\u2019approvisionnement en eau potable et dans l\u2019alimentation ainsi que pour rendre \u00e9tancher les produits de grande puret\u00e9 particuli\u00e8rement sensibles \u00e0 la pollution comme p. ex. les mati\u00e8res premi\u00e8res pour vernis, vitamines, etc.<\/p>\n\n\n\n<p><strong>Homologations<\/strong><br><strong>DIN-DVGW<\/strong><\/p>\n\n\n\n<p>Conformit\u00e9 FDA \/ WRAS \/ VP 401 (HTB) \/ Fire Safe \/ BAM \/ Grade X \/ UVV 61 \/ TA-Luft \/ Germanischer Lloyd (DNV GL)<\/p>\n","protected":false},"excerpt":{"rendered":"<p>Est un mat\u00e9riau d\u2019\u00e9tanch\u00e9it\u00e9 sans amiante. Il se compose de fibres d\u2019aramide,<\/p>\n","protected":false},"author":1,"featured_media":2671,"parent":1960,"menu_order":0,"comment_status":"closed","ping_status":"closed","template":"","meta":{"site-sidebar-layout":"default","site-content-layout":"","ast-site-content-layout":"default","site-content-style":"default","site-sidebar-style":"default","ast-global-header-display":"","ast-banner-title-visibility":"","ast-main-header-display":"","ast-hfb-above-header-display":"","ast-hfb-below-header-display":"","ast-hfb-mobile-header-display":"","site-post-title":"","ast-breadcrumbs-content":"","ast-featured-img":"","footer-sml-layout":"","ast-disable-related-posts":"","theme-transparent-header-meta":"","adv-header-id-meta":"","stick-header-meta":"","header-above-stick-meta":"","header-main-stick-meta":"","header-below-stick-meta":"","astra-migrate-meta-layouts":"default","ast-page-background-enabled":"default","ast-page-background-meta":{"desktop":{"background-color":"var(--ast-global-color-4)","background-image":"","background-repeat":"repeat","background-position":"center center","background-size":"auto","background-attachment":"scroll","background-type":"","background-media":"","overlay-type":"","overlay-color":"","overlay-opacity":"","overlay-gradient":""},"tablet":{"background-color":"","background-image":"","background-repeat":"repeat","background-position":"center center","background-size":"auto","background-attachment":"scroll","background-type":"","background-media":"","overlay-type":"","overlay-color":"","overlay-opacity":"","overlay-gradient":""},"mobile":{"background-color":"","background-image":"","background-repeat":"repeat","background-position":"center center","background-size":"auto","background-attachment":"scroll","background-type":"","background-media":"","overlay-type":"","overlay-color":"","overlay-opacity":"","overlay-gradient":""}},"ast-content-background-meta":{"desktop":{"background-color":"var(--ast-global-color-5)","background-image":"","background-repeat":"repeat","background-position":"center center","background-size":"auto","background-attachment":"scroll","background-type":"","background-media":"","overlay-type":"","overlay-color":"","overlay-opacity":"","overlay-gradient":""},"tablet":{"background-color":"var(--ast-global-color-5)","background-image":"","background-repeat":"repeat","background-position":"center center","background-size":"auto","background-attachment":"scroll","background-type":"","background-media":"","overlay-type":"","overlay-color":"","overlay-opacity":"","overlay-gradient":""},"mobile":{"background-color":"var(--ast-global-color-5)","background-image":"","background-repeat":"repeat","background-position":"center center","background-size":"auto","background-attachment":"scroll","background-type":"","background-media":"","overlay-type":"","overlay-color":"","overlay-opacity":"","overlay-gradient":""}},"footnotes":""},"class_list":["post-1969","page","type-page","status-publish","has-post-thumbnail","hentry"],"_links":{"self":[{"href":"https:\/\/eurojuntas.es\/fr\/wp-json\/wp\/v2\/pages\/1969","targetHints":{"allow":["GET"]}}],"collection":[{"href":"https:\/\/eurojuntas.es\/fr\/wp-json\/wp\/v2\/pages"}],"about":[{"href":"https:\/\/eurojuntas.es\/fr\/wp-json\/wp\/v2\/types\/page"}],"author":[{"embeddable":true,"href":"https:\/\/eurojuntas.es\/fr\/wp-json\/wp\/v2\/users\/1"}],"replies":[{"embeddable":true,"href":"https:\/\/eurojuntas.es\/fr\/wp-json\/wp\/v2\/comments?post=1969"}],"version-history":[{"count":0,"href":"https:\/\/eurojuntas.es\/fr\/wp-json\/wp\/v2\/pages\/1969\/revisions"}],"up":[{"embeddable":true,"href":"https:\/\/eurojuntas.es\/fr\/wp-json\/wp\/v2\/pages\/1960"}],"wp:featuredmedia":[{"embeddable":true,"href":"https:\/\/eurojuntas.es\/fr\/wp-json\/wp\/v2\/media\/2671"}],"wp:attachment":[{"href":"https:\/\/eurojuntas.es\/fr\/wp-json\/wp\/v2\/media?parent=1969"}],"curies":[{"name":"wp","href":"https:\/\/api.w.org\/{rel}","templated":true}]}}