{"id":1980,"date":"2016-09-15T10:38:42","date_gmt":"2016-09-15T10:38:42","guid":{"rendered":"http:\/\/eurojuntas.es\/gurenet\/fr\/cartones-comprimidos\/afm-38\/"},"modified":"2023-11-09T12:33:32","modified_gmt":"2023-11-09T10:33:32","slug":"afm-38","status":"publish","type":"page","link":"https:\/\/eurojuntas.es\/fr\/cartones-comprimidos\/afm-38\/","title":{"rendered":"AFM 38"},"content":{"rendered":"\n<p><strong>AFM 38<\/strong>&nbsp;est un mat\u00e9riau d\u2019\u00e9tanch\u00e9it\u00e9 sans amiante. Il se compose de fibres d\u2019aramide et d\u2019autres substituts d\u2019amiante, r\u00e9sistants \u00e0 des temp\u00e9ratures \u00e9lev\u00e9es, qui, sous pression et temp\u00e9rature \u00e9lev\u00e9es, sont li\u00e9s \u00e0 des \u00e9lastom\u00e8res de haute qualit\u00e9.<\/p>\n\n\n\n<p><strong>Propri\u00e9t\u00e9s<\/strong><br><strong>AFM 38<\/strong>&nbsp;est un mat\u00e9riau d\u2019\u00e9tanch\u00e9it\u00e9 sans amiante. Il se compose de fibres d\u2019aramide et d\u2019autres substituts d\u2019amiante, r\u00e9sistants \u00e0 des temp\u00e9ratures \u00e9lev\u00e9es, qui, sous pression et temp\u00e9rature \u00e9lev\u00e9es, sont li\u00e9s \u00e0 des \u00e9lastom\u00e8res de haute qualit\u00e9.<\/p>\n\n\n\n<p><strong>Application<\/strong><\/p>\n\n\n\n<ul class=\"wp-block-list\">\n<li>Pour l\u2019emploi dans les jonctions soumises \u00e0 de faibles sollicitations m\u00e9cano-thermiques,<\/li>\n\n\n\n<li>Pour \u00e9tancher les \u00e9l\u00e9ments de construction facilement d\u00e9formables, sous pression de serrage relativement faible, p. ex. couvercles de soupapes, carters d\u2019huile, couvercles dans les moteurs \u00e0 combustion interne, pour les bo\u00eetes de vitesses, pompes, appareils et tuyauteries, dans la robinetterie et l\u2019hygi\u00e9nique<\/li>\n\n\n\n<li>Pour \u00e9tancher les huiles moteurs et de bo\u00eetes de vitesses, les huiles hydrauliques et frigorifiques, les carburants et les solvants, l\u2019eau ainsi que les m\u00e9langes eau-antigel et eau-anticorrosion.<\/li>\n<\/ul>\n\n\n\n<p><strong>Homologations<\/strong><br>Germanischer Lloyd (DNV GL)<\/p>\n","protected":false},"excerpt":{"rendered":"<p>Eest un mat\u00e9riau d\u2019\u00e9tanch\u00e9it\u00e9 sans amiante. Il se compose de fibres d\u2019aramide et d\u2019autres substituts d\u2019amiante,<\/p>\n","protected":false},"author":1,"featured_media":2683,"parent":1960,"menu_order":30,"comment_status":"closed","ping_status":"closed","template":"","meta":{"site-sidebar-layout":"default","site-content-layout":"","ast-site-content-layout":"default","site-content-style":"default","site-sidebar-style":"default","ast-global-header-display":"","ast-banner-title-visibility":"","ast-main-header-display":"","ast-hfb-above-header-display":"","ast-hfb-below-header-display":"","ast-hfb-mobile-header-display":"","site-post-title":"","ast-breadcrumbs-content":"","ast-featured-img":"","footer-sml-layout":"","ast-disable-related-posts":"","theme-transparent-header-meta":"","adv-header-id-meta":"","stick-header-meta":"","header-above-stick-meta":"","header-main-stick-meta":"","header-below-stick-meta":"","astra-migrate-meta-layouts":"default","ast-page-background-enabled":"default","ast-page-background-meta":{"desktop":{"background-color":"var(--ast-global-color-4)","background-image":"","background-repeat":"repeat","background-position":"center center","background-size":"auto","background-attachment":"scroll","background-type":"","background-media":"","overlay-type":"","overlay-color":"","overlay-opacity":"","overlay-gradient":""},"tablet":{"background-color":"","background-image":"","background-repeat":"repeat","background-position":"center center","background-size":"auto","background-attachment":"scroll","background-type":"","background-media":"","overlay-type":"","overlay-color":"","overlay-opacity":"","overlay-gradient":""},"mobile":{"background-color":"","background-image":"","background-repeat":"repeat","background-position":"center center","background-size":"auto","background-attachment":"scroll","background-type":"","background-media":"","overlay-type":"","overlay-color":"","overlay-opacity":"","overlay-gradient":""}},"ast-content-background-meta":{"desktop":{"background-color":"var(--ast-global-color-5)","background-image":"","background-repeat":"repeat","background-position":"center center","background-size":"auto","background-attachment":"scroll","background-type":"","background-media":"","overlay-type":"","overlay-color":"","overlay-opacity":"","overlay-gradient":""},"tablet":{"background-color":"var(--ast-global-color-5)","background-image":"","background-repeat":"repeat","background-position":"center center","background-size":"auto","background-attachment":"scroll","background-type":"","background-media":"","overlay-type":"","overlay-color":"","overlay-opacity":"","overlay-gradient":""},"mobile":{"background-color":"var(--ast-global-color-5)","background-image":"","background-repeat":"repeat","background-position":"center center","background-size":"auto","background-attachment":"scroll","background-type":"","background-media":"","overlay-type":"","overlay-color":"","overlay-opacity":"","overlay-gradient":""}},"footnotes":""},"class_list":["post-1980","page","type-page","status-publish","has-post-thumbnail","hentry"],"_links":{"self":[{"href":"https:\/\/eurojuntas.es\/fr\/wp-json\/wp\/v2\/pages\/1980","targetHints":{"allow":["GET"]}}],"collection":[{"href":"https:\/\/eurojuntas.es\/fr\/wp-json\/wp\/v2\/pages"}],"about":[{"href":"https:\/\/eurojuntas.es\/fr\/wp-json\/wp\/v2\/types\/page"}],"author":[{"embeddable":true,"href":"https:\/\/eurojuntas.es\/fr\/wp-json\/wp\/v2\/users\/1"}],"replies":[{"embeddable":true,"href":"https:\/\/eurojuntas.es\/fr\/wp-json\/wp\/v2\/comments?post=1980"}],"version-history":[{"count":0,"href":"https:\/\/eurojuntas.es\/fr\/wp-json\/wp\/v2\/pages\/1980\/revisions"}],"up":[{"embeddable":true,"href":"https:\/\/eurojuntas.es\/fr\/wp-json\/wp\/v2\/pages\/1960"}],"wp:featuredmedia":[{"embeddable":true,"href":"https:\/\/eurojuntas.es\/fr\/wp-json\/wp\/v2\/media\/2683"}],"wp:attachment":[{"href":"https:\/\/eurojuntas.es\/fr\/wp-json\/wp\/v2\/media?parent=1980"}],"curies":[{"name":"wp","href":"https:\/\/api.w.org\/{rel}","templated":true}]}}