{"id":1984,"date":"2016-09-15T10:35:14","date_gmt":"2016-09-15T10:35:14","guid":{"rendered":"http:\/\/eurojuntas.es\/gurenet\/fr\/cartones-comprimidos\/afm-39\/"},"modified":"2023-11-09T12:33:49","modified_gmt":"2023-11-09T10:33:49","slug":"afm-39","status":"publish","type":"page","link":"https:\/\/eurojuntas.es\/fr\/cartones-comprimidos\/afm-39\/","title":{"rendered":"AFM 39\/2"},"content":{"rendered":"\n<p><strong>AFM 39\/2<\/strong>&nbsp;est un mat\u00e9riau d\u2019\u00e9tanch\u00e9it\u00e9 sans amiante. Il se compose de fibres d\u2019aramide et d\u2019autres substances r\u00e9sistantes \u00e0 des temp\u00e9ratures \u00e9lev\u00e9es, qui, sous pression et \u00e0 des temp\u00e9rature \u00e9lev\u00e9es, sont li\u00e9es \u00e0 des \u00e9lastom\u00e8res de haute qualit\u00e9.<\/p>\n\n\n\n<p><strong>Propri\u00e9t\u00e9s<\/strong><br><strong>AFM 39\/2<\/strong>&nbsp;ne pr\u00e9sente aucun risque physiologique et ne contient pas d\u2019additifs colorants.<br>D\u2019une part ce mat\u00e9riau d\u2019\u00e9tanch\u00e9it\u00e9 de prix avantageux est si compressible qu\u2019il assure une \u00e9tanch\u00e9it\u00e9 suffisamment \u00e9lev\u00e9e m\u00eame en cas d\u2019une faible pression de serrage, d\u2019autre part il pr\u00e9sente une contrainte r\u00e9siduelle et une \u00e9tanch\u00e9it\u00e9 aux gaz suffisamment \u00e9lev\u00e9es.<br>En outre l\u2019<strong>AFM 39\/2<\/strong>&nbsp;est r\u00e9sistant aux solvants, aux huiles, aux carburants, \u00e0 l\u2019eau et \u00e0 beaucoup d\u2019autres fluides.<\/p>\n\n\n\n<p><strong>Application<\/strong><\/p>\n\n\n\n<ul class=\"wp-block-list\">\n<li>pour l\u2019emploi dans les jonctions soumises \u00e0 des sollicitations m\u00e9cano-thermiques moyennes<\/li>\n\n\n\n<li>\u00e9l\u00e9ments de construction peu rigides et brides en construction l\u00e9g\u00e8re<\/li>\n\n\n\n<li>appareils, bo\u00eetes de vitesses pompes et robinetterie sanitaire<\/li>\n\n\n\n<li>pour \u00e9tancher les \u00e9l\u00e9ments de construction facilement d\u00e9formables sous pressions de serrage relativement faibles, p. ex. bo\u00eetes de vitesses, couvercles de soupapes, carters d\u2019huile et couvercles dans les moteurs \u00e0 combustion interne.<\/li>\n<\/ul>\n\n\n\n<p>Du fait que l\u2019AFM 39\/2&nbsp;est inoffensif d\u2019un point de vue physiologique, il est indiqu\u00e9 en particulier pour l\u2019emploi dans l\u2019approvisionnement en eau potable et dans l\u2019alimentation<\/p>\n\n\n\n<p><strong>Homologations<\/strong><br>Directive relative aux \u00e9lastom\u00e8res (autrefois KTW)<br>Fiche technique DVGW W270<br>Germanischer Lloyd (DNV GL)<\/p>\n","protected":false},"excerpt":{"rendered":"<p>Est un mat\u00e9riau d\u2019\u00e9tanch\u00e9it\u00e9 sans amiante. Il se compose de fibres d\u2019aramide et d\u2019autres substances r\u00e9sistantes \u00e0 des temp\u00e9ratures \u00e9lev\u00e9es,<\/p>\n","protected":false},"author":1,"featured_media":2933,"parent":1960,"menu_order":50,"comment_status":"closed","ping_status":"closed","template":"","meta":{"site-sidebar-layout":"default","site-content-layout":"","ast-site-content-layout":"default","site-content-style":"default","site-sidebar-style":"default","ast-global-header-display":"","ast-banner-title-visibility":"","ast-main-header-display":"","ast-hfb-above-header-display":"","ast-hfb-below-header-display":"","ast-hfb-mobile-header-display":"","site-post-title":"","ast-breadcrumbs-content":"","ast-featured-img":"","footer-sml-layout":"","ast-disable-related-posts":"","theme-transparent-header-meta":"","adv-header-id-meta":"","stick-header-meta":"","header-above-stick-meta":"","header-main-stick-meta":"","header-below-stick-meta":"","astra-migrate-meta-layouts":"default","ast-page-background-enabled":"default","ast-page-background-meta":{"desktop":{"background-color":"var(--ast-global-color-4)","background-image":"","background-repeat":"repeat","background-position":"center center","background-size":"auto","background-attachment":"scroll","background-type":"","background-media":"","overlay-type":"","overlay-color":"","overlay-opacity":"","overlay-gradient":""},"tablet":{"background-color":"","background-image":"","background-repeat":"repeat","background-position":"center center","background-size":"auto","background-attachment":"scroll","background-type":"","background-media":"","overlay-type":"","overlay-color":"","overlay-opacity":"","overlay-gradient":""},"mobile":{"background-color":"","background-image":"","background-repeat":"repeat","background-position":"center center","background-size":"auto","background-attachment":"scroll","background-type":"","background-media":"","overlay-type":"","overlay-color":"","overlay-opacity":"","overlay-gradient":""}},"ast-content-background-meta":{"desktop":{"background-color":"var(--ast-global-color-5)","background-image":"","background-repeat":"repeat","background-position":"center center","background-size":"auto","background-attachment":"scroll","background-type":"","background-media":"","overlay-type":"","overlay-color":"","overlay-opacity":"","overlay-gradient":""},"tablet":{"background-color":"var(--ast-global-color-5)","background-image":"","background-repeat":"repeat","background-position":"center center","background-size":"auto","background-attachment":"scroll","background-type":"","background-media":"","overlay-type":"","overlay-color":"","overlay-opacity":"","overlay-gradient":""},"mobile":{"background-color":"var(--ast-global-color-5)","background-image":"","background-repeat":"repeat","background-position":"center center","background-size":"auto","background-attachment":"scroll","background-type":"","background-media":"","overlay-type":"","overlay-color":"","overlay-opacity":"","overlay-gradient":""}},"footnotes":""},"class_list":["post-1984","page","type-page","status-publish","has-post-thumbnail","hentry"],"_links":{"self":[{"href":"https:\/\/eurojuntas.es\/fr\/wp-json\/wp\/v2\/pages\/1984","targetHints":{"allow":["GET"]}}],"collection":[{"href":"https:\/\/eurojuntas.es\/fr\/wp-json\/wp\/v2\/pages"}],"about":[{"href":"https:\/\/eurojuntas.es\/fr\/wp-json\/wp\/v2\/types\/page"}],"author":[{"embeddable":true,"href":"https:\/\/eurojuntas.es\/fr\/wp-json\/wp\/v2\/users\/1"}],"replies":[{"embeddable":true,"href":"https:\/\/eurojuntas.es\/fr\/wp-json\/wp\/v2\/comments?post=1984"}],"version-history":[{"count":0,"href":"https:\/\/eurojuntas.es\/fr\/wp-json\/wp\/v2\/pages\/1984\/revisions"}],"up":[{"embeddable":true,"href":"https:\/\/eurojuntas.es\/fr\/wp-json\/wp\/v2\/pages\/1960"}],"wp:featuredmedia":[{"embeddable":true,"href":"https:\/\/eurojuntas.es\/fr\/wp-json\/wp\/v2\/media\/2933"}],"wp:attachment":[{"href":"https:\/\/eurojuntas.es\/fr\/wp-json\/wp\/v2\/media?parent=1984"}],"curies":[{"name":"wp","href":"https:\/\/api.w.org\/{rel}","templated":true}]}}