{"id":2004,"date":"2016-10-03T14:28:12","date_gmt":"2016-10-03T12:28:12","guid":{"rendered":"http:\/\/eurojuntas.es\/gurenet\/fr\/corcho-caucho\/corcho-caucho-1028-dvgw\/"},"modified":"2023-11-09T12:36:10","modified_gmt":"2023-11-09T10:36:10","slug":"corcho-caucho-1028-dvgw","status":"publish","type":"page","link":"https:\/\/eurojuntas.es\/fr\/corcho-caucho\/corcho-caucho-1028-dvgw\/","title":{"rendered":"LI\u00c8GE-CAOUTCHOUC: 1028 \u2013 DVGW"},"content":{"rendered":"\n<p>C\u2019est un li\u00e8ge caoutchouc \/nitrile utilis\u00e9 pour applications de Gaz naturel et GLP. Conforme \u00e0 la norme -DIN 3535-5 \u2013 NP4464&nbsp; -ES 30.1.1, parte 6.1.1.2<\/p>\n\n\n\n<ul class=\"wp-block-list\">\n<li>Plage de temp\u00e9rature jusqu\u2019\u00e0 125 \u00b0 C<\/li>\n\n\n\n<li>Plage de tension 4.5 \u00e8 20 MPa<\/li>\n\n\n\n<li>R\u00e9sistance \u00e0 la compression sup\u00e9rieure \u00e0 70 MPa<\/li>\n\n\n\n<li>Densit\u00e9: 750&nbsp;kg \/m3<\/li>\n\n\n\n<li>Duret\u00e9: 65&nbsp;shore A<\/li>\n\n\n\n<li>Charge de rupture: 1,5&nbsp;MPa<\/li>\n\n\n\n<li>Allongement: 40&nbsp;%<\/li>\n<\/ul>\n\n\n\n<p>Ce mat\u00e9riau est ad\u00e9quat pour une utilisation avec gaz naturel et gaz de p\u00e9trole liqu\u00e9fi\u00e9.<\/p>\n","protected":false},"excerpt":{"rendered":"<p>C\u2019est un li\u00e8ge caoutchouc \/nitrile utilis\u00e9 pour applications de Gaz naturel et GLP. Conforme \u00e0 la norme -DIN 3535-5 \u2013 NP4464  -ES 30.1.1, parte 6.1.1.2<\/p>\n","protected":false},"author":1,"featured_media":2546,"parent":1997,"menu_order":0,"comment_status":"closed","ping_status":"closed","template":"","meta":{"site-sidebar-layout":"default","site-content-layout":"","ast-site-content-layout":"default","site-content-style":"default","site-sidebar-style":"default","ast-global-header-display":"","ast-banner-title-visibility":"","ast-main-header-display":"","ast-hfb-above-header-display":"","ast-hfb-below-header-display":"","ast-hfb-mobile-header-display":"","site-post-title":"","ast-breadcrumbs-content":"","ast-featured-img":"","footer-sml-layout":"","ast-disable-related-posts":"","theme-transparent-header-meta":"","adv-header-id-meta":"","stick-header-meta":"","header-above-stick-meta":"","header-main-stick-meta":"","header-below-stick-meta":"","astra-migrate-meta-layouts":"default","ast-page-background-enabled":"default","ast-page-background-meta":{"desktop":{"background-color":"var(--ast-global-color-4)","background-image":"","background-repeat":"repeat","background-position":"center center","background-size":"auto","background-attachment":"scroll","background-type":"","background-media":"","overlay-type":"","overlay-color":"","overlay-opacity":"","overlay-gradient":""},"tablet":{"background-color":"","background-image":"","background-repeat":"repeat","background-position":"center center","background-size":"auto","background-attachment":"scroll","background-type":"","background-media":"","overlay-type":"","overlay-color":"","overlay-opacity":"","overlay-gradient":""},"mobile":{"background-color":"","background-image":"","background-repeat":"repeat","background-position":"center center","background-size":"auto","background-attachment":"scroll","background-type":"","background-media":"","overlay-type":"","overlay-color":"","overlay-opacity":"","overlay-gradient":""}},"ast-content-background-meta":{"desktop":{"background-color":"var(--ast-global-color-5)","background-image":"","background-repeat":"repeat","background-position":"center center","background-size":"auto","background-attachment":"scroll","background-type":"","background-media":"","overlay-type":"","overlay-color":"","overlay-opacity":"","overlay-gradient":""},"tablet":{"background-color":"var(--ast-global-color-5)","background-image":"","background-repeat":"repeat","background-position":"center center","background-size":"auto","background-attachment":"scroll","background-type":"","background-media":"","overlay-type":"","overlay-color":"","overlay-opacity":"","overlay-gradient":""},"mobile":{"background-color":"var(--ast-global-color-5)","background-image":"","background-repeat":"repeat","background-position":"center center","background-size":"auto","background-attachment":"scroll","background-type":"","background-media":"","overlay-type":"","overlay-color":"","overlay-opacity":"","overlay-gradient":""}},"footnotes":""},"class_list":["post-2004","page","type-page","status-publish","has-post-thumbnail","hentry"],"_links":{"self":[{"href":"https:\/\/eurojuntas.es\/fr\/wp-json\/wp\/v2\/pages\/2004","targetHints":{"allow":["GET"]}}],"collection":[{"href":"https:\/\/eurojuntas.es\/fr\/wp-json\/wp\/v2\/pages"}],"about":[{"href":"https:\/\/eurojuntas.es\/fr\/wp-json\/wp\/v2\/types\/page"}],"author":[{"embeddable":true,"href":"https:\/\/eurojuntas.es\/fr\/wp-json\/wp\/v2\/users\/1"}],"replies":[{"embeddable":true,"href":"https:\/\/eurojuntas.es\/fr\/wp-json\/wp\/v2\/comments?post=2004"}],"version-history":[{"count":0,"href":"https:\/\/eurojuntas.es\/fr\/wp-json\/wp\/v2\/pages\/2004\/revisions"}],"up":[{"embeddable":true,"href":"https:\/\/eurojuntas.es\/fr\/wp-json\/wp\/v2\/pages\/1997"}],"wp:featuredmedia":[{"embeddable":true,"href":"https:\/\/eurojuntas.es\/fr\/wp-json\/wp\/v2\/media\/2546"}],"wp:attachment":[{"href":"https:\/\/eurojuntas.es\/fr\/wp-json\/wp\/v2\/media?parent=2004"}],"curies":[{"name":"wp","href":"https:\/\/api.w.org\/{rel}","templated":true}]}}