{"id":2009,"date":"2016-10-03T14:31:55","date_gmt":"2016-10-03T14:31:55","guid":{"rendered":"http:\/\/eurojuntas.es\/gurenet\/fr\/corcho-caucho\/corcho-caucho-1120\/"},"modified":"2023-11-09T12:36:38","modified_gmt":"2023-11-09T10:36:38","slug":"corcho-caucho-1120","status":"publish","type":"page","link":"https:\/\/eurojuntas.es\/fr\/corcho-caucho\/corcho-caucho-1120\/","title":{"rendered":"LI\u00c8GE-CAOUTCHOUC 1120"},"content":{"rendered":"\n<p>Li\u00e8ge m\u00e9lang\u00e9 \u00e0 un nitrile sp\u00e9cial (NBR). Ce produit est ad\u00e9quat pour la majorit\u00e9 des huiles de transformateurs et grandes brides \u00e0 diff\u00e9rentes temp\u00e9ratures d\u2019application.<\/p>\n\n\n\n<ul class=\"wp-block-list\">\n<li>Plage de temp\u00e9rature de -40 \u00b0 C \u00e0 125 \u00b0 C<\/li>\n\n\n\n<li>Plage de tension 2,5 \u00e8 15 MPa<\/li>\n\n\n\n<li>R\u00e9sistance \u00e0 la compression sup\u00e9rieure \u00e8 70 MPa.<\/li>\n\n\n\n<li>Densit\u00e9: 850&nbsp;kg \/m3<\/li>\n\n\n\n<li>Duret\u00e9: 65&nbsp;shore A<\/li>\n\n\n\n<li>Charge de rupture: 2,0&nbsp;MPa<\/li>\n\n\n\n<li>Allongement: 90&nbsp;%<\/li>\n<\/ul>\n\n\n\n<p>Ce mat\u00e9riau est ad\u00e9quat pour huile min\u00e9rale et de silicone, conform\u00e9ment \u00e0:<\/p>\n\n\n\n<ul class=\"wp-block-list\">\n<li>M\u00e9thodes ASTM-03455 preuve de compatibilit\u00e9 du mat\u00e9riau &nbsp;avec huile isolante \u00e9lectrique et d\u2019origine p\u00e9troli\u00e8re.<\/li>\n\n\n\n<li>M\u00e9thodes ASTM-05282 preuve de compatibilit\u00e9 du mat\u00e9riau avec Fluide de Silicone utilis\u00e9s pour isolation \u00e9lectrique.<\/li>\n<\/ul>\n","protected":false},"excerpt":{"rendered":"<p>Li\u00e8ge m\u00e9lang\u00e9 \u00e0 un nitrile sp\u00e9cial (NBR). Ce produit est ad\u00e9quat pour la majorit\u00e9 des huiles de transformateurs et grandes brides \u00e0 diff\u00e9rentes temp\u00e9ratures d\u2019application.<\/p>\n","protected":false},"author":1,"featured_media":2547,"parent":1997,"menu_order":0,"comment_status":"closed","ping_status":"closed","template":"","meta":{"site-sidebar-layout":"default","site-content-layout":"","ast-site-content-layout":"default","site-content-style":"default","site-sidebar-style":"default","ast-global-header-display":"","ast-banner-title-visibility":"","ast-main-header-display":"","ast-hfb-above-header-display":"","ast-hfb-below-header-display":"","ast-hfb-mobile-header-display":"","site-post-title":"","ast-breadcrumbs-content":"","ast-featured-img":"","footer-sml-layout":"","ast-disable-related-posts":"","theme-transparent-header-meta":"","adv-header-id-meta":"","stick-header-meta":"","header-above-stick-meta":"","header-main-stick-meta":"","header-below-stick-meta":"","astra-migrate-meta-layouts":"default","ast-page-background-enabled":"default","ast-page-background-meta":{"desktop":{"background-color":"var(--ast-global-color-4)","background-image":"","background-repeat":"repeat","background-position":"center center","background-size":"auto","background-attachment":"scroll","background-type":"","background-media":"","overlay-type":"","overlay-color":"","overlay-opacity":"","overlay-gradient":""},"tablet":{"background-color":"","background-image":"","background-repeat":"repeat","background-position":"center center","background-size":"auto","background-attachment":"scroll","background-type":"","background-media":"","overlay-type":"","overlay-color":"","overlay-opacity":"","overlay-gradient":""},"mobile":{"background-color":"","background-image":"","background-repeat":"repeat","background-position":"center center","background-size":"auto","background-attachment":"scroll","background-type":"","background-media":"","overlay-type":"","overlay-color":"","overlay-opacity":"","overlay-gradient":""}},"ast-content-background-meta":{"desktop":{"background-color":"var(--ast-global-color-5)","background-image":"","background-repeat":"repeat","background-position":"center center","background-size":"auto","background-attachment":"scroll","background-type":"","background-media":"","overlay-type":"","overlay-color":"","overlay-opacity":"","overlay-gradient":""},"tablet":{"background-color":"var(--ast-global-color-5)","background-image":"","background-repeat":"repeat","background-position":"center center","background-size":"auto","background-attachment":"scroll","background-type":"","background-media":"","overlay-type":"","overlay-color":"","overlay-opacity":"","overlay-gradient":""},"mobile":{"background-color":"var(--ast-global-color-5)","background-image":"","background-repeat":"repeat","background-position":"center center","background-size":"auto","background-attachment":"scroll","background-type":"","background-media":"","overlay-type":"","overlay-color":"","overlay-opacity":"","overlay-gradient":""}},"footnotes":""},"class_list":["post-2009","page","type-page","status-publish","has-post-thumbnail","hentry"],"_links":{"self":[{"href":"https:\/\/eurojuntas.es\/fr\/wp-json\/wp\/v2\/pages\/2009","targetHints":{"allow":["GET"]}}],"collection":[{"href":"https:\/\/eurojuntas.es\/fr\/wp-json\/wp\/v2\/pages"}],"about":[{"href":"https:\/\/eurojuntas.es\/fr\/wp-json\/wp\/v2\/types\/page"}],"author":[{"embeddable":true,"href":"https:\/\/eurojuntas.es\/fr\/wp-json\/wp\/v2\/users\/1"}],"replies":[{"embeddable":true,"href":"https:\/\/eurojuntas.es\/fr\/wp-json\/wp\/v2\/comments?post=2009"}],"version-history":[{"count":0,"href":"https:\/\/eurojuntas.es\/fr\/wp-json\/wp\/v2\/pages\/2009\/revisions"}],"up":[{"embeddable":true,"href":"https:\/\/eurojuntas.es\/fr\/wp-json\/wp\/v2\/pages\/1997"}],"wp:featuredmedia":[{"embeddable":true,"href":"https:\/\/eurojuntas.es\/fr\/wp-json\/wp\/v2\/media\/2547"}],"wp:attachment":[{"href":"https:\/\/eurojuntas.es\/fr\/wp-json\/wp\/v2\/media?parent=2009"}],"curies":[{"name":"wp","href":"https:\/\/api.w.org\/{rel}","templated":true}]}}