{"id":2015,"date":"2016-10-03T14:34:38","date_gmt":"2016-10-03T14:34:38","guid":{"rendered":"http:\/\/eurojuntas.es\/gurenet\/fr\/corcho-caucho\/corcho-caucho-1237\/"},"modified":"2023-11-09T12:36:56","modified_gmt":"2023-11-09T10:36:56","slug":"corcho-caucho-1237","status":"publish","type":"page","link":"https:\/\/eurojuntas.es\/fr\/corcho-caucho\/corcho-caucho-1237\/","title":{"rendered":"LI\u00c8GE-CAOUTCHOUC 1237"},"content":{"rendered":"\n<p>Li\u00e8ge m\u00e9lang\u00e9 avec du caoutchouc styr\u00e8ne butadi\u00e8ne (SBR). &nbsp;Avec une faible pression de scellage pour applications \u00e0 faible charge et ad\u00e9quat pour la majorit\u00e9 des fluides de lubrification.<\/p>\n\n\n\n<ul class=\"wp-block-list\">\n<li>Plage de temp\u00e9rature de -35\u00baC \u00e0 110\u00baC<\/li>\n\n\n\n<li>Plage de tension 2.0 \u00e0 12 MPa<\/li>\n\n\n\n<li>R\u00e9sistance \u00e0 la compression sup\u00e9rieure \u00e8 70 MPa<\/li>\n\n\n\n<li>Densit\u00e9: 650&nbsp;kg \/m3<\/li>\n\n\n\n<li>Duret\u00e9: 60&nbsp;shore A<\/li>\n\n\n\n<li>Charge de rupture: 1,2&nbsp;MPa<\/li>\n\n\n\n<li>Allongement:&nbsp;40&nbsp;%<\/li>\n<\/ul>\n","protected":false},"excerpt":{"rendered":"<p>Li\u00e8ge m\u00e9lang\u00e9 avec du caoutchouc styr\u00e8ne butadi\u00e8ne (SBR).  Avec une faible pression de scellage pour applications \u00e0 faible charge et ad\u00e9quat pour la majorit\u00e9 des fluides de lubrification.<\/p>\n","protected":false},"author":1,"featured_media":2548,"parent":1997,"menu_order":0,"comment_status":"closed","ping_status":"closed","template":"","meta":{"site-sidebar-layout":"default","site-content-layout":"","ast-site-content-layout":"default","site-content-style":"default","site-sidebar-style":"default","ast-global-header-display":"","ast-banner-title-visibility":"","ast-main-header-display":"","ast-hfb-above-header-display":"","ast-hfb-below-header-display":"","ast-hfb-mobile-header-display":"","site-post-title":"","ast-breadcrumbs-content":"","ast-featured-img":"","footer-sml-layout":"","ast-disable-related-posts":"","theme-transparent-header-meta":"","adv-header-id-meta":"","stick-header-meta":"","header-above-stick-meta":"","header-main-stick-meta":"","header-below-stick-meta":"","astra-migrate-meta-layouts":"default","ast-page-background-enabled":"default","ast-page-background-meta":{"desktop":{"background-color":"var(--ast-global-color-4)","background-image":"","background-repeat":"repeat","background-position":"center center","background-size":"auto","background-attachment":"scroll","background-type":"","background-media":"","overlay-type":"","overlay-color":"","overlay-opacity":"","overlay-gradient":""},"tablet":{"background-color":"","background-image":"","background-repeat":"repeat","background-position":"center center","background-size":"auto","background-attachment":"scroll","background-type":"","background-media":"","overlay-type":"","overlay-color":"","overlay-opacity":"","overlay-gradient":""},"mobile":{"background-color":"","background-image":"","background-repeat":"repeat","background-position":"center center","background-size":"auto","background-attachment":"scroll","background-type":"","background-media":"","overlay-type":"","overlay-color":"","overlay-opacity":"","overlay-gradient":""}},"ast-content-background-meta":{"desktop":{"background-color":"var(--ast-global-color-5)","background-image":"","background-repeat":"repeat","background-position":"center center","background-size":"auto","background-attachment":"scroll","background-type":"","background-media":"","overlay-type":"","overlay-color":"","overlay-opacity":"","overlay-gradient":""},"tablet":{"background-color":"var(--ast-global-color-5)","background-image":"","background-repeat":"repeat","background-position":"center center","background-size":"auto","background-attachment":"scroll","background-type":"","background-media":"","overlay-type":"","overlay-color":"","overlay-opacity":"","overlay-gradient":""},"mobile":{"background-color":"var(--ast-global-color-5)","background-image":"","background-repeat":"repeat","background-position":"center center","background-size":"auto","background-attachment":"scroll","background-type":"","background-media":"","overlay-type":"","overlay-color":"","overlay-opacity":"","overlay-gradient":""}},"footnotes":""},"class_list":["post-2015","page","type-page","status-publish","has-post-thumbnail","hentry"],"_links":{"self":[{"href":"https:\/\/eurojuntas.es\/fr\/wp-json\/wp\/v2\/pages\/2015","targetHints":{"allow":["GET"]}}],"collection":[{"href":"https:\/\/eurojuntas.es\/fr\/wp-json\/wp\/v2\/pages"}],"about":[{"href":"https:\/\/eurojuntas.es\/fr\/wp-json\/wp\/v2\/types\/page"}],"author":[{"embeddable":true,"href":"https:\/\/eurojuntas.es\/fr\/wp-json\/wp\/v2\/users\/1"}],"replies":[{"embeddable":true,"href":"https:\/\/eurojuntas.es\/fr\/wp-json\/wp\/v2\/comments?post=2015"}],"version-history":[{"count":0,"href":"https:\/\/eurojuntas.es\/fr\/wp-json\/wp\/v2\/pages\/2015\/revisions"}],"up":[{"embeddable":true,"href":"https:\/\/eurojuntas.es\/fr\/wp-json\/wp\/v2\/pages\/1997"}],"wp:featuredmedia":[{"embeddable":true,"href":"https:\/\/eurojuntas.es\/fr\/wp-json\/wp\/v2\/media\/2548"}],"wp:attachment":[{"href":"https:\/\/eurojuntas.es\/fr\/wp-json\/wp\/v2\/media?parent=2015"}],"curies":[{"name":"wp","href":"https:\/\/api.w.org\/{rel}","templated":true}]}}