{"id":2034,"date":"2016-10-14T10:20:57","date_gmt":"2016-10-14T08:20:57","guid":{"rendered":"http:\/\/eurojuntas.es\/gurenet\/fr\/otros\/papel-aislamiento-termico-1-260-oc\/"},"modified":"2023-11-09T12:58:37","modified_gmt":"2023-11-09T10:58:37","slug":"papel-aislamiento-termico-1-260-oc","status":"publish","type":"page","link":"https:\/\/eurojuntas.es\/fr\/otros\/papel-aislamiento-termico-1-260-oc\/","title":{"rendered":"Papier isolant"},"content":{"rendered":"\n<p>Le papier Isofrax 1260\u00b0C est fabriqu\u00e9 \u00e0 partir de laine de silicate alcalino -terreux Isofrax m\u00e9lang\u00e9e \u00e0 des liants organiques sp\u00e9cialement s\u00e9lectionn\u00e9s pour obtenir un produit souple aux propri\u00e9t\u00e9s exceptionnelles. Des proc\u00e9d\u00e9s de fabrication d&rsquo;avant-garde garantissent une structure extr\u00eamement uniforme associ\u00e9e \u00e0 une faible conductivit\u00e9 thermique, une bonne r\u00e9sistance \u00e0 la manipulation et une surface lisse. Les papiers Isofrax 1260\u00b0C sont disponibles dans une large gamme compl\u00e8te d&rsquo;\u00e9paisseurs et de dimensions de rouleaux.<\/p>\n\n\n\n<p><strong>CARACTERISTIQUES GENERALES<\/strong><br>Le papier Isofrax 1260\u00b0C offre les caract\u00e9ristiques remarquables suivantes: Stabilit\u00e9 \u00e0 haute temp\u00e9rature. Bonne r\u00e9sistance \u00e0 la manipulation, L\u00e9g\u00e8ret\u00e9, Souplesse exceptionnelle \uf06e Facile \u00e0 enrouler, d\u00e9couper et mettre en forme<\/p>\n\n\n\n<p><strong>APPLICATIONS TYPES<\/strong><br>Joints et garnissage haute temp\u00e9rature Isolation de masselottes de lingoti\u00e8res \uf06e Ecrans thermiques pour l&rsquo;automobile Syst\u00e8mes de transfert du m\u00e9tal en fusion (isolation de second rang) Enveloppe isolante pour la protection des busettes en sid\u00e9rurgie.<\/p>\n","protected":false},"excerpt":{"rendered":"<p>Le papier Isofrax 1260\u00b0C est fabriqu\u00e9 \u00e0 partir de laine de silicate alcalino -terreux Isofrax m\u00e9lang\u00e9e \u00e0 des liants organiques sp\u00e9cialement s\u00e9lectionn\u00e9s pour obtenir un produit souple aux propri\u00e9t\u00e9s exceptionnelles.<\/p>\n","protected":false},"author":1,"featured_media":2853,"parent":2029,"menu_order":0,"comment_status":"closed","ping_status":"closed","template":"","meta":{"site-sidebar-layout":"default","site-content-layout":"","ast-site-content-layout":"default","site-content-style":"default","site-sidebar-style":"default","ast-global-header-display":"","ast-banner-title-visibility":"","ast-main-header-display":"","ast-hfb-above-header-display":"","ast-hfb-below-header-display":"","ast-hfb-mobile-header-display":"","site-post-title":"","ast-breadcrumbs-content":"","ast-featured-img":"","footer-sml-layout":"","ast-disable-related-posts":"","theme-transparent-header-meta":"","adv-header-id-meta":"","stick-header-meta":"","header-above-stick-meta":"","header-main-stick-meta":"","header-below-stick-meta":"","astra-migrate-meta-layouts":"default","ast-page-background-enabled":"default","ast-page-background-meta":{"desktop":{"background-color":"var(--ast-global-color-4)","background-image":"","background-repeat":"repeat","background-position":"center center","background-size":"auto","background-attachment":"scroll","background-type":"","background-media":"","overlay-type":"","overlay-color":"","overlay-opacity":"","overlay-gradient":""},"tablet":{"background-color":"","background-image":"","background-repeat":"repeat","background-position":"center center","background-size":"auto","background-attachment":"scroll","background-type":"","background-media":"","overlay-type":"","overlay-color":"","overlay-opacity":"","overlay-gradient":""},"mobile":{"background-color":"","background-image":"","background-repeat":"repeat","background-position":"center center","background-size":"auto","background-attachment":"scroll","background-type":"","background-media":"","overlay-type":"","overlay-color":"","overlay-opacity":"","overlay-gradient":""}},"ast-content-background-meta":{"desktop":{"background-color":"var(--ast-global-color-5)","background-image":"","background-repeat":"repeat","background-position":"center center","background-size":"auto","background-attachment":"scroll","background-type":"","background-media":"","overlay-type":"","overlay-color":"","overlay-opacity":"","overlay-gradient":""},"tablet":{"background-color":"var(--ast-global-color-5)","background-image":"","background-repeat":"repeat","background-position":"center center","background-size":"auto","background-attachment":"scroll","background-type":"","background-media":"","overlay-type":"","overlay-color":"","overlay-opacity":"","overlay-gradient":""},"mobile":{"background-color":"var(--ast-global-color-5)","background-image":"","background-repeat":"repeat","background-position":"center center","background-size":"auto","background-attachment":"scroll","background-type":"","background-media":"","overlay-type":"","overlay-color":"","overlay-opacity":"","overlay-gradient":""}},"footnotes":""},"class_list":["post-2034","page","type-page","status-publish","has-post-thumbnail","hentry"],"_links":{"self":[{"href":"https:\/\/eurojuntas.es\/fr\/wp-json\/wp\/v2\/pages\/2034","targetHints":{"allow":["GET"]}}],"collection":[{"href":"https:\/\/eurojuntas.es\/fr\/wp-json\/wp\/v2\/pages"}],"about":[{"href":"https:\/\/eurojuntas.es\/fr\/wp-json\/wp\/v2\/types\/page"}],"author":[{"embeddable":true,"href":"https:\/\/eurojuntas.es\/fr\/wp-json\/wp\/v2\/users\/1"}],"replies":[{"embeddable":true,"href":"https:\/\/eurojuntas.es\/fr\/wp-json\/wp\/v2\/comments?post=2034"}],"version-history":[{"count":0,"href":"https:\/\/eurojuntas.es\/fr\/wp-json\/wp\/v2\/pages\/2034\/revisions"}],"up":[{"embeddable":true,"href":"https:\/\/eurojuntas.es\/fr\/wp-json\/wp\/v2\/pages\/2029"}],"wp:featuredmedia":[{"embeddable":true,"href":"https:\/\/eurojuntas.es\/fr\/wp-json\/wp\/v2\/media\/2853"}],"wp:attachment":[{"href":"https:\/\/eurojuntas.es\/fr\/wp-json\/wp\/v2\/media?parent=2034"}],"curies":[{"name":"wp","href":"https:\/\/api.w.org\/{rel}","templated":true}]}}