{"id":2039,"date":"2016-10-14T10:25:23","date_gmt":"2016-10-14T08:25:23","guid":{"rendered":"http:\/\/eurojuntas.es\/gurenet\/fr\/otros\/placas-aislantes\/"},"modified":"2023-11-09T12:40:13","modified_gmt":"2023-11-09T10:40:13","slug":"placas-aislantes","status":"publish","type":"page","link":"https:\/\/eurojuntas.es\/fr\/otros\/placas-aislantes\/","title":{"rendered":"Carton isolant"},"content":{"rendered":"\n<p>Ils sont la plaque compl\u00e8tement \u00e0 plat, en fibre &#8211; \u00e0 base de haute isolation thermique 750-1100\u00baC , li\u00e9s avec des liants et proc\u00e9d\u00e9 par voie humide obtenu. Ils sont faciles \u00e0 manipuler, \u00e0 couper et \u00e0 mourir. Carton blanc a remplac\u00e9 l&rsquo;ancien amiante.<\/p>\n\n\n\n<p>Ils sont principalement utilis\u00e9s dans la construction de fours, les&nbsp;aci\u00e9ries, les&nbsp;fonderies, les&nbsp;barri\u00e8res coupe -feu, des<\/p>\n\n\n\n<p>fours \u00e0 l&rsquo;&nbsp;int\u00e9rieur, les&nbsp;joints de dilatation et les&nbsp;joints thermiques, portes isol\u00e9es, des&nbsp;conduits align\u00e9s<br>air chaud, armoires \u00e9lectriques, des&nbsp;coffres &#8211;&nbsp;forts, etc.<\/p>\n\n\n\n<p>\u00c9lectrique, thermique, chimique, pharmaceutique, l&rsquo; a\u00e9rospatiale, l&rsquo; automobile, verre industriel, l&rsquo; acier et la construction navale.<\/p>\n","protected":false},"excerpt":{"rendered":"<p>Ils sont la plaque compl\u00e8tement \u00e0 plat, en fibre \u2013 \u00e0 base de haute isolation thermique 750-1100\u00baC , li\u00e9s<\/p>\n","protected":false},"author":1,"featured_media":2865,"parent":2029,"menu_order":10,"comment_status":"closed","ping_status":"closed","template":"","meta":{"site-sidebar-layout":"default","site-content-layout":"","ast-site-content-layout":"default","site-content-style":"default","site-sidebar-style":"default","ast-global-header-display":"","ast-banner-title-visibility":"","ast-main-header-display":"","ast-hfb-above-header-display":"","ast-hfb-below-header-display":"","ast-hfb-mobile-header-display":"","site-post-title":"","ast-breadcrumbs-content":"","ast-featured-img":"","footer-sml-layout":"","ast-disable-related-posts":"","theme-transparent-header-meta":"","adv-header-id-meta":"","stick-header-meta":"","header-above-stick-meta":"","header-main-stick-meta":"","header-below-stick-meta":"","astra-migrate-meta-layouts":"default","ast-page-background-enabled":"default","ast-page-background-meta":{"desktop":{"background-color":"var(--ast-global-color-4)","background-image":"","background-repeat":"repeat","background-position":"center center","background-size":"auto","background-attachment":"scroll","background-type":"","background-media":"","overlay-type":"","overlay-color":"","overlay-opacity":"","overlay-gradient":""},"tablet":{"background-color":"","background-image":"","background-repeat":"repeat","background-position":"center center","background-size":"auto","background-attachment":"scroll","background-type":"","background-media":"","overlay-type":"","overlay-color":"","overlay-opacity":"","overlay-gradient":""},"mobile":{"background-color":"","background-image":"","background-repeat":"repeat","background-position":"center center","background-size":"auto","background-attachment":"scroll","background-type":"","background-media":"","overlay-type":"","overlay-color":"","overlay-opacity":"","overlay-gradient":""}},"ast-content-background-meta":{"desktop":{"background-color":"var(--ast-global-color-5)","background-image":"","background-repeat":"repeat","background-position":"center center","background-size":"auto","background-attachment":"scroll","background-type":"","background-media":"","overlay-type":"","overlay-color":"","overlay-opacity":"","overlay-gradient":""},"tablet":{"background-color":"var(--ast-global-color-5)","background-image":"","background-repeat":"repeat","background-position":"center center","background-size":"auto","background-attachment":"scroll","background-type":"","background-media":"","overlay-type":"","overlay-color":"","overlay-opacity":"","overlay-gradient":""},"mobile":{"background-color":"var(--ast-global-color-5)","background-image":"","background-repeat":"repeat","background-position":"center center","background-size":"auto","background-attachment":"scroll","background-type":"","background-media":"","overlay-type":"","overlay-color":"","overlay-opacity":"","overlay-gradient":""}},"footnotes":""},"class_list":["post-2039","page","type-page","status-publish","has-post-thumbnail","hentry"],"_links":{"self":[{"href":"https:\/\/eurojuntas.es\/fr\/wp-json\/wp\/v2\/pages\/2039","targetHints":{"allow":["GET"]}}],"collection":[{"href":"https:\/\/eurojuntas.es\/fr\/wp-json\/wp\/v2\/pages"}],"about":[{"href":"https:\/\/eurojuntas.es\/fr\/wp-json\/wp\/v2\/types\/page"}],"author":[{"embeddable":true,"href":"https:\/\/eurojuntas.es\/fr\/wp-json\/wp\/v2\/users\/1"}],"replies":[{"embeddable":true,"href":"https:\/\/eurojuntas.es\/fr\/wp-json\/wp\/v2\/comments?post=2039"}],"version-history":[{"count":0,"href":"https:\/\/eurojuntas.es\/fr\/wp-json\/wp\/v2\/pages\/2039\/revisions"}],"up":[{"embeddable":true,"href":"https:\/\/eurojuntas.es\/fr\/wp-json\/wp\/v2\/pages\/2029"}],"wp:featuredmedia":[{"embeddable":true,"href":"https:\/\/eurojuntas.es\/fr\/wp-json\/wp\/v2\/media\/2865"}],"wp:attachment":[{"href":"https:\/\/eurojuntas.es\/fr\/wp-json\/wp\/v2\/media?parent=2039"}],"curies":[{"name":"wp","href":"https:\/\/api.w.org\/{rel}","templated":true}]}}