{"id":2045,"date":"2016-10-14T10:32:22","date_gmt":"2016-10-14T08:32:22","guid":{"rendered":"http:\/\/eurojuntas.es\/gurenet\/fr\/otros\/papel-aceitado\/"},"modified":"2023-11-09T13:24:42","modified_gmt":"2023-11-09T11:24:42","slug":"papel-aceitado","status":"publish","type":"page","link":"https:\/\/eurojuntas.es\/fr\/otros\/papel-aceitado\/","title":{"rendered":"Papier huil\u00e9"},"content":{"rendered":"\n<p>Est un mat\u00e9riau d\u2019\u00e9tanch\u00e9it\u00e9 \u00e0 base de fibres de cellulose, li\u00e9es \u00e0 colle et impr\u00e9gn\u00e9es.<br>est un mat\u00e9riau d\u2019\u00e9tanch\u00e9it\u00e9 de prix avantageux qui pr\u00e9sente une bonne r\u00e9sistance aux huiles et aux carburants. En outre, c\u2019est un mat\u00e9riau compressible et adaptable.<\/p>\n\n\n<div class=\"table-responsive\">\n<table border=\"1\">\n<tbody>\n<tr>\n<th colspan=\"3\">Technische Daten<\/th>\n<\/tr>\n<tr>\n<td><strong>Densit\u00e9<\/strong><\/td>\n<td>g\/cm<sup>3<\/sup><\/td>\n<td>0.7 &#8211; 0.9<\/td>\n<\/tr>\n<tr>\n<td colspan=\"3\">R\u00e9sistance \u00e0 la traction\u00a0(\u00e9paisseur\u00a0\u00a01,5 mm)<\/td>\n<\/tr>\n<tr>\n<td>d\u2019apr\u00e8s ASTM F 152, transversal<\/td>\n<td>N\/mm<sup>2<\/sup><\/td>\n<td>&gt;20<\/td>\n<\/tr>\n<tr>\n<td>d\u2019apr\u00e8s DIN 52 910, transversal<\/td>\n<td>N\/mm<sup>2<\/sup><\/td>\n<td>&gt;15<\/td>\n<\/tr>\n<tr>\n<th colspan=\"3\">Compressibilit\u00e9 et reprise \u00e9lastique<\/th>\n<\/tr>\n<tr>\n<td colspan=\"3\">d\u2019apr\u00e8s ASTM F 36, proc\u00e9d\u00e9 G<\/td>\n<\/tr>\n<tr>\n<td>Compressibilit\u00e9<\/td>\n<td>%<\/td>\n<td>20 &#8211; 40<\/td>\n<\/tr>\n<tr>\n<td>Reprise \u00e9lastique<\/td>\n<td>%<\/td>\n<td>&gt;35<\/td>\n<\/tr>\n<tr>\n<td colspan=\"3\"><strong>Gonflement<\/strong>\u00a0d\u2019apr\u00e8s ASTM F 146:<\/td>\n<\/tr>\n<tr>\n<td colspan=\"3\"><strong>dans l\u2019huile IRM 903<\/strong>(remplace l\u2019ASTM N\u00b0 3)<\/td>\n<\/tr>\n<tr>\n<td colspan=\"3\">22 h, temp\u00e9rature ambiante<\/td>\n<\/tr>\n<tr>\n<td>Augmentation d\u2019\u00e9paisseur<\/td>\n<td>%<\/td>\n<td>&lt;5<\/td>\n<\/tr>\n<tr>\n<td>Augmentation de poids<\/td>\n<td>%<\/td>\n<td>&lt; 20<\/td>\n<\/tr>\n<tr>\n<th colspan=\"3\">dans l&rsquo;ASTM Fuel B<\/th>\n<\/tr>\n<tr>\n<td colspan=\"3\">22 h RT<\/td>\n<\/tr>\n<tr>\n<td>Augmentation d\u2019\u00e9paisseur<\/td>\n<td>%<\/td>\n<td>&lt; 5<\/td>\n<\/tr>\n<tr>\n<td>Augmentation de poids<\/td>\n<td>%<\/td>\n<td>&lt; 15<\/td>\n<\/tr>\n<tr>\n<th colspan=\"3\"><strong>dans un m\u00e9lange eau\/antigel<\/strong>\u00a0(50:50)<\/th>\n<\/tr>\n<tr>\n<td colspan=\"3\">22 h. RT<\/td>\n<\/tr>\n<tr>\n<td>Augmentation d\u2019\u00e9paisseur<\/td>\n<td>%<\/td>\n<td>&lt; 30<\/td>\n<\/tr>\n<tr>\n<td>Augmentation de poids<\/td>\n<td>%<\/td>\n<td>&lt; 95<\/td>\n<\/tr>\n<tr>\n<td><strong>Temp\u00e9rature de service<\/strong>\u00a0maxi<\/td>\n<td>\u00baC<\/td>\n<td>120<\/td>\n<\/tr>\n<tr>\n<td><strong> Pression de service<\/strong>\u00a0maxi<\/td>\n<td>bar<\/td>\n<td>10<\/td>\n<\/tr>\n<\/tbody>\n<\/table>\n<\/div>","protected":false},"excerpt":{"rendered":"<p>est un mat\u00e9riau d\u2019\u00e9tanch\u00e9it\u00e9 \u00e0 base de fibres de cellulose, li\u00e9es \u00e0 colle et impr\u00e9gn\u00e9es.<\/p>\n","protected":false},"author":1,"featured_media":2857,"parent":2029,"menu_order":20,"comment_status":"closed","ping_status":"closed","template":"","meta":{"site-sidebar-layout":"default","site-content-layout":"","ast-site-content-layout":"default","site-content-style":"default","site-sidebar-style":"default","ast-global-header-display":"","ast-banner-title-visibility":"","ast-main-header-display":"","ast-hfb-above-header-display":"","ast-hfb-below-header-display":"","ast-hfb-mobile-header-display":"","site-post-title":"","ast-breadcrumbs-content":"","ast-featured-img":"","footer-sml-layout":"","ast-disable-related-posts":"","theme-transparent-header-meta":"","adv-header-id-meta":"","stick-header-meta":"","header-above-stick-meta":"","header-main-stick-meta":"","header-below-stick-meta":"","astra-migrate-meta-layouts":"default","ast-page-background-enabled":"default","ast-page-background-meta":{"desktop":{"background-color":"var(--ast-global-color-4)","background-image":"","background-repeat":"repeat","background-position":"center center","background-size":"auto","background-attachment":"scroll","background-type":"","background-media":"","overlay-type":"","overlay-color":"","overlay-opacity":"","overlay-gradient":""},"tablet":{"background-color":"","background-image":"","background-repeat":"repeat","background-position":"center center","background-size":"auto","background-attachment":"scroll","background-type":"","background-media":"","overlay-type":"","overlay-color":"","overlay-opacity":"","overlay-gradient":""},"mobile":{"background-color":"","background-image":"","background-repeat":"repeat","background-position":"center center","background-size":"auto","background-attachment":"scroll","background-type":"","background-media":"","overlay-type":"","overlay-color":"","overlay-opacity":"","overlay-gradient":""}},"ast-content-background-meta":{"desktop":{"background-color":"var(--ast-global-color-5)","background-image":"","background-repeat":"repeat","background-position":"center center","background-size":"auto","background-attachment":"scroll","background-type":"","background-media":"","overlay-type":"","overlay-color":"","overlay-opacity":"","overlay-gradient":""},"tablet":{"background-color":"var(--ast-global-color-5)","background-image":"","background-repeat":"repeat","background-position":"center center","background-size":"auto","background-attachment":"scroll","background-type":"","background-media":"","overlay-type":"","overlay-color":"","overlay-opacity":"","overlay-gradient":""},"mobile":{"background-color":"var(--ast-global-color-5)","background-image":"","background-repeat":"repeat","background-position":"center center","background-size":"auto","background-attachment":"scroll","background-type":"","background-media":"","overlay-type":"","overlay-color":"","overlay-opacity":"","overlay-gradient":""}},"footnotes":""},"class_list":["post-2045","page","type-page","status-publish","has-post-thumbnail","hentry"],"_links":{"self":[{"href":"https:\/\/eurojuntas.es\/fr\/wp-json\/wp\/v2\/pages\/2045","targetHints":{"allow":["GET"]}}],"collection":[{"href":"https:\/\/eurojuntas.es\/fr\/wp-json\/wp\/v2\/pages"}],"about":[{"href":"https:\/\/eurojuntas.es\/fr\/wp-json\/wp\/v2\/types\/page"}],"author":[{"embeddable":true,"href":"https:\/\/eurojuntas.es\/fr\/wp-json\/wp\/v2\/users\/1"}],"replies":[{"embeddable":true,"href":"https:\/\/eurojuntas.es\/fr\/wp-json\/wp\/v2\/comments?post=2045"}],"version-history":[{"count":0,"href":"https:\/\/eurojuntas.es\/fr\/wp-json\/wp\/v2\/pages\/2045\/revisions"}],"up":[{"embeddable":true,"href":"https:\/\/eurojuntas.es\/fr\/wp-json\/wp\/v2\/pages\/2029"}],"wp:featuredmedia":[{"embeddable":true,"href":"https:\/\/eurojuntas.es\/fr\/wp-json\/wp\/v2\/media\/2857"}],"wp:attachment":[{"href":"https:\/\/eurojuntas.es\/fr\/wp-json\/wp\/v2\/media?parent=2045"}],"curies":[{"name":"wp","href":"https:\/\/api.w.org\/{rel}","templated":true}]}}