{"id":2108,"date":"2017-05-12T14:36:18","date_gmt":"2017-05-12T12:36:18","guid":{"rendered":"http:\/\/eurojuntas.es\/gurenet\/pt-pt\/?page_id=2108"},"modified":"2023-11-09T14:11:52","modified_gmt":"2023-11-09T12:11:52","slug":"afm-34","status":"publish","type":"page","link":"https:\/\/eurojuntas.es\/pt-pt\/embalagem-comprimido\/afm-34\/","title":{"rendered":"AFM 34"},"content":{"rendered":"\n<p><strong>AFM 34<\/strong>\u00a0\u00e9 um material de veda\u00e7\u00e3o sem amianto. Cont\u00e9m fibras de aramida, materiais de volume inorg\u00e2nicos e outras subst\u00e2ncias resistentes a altas temperaturas, e que est\u00e3o ligadas, sob press\u00e3o e temperatura elevadas, a elast\u00f3meros de alta qualidade, de forma altamente resistente e especialmente estanque a gases.<\/p>\n\n\n\n<p><strong>Caracter\u00edsticas<\/strong><\/p>\n\n\n\n<p><strong>AFM 34<\/strong>&nbsp;n\u00e3o cont\u00e9m quaisquer subst\u00e2ncias nocivas \u00e0 sa\u00fade, nem adi\u00e7\u00e3o de corantes.<\/p>\n\n\n\n<p>AFM 34 se destaca pela sua alta resist\u00eancia \u00e0 tra\u00e7\u00e3o, press\u00e3o e ao cizalhamento. O material \u00e9 apropriado principalmente para vedar gases e l\u00edquidos, por exemplo, \u00f3leos, solventes, combust\u00edveis, frigor\u00edgenos, gases l\u00edquidos, misturas de \u00e1gua\/anticongelantes, solu\u00e7\u00f5es salinas e muitos outros flu\u00eddos. Tamb\u00e9m \u00e9 apropriado para vedar \u00e1gua quente e vapor at\u00e9 aproximadamente 200 \u00baC em processos estacion\u00e1rias e press\u00e3o superficial de montagem de no m\u00ednimo 50 N\/mm\u00b2. Em caso de aplica\u00e7\u00e3o concreta solicitamos que&nbsp;nos consulte a respeito.<\/p>\n\n\n\n<p>Outras de suas principais caracter\u00edsticas s\u00e3o a sua excelente resist\u00eancia \u00e0 temperatura e suportar carga sob elevada press\u00e3o de servi\u00e7o, bem como sua facilidade de manipula\u00e7\u00e3o.<\/p>\n\n\n\n<p><strong>Aplica\u00e7\u00f5es<\/strong><\/p>\n\n\n\n<ul class=\"wp-block-list\">\n<li>nas uni\u00f5es de flanges DIN e ANSI, aparelhos, bombas, arma\u00e7\u00f5es e tubula\u00e7\u00f5es de instala\u00e7\u00f5es industriais;<\/li>\n\n\n\n<li>em uni\u00f5es roscadas com face anelar muito reduzida, como por exemplo, nos equipamentos de g\u00e1s, e de \u00e1gua quente, assim como radiadores; (p.ex. em termas a g\u00e1s e \u00e1gua quente, em instala\u00e7\u00f5es solares, em radiadores, etc.);<\/li>\n\n\n\n<li>para uni\u00f5es vedadas submetidas a alta exig\u00eancia termo mec\u00e2nica em motores de combust\u00e3o (filtros de \u00f3leo, coletor de ar, bombas de \u00e1gua, combust\u00edvel, \u00e1gua e v\u00e1cuo);<\/li>\n\n\n\n<li>em caixas de engrenagens, em compressores de refrigera\u00e7\u00e3o e de press\u00e3o<\/li>\n<\/ul>\n\n\n\n<p>Por n\u00e3o conter quaisquer subst\u00e2ncias nocivas \u00e0 sa\u00fade, o AFM 34 \u00e9 apropriado tamb\u00e9m na aplica\u00e7\u00e3o no setor de \u00e1gua pot\u00e1vel e de produtos aliment\u00edcios, assim como para a selagem de produtos altamente puros, sens\u00edveis a impurezas, como por exemplo mat\u00e9rias primas de lacas, vitaminas, etc.<\/p>\n\n\n\n<p><strong>Aprova\u00e7\u00f5es<\/strong><\/p>\n\n\n\n<p>DVGW \/ FDA \/ Elastomer guideline (KTW) \/ W270 \/ WRAS \/&nbsp;&nbsp; VP 401 (HTB)&nbsp; \/&nbsp;&nbsp; Fire Safe Test&nbsp; \/&nbsp; BAM&nbsp; \/&nbsp;&nbsp; Grade X&nbsp; \/ TA Luft&nbsp; \/ TA Luft&nbsp; 2000h \/&nbsp; Germanischer Lloyd (DNV GL)<\/p>\n","protected":false},"excerpt":{"rendered":"<p>O AFM 34 \u00e9 um material de veda\u00e7\u00e3o sem amianto. Cont\u00e9m fibras de aramida, materiais de volume inorg\u00e2nicos e outras subst\u00e2ncias resistentes a altas temperaturas.<\/p>\n","protected":false},"author":1,"featured_media":2673,"parent":2194,"menu_order":0,"comment_status":"closed","ping_status":"closed","template":"","meta":{"site-sidebar-layout":"default","site-content-layout":"","ast-site-content-layout":"default","site-content-style":"default","site-sidebar-style":"default","ast-global-header-display":"","ast-banner-title-visibility":"","ast-main-header-display":"","ast-hfb-above-header-display":"","ast-hfb-below-header-display":"","ast-hfb-mobile-header-display":"","site-post-title":"","ast-breadcrumbs-content":"","ast-featured-img":"","footer-sml-layout":"","ast-disable-related-posts":"","theme-transparent-header-meta":"","adv-header-id-meta":"","stick-header-meta":"","header-above-stick-meta":"","header-main-stick-meta":"","header-below-stick-meta":"","astra-migrate-meta-layouts":"default","ast-page-background-enabled":"default","ast-page-background-meta":{"desktop":{"background-color":"var(--ast-global-color-4)","background-image":"","background-repeat":"repeat","background-position":"center center","background-size":"auto","background-attachment":"scroll","background-type":"","background-media":"","overlay-type":"","overlay-color":"","overlay-opacity":"","overlay-gradient":""},"tablet":{"background-color":"","background-image":"","background-repeat":"repeat","background-position":"center center","background-size":"auto","background-attachment":"scroll","background-type":"","background-media":"","overlay-type":"","overlay-color":"","overlay-opacity":"","overlay-gradient":""},"mobile":{"background-color":"","background-image":"","background-repeat":"repeat","background-position":"center center","background-size":"auto","background-attachment":"scroll","background-type":"","background-media":"","overlay-type":"","overlay-color":"","overlay-opacity":"","overlay-gradient":""}},"ast-content-background-meta":{"desktop":{"background-color":"var(--ast-global-color-5)","background-image":"","background-repeat":"repeat","background-position":"center center","background-size":"auto","background-attachment":"scroll","background-type":"","background-media":"","overlay-type":"","overlay-color":"","overlay-opacity":"","overlay-gradient":""},"tablet":{"background-color":"var(--ast-global-color-5)","background-image":"","background-repeat":"repeat","background-position":"center center","background-size":"auto","background-attachment":"scroll","background-type":"","background-media":"","overlay-type":"","overlay-color":"","overlay-opacity":"","overlay-gradient":""},"mobile":{"background-color":"var(--ast-global-color-5)","background-image":"","background-repeat":"repeat","background-position":"center center","background-size":"auto","background-attachment":"scroll","background-type":"","background-media":"","overlay-type":"","overlay-color":"","overlay-opacity":"","overlay-gradient":""}},"footnotes":""},"class_list":["post-2108","page","type-page","status-publish","has-post-thumbnail","hentry"],"_links":{"self":[{"href":"https:\/\/eurojuntas.es\/pt-pt\/wp-json\/wp\/v2\/pages\/2108","targetHints":{"allow":["GET"]}}],"collection":[{"href":"https:\/\/eurojuntas.es\/pt-pt\/wp-json\/wp\/v2\/pages"}],"about":[{"href":"https:\/\/eurojuntas.es\/pt-pt\/wp-json\/wp\/v2\/types\/page"}],"author":[{"embeddable":true,"href":"https:\/\/eurojuntas.es\/pt-pt\/wp-json\/wp\/v2\/users\/1"}],"replies":[{"embeddable":true,"href":"https:\/\/eurojuntas.es\/pt-pt\/wp-json\/wp\/v2\/comments?post=2108"}],"version-history":[{"count":0,"href":"https:\/\/eurojuntas.es\/pt-pt\/wp-json\/wp\/v2\/pages\/2108\/revisions"}],"up":[{"embeddable":true,"href":"https:\/\/eurojuntas.es\/pt-pt\/wp-json\/wp\/v2\/pages\/2194"}],"wp:featuredmedia":[{"embeddable":true,"href":"https:\/\/eurojuntas.es\/pt-pt\/wp-json\/wp\/v2\/media\/2673"}],"wp:attachment":[{"href":"https:\/\/eurojuntas.es\/pt-pt\/wp-json\/wp\/v2\/media?parent=2108"}],"curies":[{"name":"wp","href":"https:\/\/api.w.org\/{rel}","templated":true}]}}