{"id":2123,"date":"2017-05-12T14:59:23","date_gmt":"2017-05-12T12:59:23","guid":{"rendered":"http:\/\/eurojuntas.es\/gurenet\/pt-pt\/?page_id=2123"},"modified":"2023-11-09T14:16:35","modified_gmt":"2023-11-09T12:16:35","slug":"cortica-borracha-1028-dvgw","status":"publish","type":"page","link":"https:\/\/eurojuntas.es\/pt-pt\/cortica-borracha\/cortica-borracha-1028-dvgw\/","title":{"rendered":"CORTI\u00c7A-BORRACHA 1028 DVGW"},"content":{"rendered":"\n<p>\u00c9 uma corti\u00e7a borracha\/nitrilo utilizada para aplica\u00e7\u00f5es de G\u00e1s natural e GLP. Em conformidade com a norma -DIN 3535-5 \u2013 NP4464\u00a0 -ES 30.1.1, parte 6.1.1.2<\/p>\n\n\n\n<ul class=\"wp-block-list\">\n<li>Faixa de temperatura at\u00e9 125 \u00b0 C<\/li>\n\n\n\n<li>Faixa de tens\u00e3o 4.5 a 20 MPa<\/li>\n\n\n\n<li>A resist\u00eancia \u00e0 compress\u00e3o \u00e9 superior a 70 MPa<\/li>\n\n\n\n<li>Densidade: 750&nbsp;kg \/m3<\/li>\n\n\n\n<li>Dureza: 65&nbsp;shore A<\/li>\n\n\n\n<li>Carga de rutura: 1,5&nbsp;MPa<\/li>\n\n\n\n<li>Alargamento: 40&nbsp;%<\/li>\n<\/ul>\n\n\n\n<p>Este material \u00e9 adequado para utiliza\u00e7\u00e3o com g\u00e1s natural e gases liquefeitos do petr\u00f3leo.<\/p>\n","protected":false},"excerpt":{"rendered":"<p>\u00c9 uma corti\u00e7a borracha\/nitrilo utilizada para aplica\u00e7\u00f5es de G\u00e1s natural e GLP. Em conformidade com a norma -DIN 3535-5 \u2013 NP4464 -ES 30.1.1, parte 6.1.1.2<\/p>\n","protected":false},"author":1,"featured_media":2580,"parent":2199,"menu_order":0,"comment_status":"closed","ping_status":"closed","template":"","meta":{"site-sidebar-layout":"default","site-content-layout":"","ast-site-content-layout":"default","site-content-style":"default","site-sidebar-style":"default","ast-global-header-display":"","ast-banner-title-visibility":"","ast-main-header-display":"","ast-hfb-above-header-display":"","ast-hfb-below-header-display":"","ast-hfb-mobile-header-display":"","site-post-title":"","ast-breadcrumbs-content":"","ast-featured-img":"","footer-sml-layout":"","ast-disable-related-posts":"","theme-transparent-header-meta":"","adv-header-id-meta":"","stick-header-meta":"","header-above-stick-meta":"","header-main-stick-meta":"","header-below-stick-meta":"","astra-migrate-meta-layouts":"default","ast-page-background-enabled":"default","ast-page-background-meta":{"desktop":{"background-color":"var(--ast-global-color-4)","background-image":"","background-repeat":"repeat","background-position":"center center","background-size":"auto","background-attachment":"scroll","background-type":"","background-media":"","overlay-type":"","overlay-color":"","overlay-opacity":"","overlay-gradient":""},"tablet":{"background-color":"","background-image":"","background-repeat":"repeat","background-position":"center center","background-size":"auto","background-attachment":"scroll","background-type":"","background-media":"","overlay-type":"","overlay-color":"","overlay-opacity":"","overlay-gradient":""},"mobile":{"background-color":"","background-image":"","background-repeat":"repeat","background-position":"center center","background-size":"auto","background-attachment":"scroll","background-type":"","background-media":"","overlay-type":"","overlay-color":"","overlay-opacity":"","overlay-gradient":""}},"ast-content-background-meta":{"desktop":{"background-color":"var(--ast-global-color-5)","background-image":"","background-repeat":"repeat","background-position":"center center","background-size":"auto","background-attachment":"scroll","background-type":"","background-media":"","overlay-type":"","overlay-color":"","overlay-opacity":"","overlay-gradient":""},"tablet":{"background-color":"var(--ast-global-color-5)","background-image":"","background-repeat":"repeat","background-position":"center center","background-size":"auto","background-attachment":"scroll","background-type":"","background-media":"","overlay-type":"","overlay-color":"","overlay-opacity":"","overlay-gradient":""},"mobile":{"background-color":"var(--ast-global-color-5)","background-image":"","background-repeat":"repeat","background-position":"center center","background-size":"auto","background-attachment":"scroll","background-type":"","background-media":"","overlay-type":"","overlay-color":"","overlay-opacity":"","overlay-gradient":""}},"footnotes":""},"class_list":["post-2123","page","type-page","status-publish","has-post-thumbnail","hentry"],"_links":{"self":[{"href":"https:\/\/eurojuntas.es\/pt-pt\/wp-json\/wp\/v2\/pages\/2123","targetHints":{"allow":["GET"]}}],"collection":[{"href":"https:\/\/eurojuntas.es\/pt-pt\/wp-json\/wp\/v2\/pages"}],"about":[{"href":"https:\/\/eurojuntas.es\/pt-pt\/wp-json\/wp\/v2\/types\/page"}],"author":[{"embeddable":true,"href":"https:\/\/eurojuntas.es\/pt-pt\/wp-json\/wp\/v2\/users\/1"}],"replies":[{"embeddable":true,"href":"https:\/\/eurojuntas.es\/pt-pt\/wp-json\/wp\/v2\/comments?post=2123"}],"version-history":[{"count":0,"href":"https:\/\/eurojuntas.es\/pt-pt\/wp-json\/wp\/v2\/pages\/2123\/revisions"}],"up":[{"embeddable":true,"href":"https:\/\/eurojuntas.es\/pt-pt\/wp-json\/wp\/v2\/pages\/2199"}],"wp:featuredmedia":[{"embeddable":true,"href":"https:\/\/eurojuntas.es\/pt-pt\/wp-json\/wp\/v2\/media\/2580"}],"wp:attachment":[{"href":"https:\/\/eurojuntas.es\/pt-pt\/wp-json\/wp\/v2\/media?parent=2123"}],"curies":[{"name":"wp","href":"https:\/\/api.w.org\/{rel}","templated":true}]}}