{"id":2129,"date":"2017-05-12T15:04:01","date_gmt":"2017-05-12T13:04:01","guid":{"rendered":"http:\/\/eurojuntas.es\/gurenet\/pt-pt\/?page_id=2129"},"modified":"2023-11-09T14:17:11","modified_gmt":"2023-11-09T12:17:11","slug":"cortica-borracha-1237","status":"publish","type":"page","link":"https:\/\/eurojuntas.es\/pt-pt\/cortica-borracha\/cortica-borracha-1237\/","title":{"rendered":"CORTI\u00c7A-BORRACHA 1237"},"content":{"rendered":"\n<p>Corti\u00e7a misturada com borracha estireno-butadieno (SBR). \u00a0Com baixa press\u00e3o de selagem para aplica\u00e7\u00f5es de pouca carga, sendo adequado para a maioria dos flu\u00eddos de lubrifica\u00e7\u00e3o.<\/p>\n\n\n\n<ul class=\"wp-block-list\">\n<li>Faixa de temperatura de -35\u00baC a 110\u00baC<\/li>\n\n\n\n<li>Faixa de tens\u00e3o 2.0 \u00e0 12 MPa<\/li>\n\n\n\n<li>A resist\u00eancia \u00e0 compress\u00e3o \u00e9 superior a 70 MPa<\/li>\n\n\n\n<li>Densidade: 650&nbsp;kg \/m3<\/li>\n\n\n\n<li>Dureza: 60&nbsp;shore A<\/li>\n\n\n\n<li>Carga de rutura: 1,2&nbsp;MPa<\/li>\n\n\n\n<li>Alargamento:&nbsp;40&nbsp;%<\/li>\n<\/ul>\n\n\n\n<p><\/p>\n","protected":false},"excerpt":{"rendered":"<p>Corti\u00e7a misturada com borracha estireno-butadieno (SBR). Com baixa press\u00e3o de selagem para aplica\u00e7\u00f5es de pouca carga, sendo adequado para a maioria dos flu\u00eddos de lubrifica\u00e7\u00e3o.<\/p>\n","protected":false},"author":1,"featured_media":2582,"parent":2199,"menu_order":0,"comment_status":"closed","ping_status":"closed","template":"","meta":{"site-sidebar-layout":"default","site-content-layout":"","ast-site-content-layout":"default","site-content-style":"default","site-sidebar-style":"default","ast-global-header-display":"","ast-banner-title-visibility":"","ast-main-header-display":"","ast-hfb-above-header-display":"","ast-hfb-below-header-display":"","ast-hfb-mobile-header-display":"","site-post-title":"","ast-breadcrumbs-content":"","ast-featured-img":"","footer-sml-layout":"","ast-disable-related-posts":"","theme-transparent-header-meta":"","adv-header-id-meta":"","stick-header-meta":"","header-above-stick-meta":"","header-main-stick-meta":"","header-below-stick-meta":"","astra-migrate-meta-layouts":"default","ast-page-background-enabled":"default","ast-page-background-meta":{"desktop":{"background-color":"var(--ast-global-color-4)","background-image":"","background-repeat":"repeat","background-position":"center center","background-size":"auto","background-attachment":"scroll","background-type":"","background-media":"","overlay-type":"","overlay-color":"","overlay-opacity":"","overlay-gradient":""},"tablet":{"background-color":"","background-image":"","background-repeat":"repeat","background-position":"center center","background-size":"auto","background-attachment":"scroll","background-type":"","background-media":"","overlay-type":"","overlay-color":"","overlay-opacity":"","overlay-gradient":""},"mobile":{"background-color":"","background-image":"","background-repeat":"repeat","background-position":"center center","background-size":"auto","background-attachment":"scroll","background-type":"","background-media":"","overlay-type":"","overlay-color":"","overlay-opacity":"","overlay-gradient":""}},"ast-content-background-meta":{"desktop":{"background-color":"var(--ast-global-color-5)","background-image":"","background-repeat":"repeat","background-position":"center center","background-size":"auto","background-attachment":"scroll","background-type":"","background-media":"","overlay-type":"","overlay-color":"","overlay-opacity":"","overlay-gradient":""},"tablet":{"background-color":"var(--ast-global-color-5)","background-image":"","background-repeat":"repeat","background-position":"center center","background-size":"auto","background-attachment":"scroll","background-type":"","background-media":"","overlay-type":"","overlay-color":"","overlay-opacity":"","overlay-gradient":""},"mobile":{"background-color":"var(--ast-global-color-5)","background-image":"","background-repeat":"repeat","background-position":"center center","background-size":"auto","background-attachment":"scroll","background-type":"","background-media":"","overlay-type":"","overlay-color":"","overlay-opacity":"","overlay-gradient":""}},"footnotes":""},"class_list":["post-2129","page","type-page","status-publish","has-post-thumbnail","hentry"],"_links":{"self":[{"href":"https:\/\/eurojuntas.es\/pt-pt\/wp-json\/wp\/v2\/pages\/2129","targetHints":{"allow":["GET"]}}],"collection":[{"href":"https:\/\/eurojuntas.es\/pt-pt\/wp-json\/wp\/v2\/pages"}],"about":[{"href":"https:\/\/eurojuntas.es\/pt-pt\/wp-json\/wp\/v2\/types\/page"}],"author":[{"embeddable":true,"href":"https:\/\/eurojuntas.es\/pt-pt\/wp-json\/wp\/v2\/users\/1"}],"replies":[{"embeddable":true,"href":"https:\/\/eurojuntas.es\/pt-pt\/wp-json\/wp\/v2\/comments?post=2129"}],"version-history":[{"count":0,"href":"https:\/\/eurojuntas.es\/pt-pt\/wp-json\/wp\/v2\/pages\/2129\/revisions"}],"up":[{"embeddable":true,"href":"https:\/\/eurojuntas.es\/pt-pt\/wp-json\/wp\/v2\/pages\/2199"}],"wp:featuredmedia":[{"embeddable":true,"href":"https:\/\/eurojuntas.es\/pt-pt\/wp-json\/wp\/v2\/media\/2582"}],"wp:attachment":[{"href":"https:\/\/eurojuntas.es\/pt-pt\/wp-json\/wp\/v2\/media?parent=2129"}],"curies":[{"name":"wp","href":"https:\/\/api.w.org\/{rel}","templated":true}]}}