{"id":2145,"date":"2017-05-12T16:06:08","date_gmt":"2017-05-12T14:06:08","guid":{"rendered":"http:\/\/eurojuntas.es\/gurenet\/pt-pt\/?page_id=2145"},"modified":"2023-11-09T14:18:52","modified_gmt":"2023-11-09T12:18:52","slug":"outro","status":"publish","type":"page","link":"https:\/\/eurojuntas.es\/pt-pt\/isoladores-eletricos\/outro\/","title":{"rendered":"Outro"},"content":{"rendered":"\n<p><strong>KAPTON<\/strong><\/p>\n\n\n\n<p>O pol\u00edmero pl\u00e1stico com a resist\u00eancia t\u00e9rmica mais alta conhecida. Resist\u00eancia t\u00e9rmica cont\u00ednua superior a 240 \u00baC Excelentes propriedades f\u00edsicas.<\/p>\n\n\n\n<p><strong>FIBRA VULCANIZADA<\/strong><\/p>\n\n\n\n<p>\u00c9 um produto de alta resist\u00eancia el\u00e9trica e mec\u00e2nica, para arruelas, placas isolantes resistentes ao arco el\u00e9trico, motores el\u00e9tricos, transformadores e enrolamentos<\/p>\n\n\n\n<p><strong>PRESSPHAN<\/strong><\/p>\n\n\n\n<p>Cart\u00e3o isolante. As suas aplica\u00e7\u00f5es s\u00e3o de isolamento entre capas de transformadores, isolamento em ranhuras de motores e v\u00e1rias pe\u00e7as.<\/p>\n\n\n\n<p><strong>TERCOTT C<\/strong><\/p>\n\n\n\n<p>Cart\u00e3o diel\u00e9trico de fibras duras e altamente resistentes, laminado com pel\u00edcula de poli\u00e9ster. Possui grande rigidez mec\u00e2nica, o que facilita a introdu\u00e7\u00e3o nas ranhuras dos motores, tanto na inser\u00e7\u00e3o manual como autom\u00e1tica.<\/p>\n\n\n\n<p><strong>PEL\u00cdCULA POLI\u00c9STER<\/strong><\/p>\n\n\n\n<p>O poli (terftalato de etileno) pode desempenhar as fun\u00e7\u00f5es mais diversas na industria el\u00e9trica, substituindo os materiais mais grossos.<\/p>\n","protected":false},"excerpt":{"rendered":"<p>V\u00e1rios tipos<\/p>\n","protected":false},"author":1,"featured_media":2827,"parent":2208,"menu_order":3,"comment_status":"closed","ping_status":"closed","template":"","meta":{"site-sidebar-layout":"default","site-content-layout":"","ast-site-content-layout":"default","site-content-style":"default","site-sidebar-style":"default","ast-global-header-display":"","ast-banner-title-visibility":"","ast-main-header-display":"","ast-hfb-above-header-display":"","ast-hfb-below-header-display":"","ast-hfb-mobile-header-display":"","site-post-title":"","ast-breadcrumbs-content":"","ast-featured-img":"","footer-sml-layout":"","ast-disable-related-posts":"","theme-transparent-header-meta":"","adv-header-id-meta":"","stick-header-meta":"","header-above-stick-meta":"","header-main-stick-meta":"","header-below-stick-meta":"","astra-migrate-meta-layouts":"default","ast-page-background-enabled":"default","ast-page-background-meta":{"desktop":{"background-color":"var(--ast-global-color-4)","background-image":"","background-repeat":"repeat","background-position":"center center","background-size":"auto","background-attachment":"scroll","background-type":"","background-media":"","overlay-type":"","overlay-color":"","overlay-opacity":"","overlay-gradient":""},"tablet":{"background-color":"","background-image":"","background-repeat":"repeat","background-position":"center center","background-size":"auto","background-attachment":"scroll","background-type":"","background-media":"","overlay-type":"","overlay-color":"","overlay-opacity":"","overlay-gradient":""},"mobile":{"background-color":"","background-image":"","background-repeat":"repeat","background-position":"center center","background-size":"auto","background-attachment":"scroll","background-type":"","background-media":"","overlay-type":"","overlay-color":"","overlay-opacity":"","overlay-gradient":""}},"ast-content-background-meta":{"desktop":{"background-color":"var(--ast-global-color-5)","background-image":"","background-repeat":"repeat","background-position":"center center","background-size":"auto","background-attachment":"scroll","background-type":"","background-media":"","overlay-type":"","overlay-color":"","overlay-opacity":"","overlay-gradient":""},"tablet":{"background-color":"var(--ast-global-color-5)","background-image":"","background-repeat":"repeat","background-position":"center center","background-size":"auto","background-attachment":"scroll","background-type":"","background-media":"","overlay-type":"","overlay-color":"","overlay-opacity":"","overlay-gradient":""},"mobile":{"background-color":"var(--ast-global-color-5)","background-image":"","background-repeat":"repeat","background-position":"center center","background-size":"auto","background-attachment":"scroll","background-type":"","background-media":"","overlay-type":"","overlay-color":"","overlay-opacity":"","overlay-gradient":""}},"footnotes":""},"class_list":["post-2145","page","type-page","status-publish","has-post-thumbnail","hentry"],"_links":{"self":[{"href":"https:\/\/eurojuntas.es\/pt-pt\/wp-json\/wp\/v2\/pages\/2145","targetHints":{"allow":["GET"]}}],"collection":[{"href":"https:\/\/eurojuntas.es\/pt-pt\/wp-json\/wp\/v2\/pages"}],"about":[{"href":"https:\/\/eurojuntas.es\/pt-pt\/wp-json\/wp\/v2\/types\/page"}],"author":[{"embeddable":true,"href":"https:\/\/eurojuntas.es\/pt-pt\/wp-json\/wp\/v2\/users\/1"}],"replies":[{"embeddable":true,"href":"https:\/\/eurojuntas.es\/pt-pt\/wp-json\/wp\/v2\/comments?post=2145"}],"version-history":[{"count":0,"href":"https:\/\/eurojuntas.es\/pt-pt\/wp-json\/wp\/v2\/pages\/2145\/revisions"}],"up":[{"embeddable":true,"href":"https:\/\/eurojuntas.es\/pt-pt\/wp-json\/wp\/v2\/pages\/2208"}],"wp:featuredmedia":[{"embeddable":true,"href":"https:\/\/eurojuntas.es\/pt-pt\/wp-json\/wp\/v2\/media\/2827"}],"wp:attachment":[{"href":"https:\/\/eurojuntas.es\/pt-pt\/wp-json\/wp\/v2\/media?parent=2145"}],"curies":[{"name":"wp","href":"https:\/\/api.w.org\/{rel}","templated":true}]}}