{"id":2157,"date":"2017-05-15T09:07:11","date_gmt":"2017-05-15T07:07:11","guid":{"rendered":"http:\/\/eurojuntas.es\/gurenet\/pt-pt\/?page_id=2157"},"modified":"2023-11-09T14:25:07","modified_gmt":"2023-11-09T12:25:07","slug":"papel-oleado","status":"publish","type":"page","link":"https:\/\/eurojuntas.es\/pt-pt\/outros\/papel-oleado\/","title":{"rendered":"Papel oleado"},"content":{"rendered":"\n<p>Papel Oil\u00a0comumente chamado\u00a0papel oleado\u00a0, uma folha de material \u00e9 fabricado a partir de celulose primeira qualidade, quimicamente tratada com uma impregna\u00e7\u00e3o escleroprote\u00edna reenchimento sua estrutura fibrosa, e adicionar simultaneamente uma subst\u00e2ncia polh\u00eddricas, a fim de obter um material para\u00a0<a href=\"http:\/\/www.erica.es\/web\/estanqueidad-de-fluidos\/\">a selagem de juntas<\/a>\u00a0flex\u00edveis.<\/p>\n\n\n\n<figure class=\"wp-block-table\"><table><tbody><tr><td><strong>CARACTERISTICA<\/strong><\/td><td><strong>VALOR<\/strong><\/td><td><strong>NORMA<\/strong><\/td><\/tr><tr><td>Densidade<\/td><td>0,76 g\/cm3<\/td><td>DIN 3754<\/td><\/tr><tr><td>Toler\u00e2ncia de espessura<\/td><td>\u00b1 10 %<\/td><td>DIN 3754<\/td><\/tr><tr><td>Temperatura Resist\u00eancia<\/td><td>120 \u00b0C<\/td><td>&nbsp;<\/td><\/tr><tr><td>COMPRESSIBILIDADE<\/td><td>25\u00f740 %<\/td><td>ASTM F-36<\/td><\/tr><tr><td>RECUPERACION<\/td><td>40 %<\/td><td>ASTM F-36<\/td><\/tr><tr><td>Resist\u00eancia \u00e0 tra\u00e7\u00e3o (T)<\/td><td>150 Kp\/cm2<\/td><td>ASTM F-152<\/td><\/tr><tr><td>AUMENTO DA \u00c1GUA<\/td><td>30 %<\/td><td>ASTM F-146<\/td><\/tr><tr><td>INCREM. ESPESSO DE \u00d3LEO ASTM No. 3<\/td><td>5 %<\/td><td>ASTM F-146<\/td><\/tr><tr><td>INCREM. ESPESSURA ASTM COMBUST\u00cdVEL B<\/td><td>5 %<\/td><td>ASTM F-146<\/td><\/tr><tr><td>Aumento&nbsp; peso de agua<\/td><td>90 %<\/td><td>ASTM F-146<\/td><\/tr><tr><td>AUMENTO peso de \u00f3leo ASTM N \u00b0 3<\/td><td>15 %<\/td><td>ASTM F-146<\/td><\/tr><tr><td>AUMENTO DE COMBUST\u00cdVEL DE PESO ASTM B<\/td><td>15 %<\/td><td>ASTM F-146<\/td><\/tr><\/tbody><\/table><\/figure>\n\n\n\n<p><\/p>\n","protected":false},"excerpt":{"rendered":"<p>Papel Oil comumente chamado papel oleado , uma folha de material \u00e9 fabricado a partir de celulose primeira qualidade.<\/p>\n","protected":false},"author":1,"featured_media":2859,"parent":2215,"menu_order":20,"comment_status":"closed","ping_status":"closed","template":"","meta":{"site-sidebar-layout":"default","site-content-layout":"","ast-site-content-layout":"default","site-content-style":"default","site-sidebar-style":"default","ast-global-header-display":"","ast-banner-title-visibility":"","ast-main-header-display":"","ast-hfb-above-header-display":"","ast-hfb-below-header-display":"","ast-hfb-mobile-header-display":"","site-post-title":"","ast-breadcrumbs-content":"","ast-featured-img":"","footer-sml-layout":"","ast-disable-related-posts":"","theme-transparent-header-meta":"","adv-header-id-meta":"","stick-header-meta":"","header-above-stick-meta":"","header-main-stick-meta":"","header-below-stick-meta":"","astra-migrate-meta-layouts":"default","ast-page-background-enabled":"default","ast-page-background-meta":{"desktop":{"background-color":"var(--ast-global-color-4)","background-image":"","background-repeat":"repeat","background-position":"center center","background-size":"auto","background-attachment":"scroll","background-type":"","background-media":"","overlay-type":"","overlay-color":"","overlay-opacity":"","overlay-gradient":""},"tablet":{"background-color":"","background-image":"","background-repeat":"repeat","background-position":"center center","background-size":"auto","background-attachment":"scroll","background-type":"","background-media":"","overlay-type":"","overlay-color":"","overlay-opacity":"","overlay-gradient":""},"mobile":{"background-color":"","background-image":"","background-repeat":"repeat","background-position":"center center","background-size":"auto","background-attachment":"scroll","background-type":"","background-media":"","overlay-type":"","overlay-color":"","overlay-opacity":"","overlay-gradient":""}},"ast-content-background-meta":{"desktop":{"background-color":"var(--ast-global-color-5)","background-image":"","background-repeat":"repeat","background-position":"center center","background-size":"auto","background-attachment":"scroll","background-type":"","background-media":"","overlay-type":"","overlay-color":"","overlay-opacity":"","overlay-gradient":""},"tablet":{"background-color":"var(--ast-global-color-5)","background-image":"","background-repeat":"repeat","background-position":"center center","background-size":"auto","background-attachment":"scroll","background-type":"","background-media":"","overlay-type":"","overlay-color":"","overlay-opacity":"","overlay-gradient":""},"mobile":{"background-color":"var(--ast-global-color-5)","background-image":"","background-repeat":"repeat","background-position":"center center","background-size":"auto","background-attachment":"scroll","background-type":"","background-media":"","overlay-type":"","overlay-color":"","overlay-opacity":"","overlay-gradient":""}},"footnotes":""},"class_list":["post-2157","page","type-page","status-publish","has-post-thumbnail","hentry"],"_links":{"self":[{"href":"https:\/\/eurojuntas.es\/pt-pt\/wp-json\/wp\/v2\/pages\/2157","targetHints":{"allow":["GET"]}}],"collection":[{"href":"https:\/\/eurojuntas.es\/pt-pt\/wp-json\/wp\/v2\/pages"}],"about":[{"href":"https:\/\/eurojuntas.es\/pt-pt\/wp-json\/wp\/v2\/types\/page"}],"author":[{"embeddable":true,"href":"https:\/\/eurojuntas.es\/pt-pt\/wp-json\/wp\/v2\/users\/1"}],"replies":[{"embeddable":true,"href":"https:\/\/eurojuntas.es\/pt-pt\/wp-json\/wp\/v2\/comments?post=2157"}],"version-history":[{"count":0,"href":"https:\/\/eurojuntas.es\/pt-pt\/wp-json\/wp\/v2\/pages\/2157\/revisions"}],"up":[{"embeddable":true,"href":"https:\/\/eurojuntas.es\/pt-pt\/wp-json\/wp\/v2\/pages\/2215"}],"wp:featuredmedia":[{"embeddable":true,"href":"https:\/\/eurojuntas.es\/pt-pt\/wp-json\/wp\/v2\/media\/2859"}],"wp:attachment":[{"href":"https:\/\/eurojuntas.es\/pt-pt\/wp-json\/wp\/v2\/media?parent=2157"}],"curies":[{"name":"wp","href":"https:\/\/api.w.org\/{rel}","templated":true}]}}