{"id":3421,"date":"2023-11-09T14:34:11","date_gmt":"2023-11-09T12:34:11","guid":{"rendered":"https:\/\/eurojuntas.es\/?page_id=3421"},"modified":"2023-11-09T14:34:12","modified_gmt":"2023-11-09T12:34:12","slug":"juntas","status":"publish","type":"page","link":"https:\/\/eurojuntas.es\/pt-pt\/juntas\/","title":{"rendered":"Juntos"},"content":{"rendered":"\n<div class=\"wp-block-columns is-layout-flex wp-container-core-columns-is-layout-28f84493 wp-block-columns-is-layout-flex\">\n<div class=\"wp-block-column is-layout-flow wp-block-column-is-layout-flow\" style=\"flex-basis:66.66%\">\n<p>Como empresa de corte, dispomos de uma maquinaria moderna especializada para o fabrico de juntas padr\u00e3o ou de acordo com o desenho do cliente.<\/p>\n\n\n\n<p>Produzimos veda\u00e7\u00e3o&nbsp; de qualidade em materiais de fibra de aramida com borracha, borrachas, corti\u00e7a, isolantes el\u00e9tricos, etc.<\/p>\n\n\n\n<p>Oferecemos a qualidade que o cliente precisa e a nossa gama de produtos \u00e9 a seguinte:<\/p>\n\n\n\n<ul class=\"wp-block-list\">\n<li>Veda\u00e7\u00e3o&nbsp; para grampos e e uni\u00f5es roscadas.<\/li>\n\n\n\n<li>Veda\u00e7\u00e3o&nbsp; para v\u00e1lvulas, contadores de g\u00e1s.<\/li>\n\n\n\n<li>Veda\u00e7\u00e3o&nbsp; para petroqu\u00edmicas.<\/li>\n\n\n\n<li>Veda\u00e7\u00e3o&nbsp; para compressores.<\/li>\n\n\n\n<li>Veda\u00e7\u00e3o&nbsp; radiador, contadores de \u00e1gua<\/li>\n\n\n\n<li>Veda\u00e7\u00e3o&nbsp; para altas temperaturas<\/li>\n<\/ul>\n<\/div>\n\n\n\n<div class=\"wp-block-column is-layout-flow wp-block-column-is-layout-flow\" style=\"flex-basis:33.33%\"><style>.kb-gallery-id-3421_c29f57-b1 .kadence-blocks-gallery-item .kb-gal-image-radius, .kb-gallery-id-3421_c29f57-b1 .kb-slide-item .kb-gal-image-radius img{border-radius:0px 0px 0px 0px;;}.kb-gallery-wrap-id-3421_c29f57-b1.wp-block-kadence-advancedgallery{overflow:visible;}.kb-gallery-wrap-id-3421_c29f57-b1.wp-block-kadence-advancedgallery .kt-blocks-carousel{overflow:visible;}<\/style><div class=\"kb-gallery-wrap-id-3421_c29f57-b1 alignnone wp-block-kadence-advancedgallery\"><div class=\"kb-gallery-ul kb-gallery-non-static kb-gallery-type-slider kb-gallery-id-3421_c29f57-b1 kb-gallery-caption-style-bottom-hover kb-gallery-filter-none\" data-image-filter=\"none\" data-lightbox-caption=\"true\"><div class=\"kt-blocks-carousel splide kt-carousel-container-dotstyle-none kt-carousel-arrowstyle-whiteondark kt-carousel-dotstyle-none kb-slider-group-arrow kb-slider-arrow-position-center\" data-slider-anim-speed=\"400\" data-slider-scroll=\"1\" data-slider-arrows=\"true\" data-slider-fade=\"true\" data-slider-dots=\"false\" data-slider-type=\"slider\" data-slider-hover-pause=\"false\" data-slider-auto=\"\" data-slider-speed=\"7000\" data-show-pause-button=\"false\"><div class=\"splide__track\"><ul class=\"kt-blocks-carousel-init kb-blocks-slider splide__list\"><li class=\"kb-slide-item kb-gallery-slide-item splide__slide\"><div class=\"kadence-blocks-gallery-item\"><div class=\"kadence-blocks-gallery-item-inner\"><figure class=\"kb-gallery-figure kadence-blocks-gallery-item-hide-caption\"><div class=\"kb-gal-image-radius\"><div class=\"kb-gallery-image-contain kadence-blocks-gallery-intrinsic kb-gallery-image-ratio-land32 kb-has-image-ratio-land32\" ><img loading=\"lazy\" decoding=\"async\" src=\"data:image\/svg+xml,%3Csvg%20xmlns='http:\/\/www.w3.org\/2000\/svg'%20viewBox='0%200%201000%20667'%3E%3C\/svg%3E\"  data-splide-lazy=\"https:\/\/eurojuntas.es\/wp-content\/uploads\/2016\/06\/1.jpg\" width=\"425\" height=\"327\" alt=\"\" data-full-image=\"https:\/\/eurojuntas.es\/wp-content\/uploads\/2016\/06\/1.jpg\" data-light-image=\"https:\/\/eurojuntas.es\/wp-content\/uploads\/2016\/06\/1.jpg\" data-splide-lazy-srcset=\"https:\/\/eurojuntas.es\/wp-content\/uploads\/2016\/06\/1.jpg 425w, https:\/\/eurojuntas.es\/wp-content\/uploads\/2016\/06\/1-351x270.jpg 351w\" sizes=\"auto, (max-width: 425px) 100vw, 425px\"data-id=\"1538\" class=\"wp-image-1538 skip-lazy\"\/><\/div><\/div><\/figure><\/div><\/div><\/li><li class=\"kb-slide-item kb-gallery-slide-item splide__slide\"><div class=\"kadence-blocks-gallery-item\"><div class=\"kadence-blocks-gallery-item-inner\"><figure class=\"kb-gallery-figure kadence-blocks-gallery-item-hide-caption\"><div class=\"kb-gal-image-radius\"><div class=\"kb-gallery-image-contain kadence-blocks-gallery-intrinsic kb-gallery-image-ratio-land32 kb-has-image-ratio-land32\" ><img loading=\"lazy\" decoding=\"async\" src=\"data:image\/svg+xml,%3Csvg%20xmlns='http:\/\/www.w3.org\/2000\/svg'%20viewBox='0%200%201000%20667'%3E%3C\/svg%3E\"  data-splide-lazy=\"https:\/\/eurojuntas.es\/wp-content\/uploads\/2016\/06\/2.jpg\" width=\"886\" height=\"837\" alt=\"\" data-full-image=\"https:\/\/eurojuntas.es\/wp-content\/uploads\/2016\/06\/2.jpg\" data-light-image=\"https:\/\/eurojuntas.es\/wp-content\/uploads\/2016\/06\/2.jpg\" data-splide-lazy-srcset=\"https:\/\/eurojuntas.es\/wp-content\/uploads\/2016\/06\/2.jpg 886w, https:\/\/eurojuntas.es\/wp-content\/uploads\/2016\/06\/2-480x453.jpg 480w, https:\/\/eurojuntas.es\/wp-content\/uploads\/2016\/06\/2-768x726.jpg 768w, https:\/\/eurojuntas.es\/wp-content\/uploads\/2016\/06\/2-286x270.jpg 286w, https:\/\/eurojuntas.es\/wp-content\/uploads\/2016\/06\/2-780x737.jpg 780w, https:\/\/eurojuntas.es\/wp-content\/uploads\/2016\/06\/2-465x439.jpg 465w, https:\/\/eurojuntas.es\/wp-content\/uploads\/2016\/06\/2-715x675.jpg 715w, https:\/\/eurojuntas.es\/wp-content\/uploads\/2016\/06\/2-880x831.jpg 880w\" sizes=\"auto, (max-width: 886px) 100vw, 886px\"data-id=\"1539\" class=\"wp-image-1539 skip-lazy\"\/><\/div><\/div><\/figure><\/div><\/div><\/li><li class=\"kb-slide-item kb-gallery-slide-item splide__slide\"><div class=\"kadence-blocks-gallery-item\"><div class=\"kadence-blocks-gallery-item-inner\"><figure class=\"kb-gallery-figure kadence-blocks-gallery-item-hide-caption\"><div class=\"kb-gal-image-radius\"><div class=\"kb-gallery-image-contain kadence-blocks-gallery-intrinsic kb-gallery-image-ratio-land32 kb-has-image-ratio-land32\" ><img loading=\"lazy\" decoding=\"async\" src=\"data:image\/svg+xml,%3Csvg%20xmlns='http:\/\/www.w3.org\/2000\/svg'%20viewBox='0%200%201000%20667'%3E%3C\/svg%3E\"  data-splide-lazy=\"https:\/\/eurojuntas.es\/wp-content\/uploads\/2016\/06\/3.jpg\" width=\"425\" height=\"425\" alt=\"\" data-full-image=\"https:\/\/eurojuntas.es\/wp-content\/uploads\/2016\/06\/3.jpg\" data-light-image=\"https:\/\/eurojuntas.es\/wp-content\/uploads\/2016\/06\/3.jpg\" data-splide-lazy-srcset=\"https:\/\/eurojuntas.es\/wp-content\/uploads\/2016\/06\/3.jpg 425w, https:\/\/eurojuntas.es\/wp-content\/uploads\/2016\/06\/3-150x150.jpg 150w, https:\/\/eurojuntas.es\/wp-content\/uploads\/2016\/06\/3-120x120.jpg 120w, https:\/\/eurojuntas.es\/wp-content\/uploads\/2016\/06\/3-270x270.jpg 270w\" sizes=\"auto, (max-width: 425px) 100vw, 425px\"data-id=\"1540\" class=\"wp-image-1540 skip-lazy\"\/><\/div><\/div><\/figure><\/div><\/div><\/li><li class=\"kb-slide-item kb-gallery-slide-item splide__slide\"><div class=\"kadence-blocks-gallery-item\"><div class=\"kadence-blocks-gallery-item-inner\"><figure class=\"kb-gallery-figure kadence-blocks-gallery-item-hide-caption\"><div class=\"kb-gal-image-radius\"><div class=\"kb-gallery-image-contain kadence-blocks-gallery-intrinsic kb-gallery-image-ratio-land32 kb-has-image-ratio-land32\" ><img loading=\"lazy\" decoding=\"async\" src=\"data:image\/svg+xml,%3Csvg%20xmlns='http:\/\/www.w3.org\/2000\/svg'%20viewBox='0%200%201000%20667'%3E%3C\/svg%3E\"  data-splide-lazy=\"https:\/\/eurojuntas.es\/wp-content\/uploads\/2016\/06\/4.jpg\" width=\"425\" height=\"372\" alt=\"\" data-full-image=\"https:\/\/eurojuntas.es\/wp-content\/uploads\/2016\/06\/4.jpg\" data-light-image=\"https:\/\/eurojuntas.es\/wp-content\/uploads\/2016\/06\/4.jpg\" data-splide-lazy-srcset=\"https:\/\/eurojuntas.es\/wp-content\/uploads\/2016\/06\/4.jpg 425w, https:\/\/eurojuntas.es\/wp-content\/uploads\/2016\/06\/4-308x270.jpg 308w\" sizes=\"auto, (max-width: 425px) 100vw, 425px\"data-id=\"1541\" class=\"wp-image-1541 skip-lazy\"\/><\/div><\/div><\/figure><\/div><\/div><\/li><li class=\"kb-slide-item kb-gallery-slide-item splide__slide\"><div class=\"kadence-blocks-gallery-item\"><div class=\"kadence-blocks-gallery-item-inner\"><figure class=\"kb-gallery-figure kadence-blocks-gallery-item-hide-caption\"><div class=\"kb-gal-image-radius\"><div class=\"kb-gallery-image-contain kadence-blocks-gallery-intrinsic kb-gallery-image-ratio-land32 kb-has-image-ratio-land32\" ><img loading=\"lazy\" decoding=\"async\" src=\"data:image\/svg+xml,%3Csvg%20xmlns='http:\/\/www.w3.org\/2000\/svg'%20viewBox='0%200%201000%20667'%3E%3C\/svg%3E\"  data-splide-lazy=\"https:\/\/eurojuntas.es\/wp-content\/uploads\/2016\/06\/5.jpg\" width=\"1181\" height=\"929\" alt=\"\" data-full-image=\"https:\/\/eurojuntas.es\/wp-content\/uploads\/2016\/06\/5.jpg\" data-light-image=\"https:\/\/eurojuntas.es\/wp-content\/uploads\/2016\/06\/5.jpg\" data-splide-lazy-srcset=\"https:\/\/eurojuntas.es\/wp-content\/uploads\/2016\/06\/5.jpg 1181w, https:\/\/eurojuntas.es\/wp-content\/uploads\/2016\/06\/5-480x378.jpg 480w, https:\/\/eurojuntas.es\/wp-content\/uploads\/2016\/06\/5-768x604.jpg 768w, https:\/\/eurojuntas.es\/wp-content\/uploads\/2016\/06\/5-343x270.jpg 343w, https:\/\/eurojuntas.es\/wp-content\/uploads\/2016\/06\/5-780x614.jpg 780w, https:\/\/eurojuntas.es\/wp-content\/uploads\/2016\/06\/5-558x439.jpg 558w, https:\/\/eurojuntas.es\/wp-content\/uploads\/2016\/06\/5-858x675.jpg 858w, https:\/\/eurojuntas.es\/wp-content\/uploads\/2016\/06\/5-880x692.jpg 880w\" sizes=\"auto, (max-width: 1181px) 100vw, 1181px\"data-id=\"1542\" class=\"wp-image-1542 skip-lazy\"\/><\/div><\/div><\/figure><\/div><\/div><\/li><li class=\"kb-slide-item kb-gallery-slide-item splide__slide\"><div class=\"kadence-blocks-gallery-item\"><div class=\"kadence-blocks-gallery-item-inner\"><figure class=\"kb-gallery-figure kadence-blocks-gallery-item-hide-caption\"><div class=\"kb-gal-image-radius\"><div class=\"kb-gallery-image-contain kadence-blocks-gallery-intrinsic kb-gallery-image-ratio-land32 kb-has-image-ratio-land32\" ><img loading=\"lazy\" decoding=\"async\" src=\"data:image\/svg+xml,%3Csvg%20xmlns='http:\/\/www.w3.org\/2000\/svg'%20viewBox='0%200%201000%20667'%3E%3C\/svg%3E\"  data-splide-lazy=\"https:\/\/eurojuntas.es\/wp-content\/uploads\/2016\/06\/6.jpg\" width=\"425\" height=\"366\" alt=\"\" data-full-image=\"https:\/\/eurojuntas.es\/wp-content\/uploads\/2016\/06\/6.jpg\" data-light-image=\"https:\/\/eurojuntas.es\/wp-content\/uploads\/2016\/06\/6.jpg\" data-splide-lazy-srcset=\"https:\/\/eurojuntas.es\/wp-content\/uploads\/2016\/06\/6.jpg 425w, https:\/\/eurojuntas.es\/wp-content\/uploads\/2016\/06\/6-314x270.jpg 314w\" sizes=\"auto, (max-width: 425px) 100vw, 425px\"data-id=\"1543\" class=\"wp-image-1543 skip-lazy\"\/><\/div><\/div><\/figure><\/div><\/div><\/li><li class=\"kb-slide-item kb-gallery-slide-item splide__slide\"><div class=\"kadence-blocks-gallery-item\"><div class=\"kadence-blocks-gallery-item-inner\"><figure class=\"kb-gallery-figure kadence-blocks-gallery-item-hide-caption\"><div class=\"kb-gal-image-radius\"><div class=\"kb-gallery-image-contain kadence-blocks-gallery-intrinsic kb-gallery-image-ratio-land32 kb-has-image-ratio-land32\" ><img loading=\"lazy\" decoding=\"async\" src=\"data:image\/svg+xml,%3Csvg%20xmlns='http:\/\/www.w3.org\/2000\/svg'%20viewBox='0%200%201000%20667'%3E%3C\/svg%3E\"  data-splide-lazy=\"https:\/\/eurojuntas.es\/wp-content\/uploads\/2016\/06\/8.jpg\" width=\"425\" height=\"392\" alt=\"\" data-full-image=\"https:\/\/eurojuntas.es\/wp-content\/uploads\/2016\/06\/8.jpg\" data-light-image=\"https:\/\/eurojuntas.es\/wp-content\/uploads\/2016\/06\/8.jpg\" data-splide-lazy-srcset=\"https:\/\/eurojuntas.es\/wp-content\/uploads\/2016\/06\/8.jpg 425w, https:\/\/eurojuntas.es\/wp-content\/uploads\/2016\/06\/8-293x270.jpg 293w\" sizes=\"auto, (max-width: 425px) 100vw, 425px\"data-id=\"1545\" class=\"wp-image-1545 skip-lazy\"\/><\/div><\/div><\/figure><\/div><\/div><\/li><li class=\"kb-slide-item kb-gallery-slide-item splide__slide\"><div class=\"kadence-blocks-gallery-item\"><div class=\"kadence-blocks-gallery-item-inner\"><figure class=\"kb-gallery-figure kadence-blocks-gallery-item-hide-caption\"><div class=\"kb-gal-image-radius\"><div class=\"kb-gallery-image-contain kadence-blocks-gallery-intrinsic kb-gallery-image-ratio-land32 kb-has-image-ratio-land32\" ><img loading=\"lazy\" decoding=\"async\" src=\"data:image\/svg+xml,%3Csvg%20xmlns='http:\/\/www.w3.org\/2000\/svg'%20viewBox='0%200%201000%20667'%3E%3C\/svg%3E\"  data-splide-lazy=\"https:\/\/eurojuntas.es\/wp-content\/uploads\/2016\/06\/9.jpg\" width=\"425\" height=\"398\" alt=\"\" data-full-image=\"https:\/\/eurojuntas.es\/wp-content\/uploads\/2016\/06\/9.jpg\" data-light-image=\"https:\/\/eurojuntas.es\/wp-content\/uploads\/2016\/06\/9.jpg\" data-splide-lazy-srcset=\"https:\/\/eurojuntas.es\/wp-content\/uploads\/2016\/06\/9.jpg 425w, https:\/\/eurojuntas.es\/wp-content\/uploads\/2016\/06\/9-288x270.jpg 288w\" sizes=\"auto, (max-width: 425px) 100vw, 425px\"data-id=\"1546\" class=\"wp-image-1546 skip-lazy\"\/><\/div><\/div><\/figure><\/div><\/div><\/li><\/ul><\/div><\/div><\/div><\/div><\/div>\n<\/div>\n","protected":false},"excerpt":{"rendered":"<p>Como empresa de corte, dispomos de uma maquinaria moderna especializada para o fabrico de juntas padr\u00e3o ou de acordo com o desenho do cliente. Produzimos veda\u00e7\u00e3o&nbsp; de qualidade em materiais de fibra de aramida com borracha, borrachas, corti\u00e7a, isolantes el\u00e9tricos, etc. Oferecemos a qualidade que o cliente precisa e a nossa gama de produtos \u00e9 [&hellip;]<\/p>\n","protected":false},"author":1,"featured_media":2899,"parent":0,"menu_order":10,"comment_status":"closed","ping_status":"closed","template":"page-template-product-cat.php","meta":{"site-sidebar-layout":"default","site-content-layout":"","ast-site-content-layout":"default","site-content-style":"default","site-sidebar-style":"default","ast-global-header-display":"","ast-banner-title-visibility":"","ast-main-header-display":"","ast-hfb-above-header-display":"","ast-hfb-below-header-display":"","ast-hfb-mobile-header-display":"","site-post-title":"","ast-breadcrumbs-content":"","ast-featured-img":"","footer-sml-layout":"","ast-disable-related-posts":"","theme-transparent-header-meta":"","adv-header-id-meta":"","stick-header-meta":"","header-above-stick-meta":"","header-main-stick-meta":"","header-below-stick-meta":"","astra-migrate-meta-layouts":"default","ast-page-background-enabled":"default","ast-page-background-meta":{"desktop":{"background-color":"var(--ast-global-color-4)","background-image":"","background-repeat":"repeat","background-position":"center center","background-size":"auto","background-attachment":"scroll","background-type":"","background-media":"","overlay-type":"","overlay-color":"","overlay-opacity":"","overlay-gradient":""},"tablet":{"background-color":"","background-image":"","background-repeat":"repeat","background-position":"center center","background-size":"auto","background-attachment":"scroll","background-type":"","background-media":"","overlay-type":"","overlay-color":"","overlay-opacity":"","overlay-gradient":""},"mobile":{"background-color":"","background-image":"","background-repeat":"repeat","background-position":"center center","background-size":"auto","background-attachment":"scroll","background-type":"","background-media":"","overlay-type":"","overlay-color":"","overlay-opacity":"","overlay-gradient":""}},"ast-content-background-meta":{"desktop":{"background-color":"var(--ast-global-color-5)","background-image":"","background-repeat":"repeat","background-position":"center center","background-size":"auto","background-attachment":"scroll","background-type":"","background-media":"","overlay-type":"","overlay-color":"","overlay-opacity":"","overlay-gradient":""},"tablet":{"background-color":"var(--ast-global-color-5)","background-image":"","background-repeat":"repeat","background-position":"center center","background-size":"auto","background-attachment":"scroll","background-type":"","background-media":"","overlay-type":"","overlay-color":"","overlay-opacity":"","overlay-gradient":""},"mobile":{"background-color":"var(--ast-global-color-5)","background-image":"","background-repeat":"repeat","background-position":"center center","background-size":"auto","background-attachment":"scroll","background-type":"","background-media":"","overlay-type":"","overlay-color":"","overlay-opacity":"","overlay-gradient":""}},"footnotes":""},"class_list":["post-3421","page","type-page","status-publish","has-post-thumbnail","hentry"],"_links":{"self":[{"href":"https:\/\/eurojuntas.es\/pt-pt\/wp-json\/wp\/v2\/pages\/3421","targetHints":{"allow":["GET"]}}],"collection":[{"href":"https:\/\/eurojuntas.es\/pt-pt\/wp-json\/wp\/v2\/pages"}],"about":[{"href":"https:\/\/eurojuntas.es\/pt-pt\/wp-json\/wp\/v2\/types\/page"}],"author":[{"embeddable":true,"href":"https:\/\/eurojuntas.es\/pt-pt\/wp-json\/wp\/v2\/users\/1"}],"replies":[{"embeddable":true,"href":"https:\/\/eurojuntas.es\/pt-pt\/wp-json\/wp\/v2\/comments?post=3421"}],"version-history":[{"count":0,"href":"https:\/\/eurojuntas.es\/pt-pt\/wp-json\/wp\/v2\/pages\/3421\/revisions"}],"wp:featuredmedia":[{"embeddable":true,"href":"https:\/\/eurojuntas.es\/pt-pt\/wp-json\/wp\/v2\/media\/2899"}],"wp:attachment":[{"href":"https:\/\/eurojuntas.es\/pt-pt\/wp-json\/wp\/v2\/media?parent=3421"}],"curies":[{"name":"wp","href":"https:\/\/api.w.org\/{rel}","templated":true}]}}